{"id":26,"date":"2024-03-27T19:02:05","date_gmt":"2024-03-27T19:02:05","guid":{"rendered":"https:\/\/asicasa-design.ro\/?page_id=26"},"modified":"2024-03-27T19:03:44","modified_gmt":"2024-03-27T19:03:44","slug":"ruckgaberecht","status":"publish","type":"page","link":"https:\/\/asicasa-design.ro\/de\/ruckgaberecht\/","title":{"rendered":"R\u00fcckgaberecht"},"content":{"rendered":"<h3>Kehrt zur\u00fcck<\/h3>\n<p>Gem\u00e4\u00df der Dringlichkeitsverordnung Nr. 34\/2014 \u00fcber Verbraucherrechte bei Fernabsatzvertr\u00e4gen: \u201eDer Verbraucher hat das Recht, von diesem Vertrag zur\u00fcckzutreten, ohne dass ihm daf\u00fcr andere als die in Art. 13 Abs. 3 genannten Kosten entstehen der GEO Nr. 34\/2014, innerhalb von 14 Tagen ab dem Tag, an dem sie das Produkt physisch in Besitz genommen haben. Die R\u00fccksendekosten tr\u00e4gt der Verbraucher.<\/p>\n<h3>R\u00fcckgaberecht<\/h3>\n<p>Die nachstehenden R\u00fcckgabebedingungen gelten ausschlie\u00dflich f\u00fcr online bestellte und per Kurier gelieferte Produkte.<\/p>\n<p>Es wird empfohlen, die Produkte in der Originalverpackung zur\u00fcckzusenden. Sie m\u00fcssen im gleichen Zustand sein, wie sie erhalten wurden. Produkte, die Gebrauchsspuren aufweisen, bei denen nicht alle Zubeh\u00f6rteile und Etiketten intakt sind und die nicht zusammen mit allen begleitenden Dokumenten vorgelegt werden, k\u00f6nnen nicht zur\u00fcckgegeben werden: die Rechnung (eine Kopie wird vorgelegt), die Quittung des Kurier (eine Kopie wird vorgelegt), Garantiezertifikat, Bedienungsanleitung (falls vorhanden). Produkte, die k\u00f6rperliche Ver\u00e4nderungen, Gebrauchsspuren oder unerlaubte Eingriffe aufweisen, so dass der urspr\u00fcngliche Zustand des Gegenstandes durch Reparatur und Minderung des Entgelts nicht mehr wiederhergestellt werden kann, werden nicht zur R\u00fccknahme angenommen. Produkte mit Unebenheiten, Chips, Kratzern oder anderen M\u00e4ngeln \u00e4u\u00dferlicher Art, die nicht als \u00e4sthetische M\u00e4ngel gekennzeichnet sind, innerhalb der ersten 48 Stunden nach Erhalt des Produkts schriftlich zusammen mit Fotos an die E-Mail-Adresse info@asicasa-design.ro werden nicht zur R\u00fcckgabe angenommen.<\/p>\n<p>Das R\u00fcckgaberecht erlischt auch, wenn das Produkt unsachgem\u00e4\u00df gewartet wurde oder dem Eingriff Unbefugter ausgesetzt war oder wenn das Produkt f\u00fcr andere Zwecke verwendet wurde als f\u00fcr die, f\u00fcr die es gebaut wurde (z. B. Einsatz unter extremen Bedingungen, Wettbewerb, usw.).<\/p>\n<p>Sollten eine oder mehrere Komponenten des Produkts Abnutzungserscheinungen, Kratzer, St\u00f6\u00dfe oder andere M\u00e4ngel \u00e4u\u00dferer Art aufweisen, beh\u00e4lt sich Asi casa design SRL das gesetzliche Recht vor, die R\u00fccksendung mit einer Minderung des Wertes der jeweiligen Komponenten anzunehmen.<\/p>\n<p>S\u00e4mtliche Versandkosten gehen zu Lasten des Kunden.<\/p>\n<p>Wenn die R\u00fccksendung die Bedingungen erf\u00fcllt, erstatten wir das Geld auf das von Ihnen im R\u00fccksendeformular angegebene Konto bzw. auf die Karte, wenn Sie mit Karte bezahlt haben. Das Geld wird sp\u00e4testens 14 Kalendertage nach Erhalt des Produkts auf dem Konto Ihrer Karte sichtbar sein. Bankgeb\u00fchren im Zusammenhang mit Geld\u00fcberweisungen, einschlie\u00dflich Kartenzahlung oder Ratenzahlung, gehen zu Lasten des Kunden und werden vom R\u00fcckerstattungsbetrag abgezogen.<\/p>","protected":false},"excerpt":{"rendered":"<p>Returnarea Conform Ordonan\u021bei de Urgenta Nr. 34\/2014 privind drepturile consumatorilor \u00een cadrul contractelor \u00eencheiate la distan\u021b\u0103: \u2018Consumatorul are dreptul de<\/p>","protected":false},"author":1,"featured_media":0,"parent":0,"menu_order":0,"comment_status":"closed","ping_status":"closed","template":"","meta":{"footnotes":""},"class_list":["post-26","page","type-page","status-publish","hentry"],"_links":{"self":[{"href":"https:\/\/asicasa-design.ro\/de\/wp-json\/wp\/v2\/pages\/26","targetHints":{"allow":["GET"]}}],"collection":[{"href":"https:\/\/asicasa-design.ro\/de\/wp-json\/wp\/v2\/pages"}],"about":[{"href":"https:\/\/asicasa-design.ro\/de\/wp-json\/wp\/v2\/types\/page"}],"author":[{"embeddable":true,"href":"https:\/\/asicasa-design.ro\/de\/wp-json\/wp\/v2\/users\/1"}],"replies":[{"embeddable":true,"href":"https:\/\/asicasa-design.ro\/de\/wp-json\/wp\/v2\/comments?post=26"}],"version-history":[{"count":1,"href":"https:\/\/asicasa-design.ro\/de\/wp-json\/wp\/v2\/pages\/26\/revisions"}],"predecessor-version":[{"id":594,"href":"https:\/\/asicasa-design.ro\/de\/wp-json\/wp\/v2\/pages\/26\/revisions\/594"}],"wp:attachment":[{"href":"https:\/\/asicasa-design.ro\/de\/wp-json\/wp\/v2\/media?parent=26"}],"curies":[{"name":"wp","href":"https:\/\/api.w.org\/{rel}","templated":true}]}}