{"id":384,"date":"2023-06-06T11:00:13","date_gmt":"2023-06-06T11:00:13","guid":{"rendered":"https:\/\/dummy.xtemos.com\/woodmart2\/furniture2\/?page_id=18"},"modified":"2025-12-02T08:53:54","modified_gmt":"2025-12-02T08:53:54","slug":"uber-uns","status":"publish","type":"page","link":"https:\/\/asicasa-design.ro\/de\/uber-uns\/","title":{"rendered":"\u00dcber uns"},"content":{"rendered":"<div class=\"wpb-content-wrapper\"><div class=\"vc_row wpb_row vc_row-fluid vc_row-o-content-middle vc_row-flex row-reverse-mobile row-reverse-tablet wd-rs-66b4de84cf2ec\"><div class=\"wpb_column vc_column_container vc_col-sm-12 vc_col-lg-8 vc_col-md-6 wd-rs-6437f9c6ef9c8\"><div class=\"vc_column-inner\"><div class=\"wpb_wrapper\">\t\t<div id=\"gallery_347\" class=\"wd-images-gallery wd-wpb wd-rs-66058658f38e9 vc_custom_1711638122462\" style=\"--wd-justify-content:center;--wd-align-items:center;\">\n\t\t\t\n\t\t\t<div class=\"wd-grid-g\" style=\"--wd-col-lg:2;--wd-col-md:2;--wd-col-sm:2;--wd-gap-lg:20px;--wd-gap-sm:10px;\">\n\t\t\t\t\n\t\t\t\t\t\t\t\t\t\t\t\t\t\t\t<div class=\"wd-gallery-item wd-col\">\n\t\t\t\t\t\t\t\n\t\t\t\t\t\t\t\t<img loading=\"lazy\" decoding=\"async\" width=\"460\" height=\"520\" src=\"data:image\/png;base64,iVBORw0KGgoAAAANSUhEUgAAAAoAAAAMCAMAAABstdySAAABZVBMVEWWjoioo52knJaUiH6GdGZ1XktlSjNYOB9SMBVKKhFYQCxgSDVeQy5UMxhVMxdWNBhZNhtcOR1WNBtMKxFTMhdYNhxdOyFfPSVjQCdmQypsSC53VDxuTjpOLhhWNiJgQC1pSjhuTz13VUB+W0SHZU6QcF2DZVV0YFB8aVuBaVt\/Y1OJbVuSdF+YeWKef2iihXKQdGSUmI2WmZCWiX6Jb16Rd2SYfWqaf2ucgGyjh3WTd2WqrqKtr6Scj4R1WUl2VTyJbVmNgn+dl5eso6KSeGjFxLnGxbuml4t\/ZFSPdVuNdWaJlqZql7x\/nLeSf3Xf3dzh39\/a1tTSzMnU0c2mtsNlkLOctMe4ydnR1ty1tbe2tri3treur7OOqcNyoMuKoLbR0dLO1Nu9v8OEjZWGkJeGjpR+hYt5jJpxlrV5m7eNqsOovtK0rqynwtKivc6UsMGCnq17l6eAna6YssS2y9rO3+rY4+tnC9H9AAAAiklEQVQI1wXBAwICARAAwM2uy7Zt27Ztm+9vBgCFxmBxeAKRBGQKlUZnIAiTBWwOl8cXCEViCUhlcoVSpdZodaA3GE1mi9Vmd4DT5fZ4ff5AMAThSDQWTyRT6Qxkc\/lCsVSuVGtQbzRb7U631x\/AcDSeTGfzxXIF6812tz8cT+cLXG\/3x\/P1\/nx\/f7BqG35Eo5NTAAAAAElFTkSuQmCC\" class=\"wd-gallery-image image-1 wd-lazy-load wd-lazy-fade\" alt=\"\" srcset=\"\" sizes=\"auto, (max-width: 460px) 100vw, 460px\" data-wood-src=\"https:\/\/asicasa-design.ro\/wp-content\/uploads\/2024\/03\/aboust-us-banner-01.png\" data-srcset=\"https:\/\/asicasa-design.ro\/wp-content\/uploads\/2024\/03\/aboust-us-banner-01.png 460w, https:\/\/asicasa-design.ro\/wp-content\/uploads\/2024\/03\/aboust-us-banner-01-150x170.png 150w, https:\/\/asicasa-design.ro\/wp-content\/uploads\/2024\/03\/aboust-us-banner-01-265x300.png 265w, https:\/\/asicasa-design.ro\/wp-content\/uploads\/2024\/03\/aboust-us-banner-01-11x12.png 11w\" \/>\n\t\t\t\t\t\t\t\t\t\t\t\t\t\t<\/div>\n\t\t\t\t\t\t\t\t\t\t\t<div class=\"wd-gallery-item wd-col\">\n\t\t\t\t\t\t\t\n\t\t\t\t\t\t\t\t<img loading=\"lazy\" decoding=\"async\" width=\"460\" height=\"520\" src=\"data:image\/png;base64,iVBORw0KGgoAAAANSUhEUgAAAAoAAAAMCAMAAABstdySAAABZVBMVEW2dki1dEWraj2yckSrdE2RZEqfXTiiXjWFSChjMh66fE+3d0m3eUu2glq5k3i3mIaodlqgYDyLTS1oOie8gFK6fU24fk7AqZjd2dfd2tfUz8ukd1yOVjSAX0u+hFS9hFO5gFDItaXn5uXl5eXg3t2pf2SRWjeEX0nAiVrAh1i4gVTKsZ3nzbzBu7fRx8KrgWaSWzqBWkO8gFO7flC5f1LIs6Pn4d3b29vZ2NenfGKRVzZ\/WEC2eUuvc0Wvc0fEsKLn5+fg396lel+QVzR8VD2AXT1YMh1\/RyqhfGe3nY64no60mYihbk6MUzFoQCw8JRo8HRJzOySYWjmjZkKoaUSpaUKjYjyNUTJoOCM2IBY5HBFpMxyERimcWzmfXjufXjmdWjaHSyxhMyAxHhQ1Gg9hLhl6PiSKTS6NTzGUVDKRUC53QSVFIxYtHBMqFQ1IIxVZLRtiNCBnOCJqOCJnNiBPKRgZDgml0b2dAAAAiklEQVQI1wXBAwICARAAwM22bduuy7Ztm+9vBgCFxmBxeAKRBGQKlUZnMFlsDnB5fIFQJJZIZSBXKFVqjVanN4DRZLZYbXaH0wVuj9fnDwRD4QhEY\/EEgiRT6Qxkc\/lCsVSuVGtQbzRb7U631x\/AcDSeTGfzxXIF6812tz8cT+cLXG\/3x\/P1\/nx\/f8C1G67N8BFjAAAAAElFTkSuQmCC\" class=\"wd-gallery-image image-2 wd-lazy-load wd-lazy-fade\" alt=\"\" srcset=\"\" sizes=\"auto, (max-width: 460px) 100vw, 460px\" data-wood-src=\"https:\/\/asicasa-design.ro\/wp-content\/uploads\/2024\/03\/aboust-us-banner-04.png\" data-srcset=\"https:\/\/asicasa-design.ro\/wp-content\/uploads\/2024\/03\/aboust-us-banner-04.png 460w, https:\/\/asicasa-design.ro\/wp-content\/uploads\/2024\/03\/aboust-us-banner-04-150x170.png 150w, https:\/\/asicasa-design.ro\/wp-content\/uploads\/2024\/03\/aboust-us-banner-04-265x300.png 265w, https:\/\/asicasa-design.ro\/wp-content\/uploads\/2024\/03\/aboust-us-banner-04-11x12.png 11w\" \/>\n\t\t\t\t\t\t\t\t\t\t\t\t\t\t<\/div>\n\t\t\t\t\t\t\t\t\t\n\t\t\t\t\t\t\t<\/div>\n\n\t\t\t\t\t<\/div>\n\t\t<\/div><\/div><\/div><div class=\"wpb_column vc_column_container vc_col-sm-12 vc_col-lg-4 vc_col-md-6 wd-rs-6437f9cfc23d6\"><div class=\"vc_column-inner\"><div class=\"wpb_wrapper\">\n\t\t<div id=\"wd-65feafd4e75bb\" class=\"title-wrapper wd-wpb set-mb-s reset-last-child  wd-rs-65feafd4e75bb wd-title-color-default wd-title-style-default text-left vc_custom_1711190101411 wd-underline-colored\">\n\t\t\t\n\t\t\t<div class=\"liner-continer\">\n\t\t\t\t<h4 class=\"woodmart-title-container title  wd-font-weight- wd-fontsize-xxl\" >Wer sind wir?<\/h4>\n\t\t\t\t\t\t\t<\/div>\n\t\t\t\n\t\t\t\n\t\t\t\n\t\t<\/div>\n\t\t\n\t\t\t\t<div id=\"wd-692ea602675a8\" class=\"wd-text-block wd-wpb reset-last-child wd-rs-692ea602675a8 text-left vc_custom_1764665051875\">\n\t\t\t<p>Asi Casa Design SRL wurde 2024 gegr\u00fcndet, hat seinen Hauptsitz in Constan\u021ba, Rum\u00e4nien, und begann seine T\u00e4tigkeit \u00fcber die mehrsprachige Plattform. <a title=\"http:\/\/www.asicasa-design.ro\" href=\"https:\/\/asicasa-design.ro\/de\/\"><u>www.asicasa-design.ro<\/u><\/a>. Das Ziel des Unternehmens war von Anfang an, international dekorative Produkte f\u00fcr den Baubereich anzubieten, die hohen Standards entsprechen und modernen Projekten einen \u00e4sthetischen und funktionalen Mehrwert verleihen.<\/p>\n<p>Unser Unternehmen trat mit folgender Bezeichnung in den Markt ein: <b>dekorative Polystyrolplatten<\/b> Und <b>Fassadenprofile<\/b>, und erweiterte sp\u00e4ter sein Portfolio um <b>Polymer-Wandpaneele<\/b>, <b>PVC-Paneele<\/b> und weitere Dekorationselemente f\u00fcr die Innen- und Au\u00dfengestaltung. Die F\u00e4higkeit, die Marktdynamik richtig zu interpretieren, hat es uns erm\u00f6glicht, unser Angebot zu erweitern und <b>Pergola-Systeme<\/b>, <b>Guillotine-Glassysteme<\/b>, sowie <b>Feuer- und erdbebensichere Leichtbaustahlh\u00e4user<\/b>, moderne, effiziente und kosteng\u00fcnstige L\u00f6sungen.<\/p>\n\t\t<\/div>\n\t\t<\/div><\/div><\/div><\/div><div class=\"vc_row wpb_row vc_row-fluid vc_custom_1764665819951 wd-rs-692ea917572cb\"><div class=\"wpb_column vc_column_container vc_col-sm-12\"><div class=\"vc_column-inner\"><div class=\"wpb_wrapper\">\t\t<div id=\"wd-692ea6273e1b7\" class=\"wd-text-block wd-wpb reset-last-child wd-rs-692ea6273e1b7 text-left vc_custom_1764665082053\">\n\t\t\t<p>Asi Casa Design ist heute ein professioneller Lieferant von Bau- und Designmaterialien, der f\u00fcr seine hohen Qualit\u00e4tsstandards, schnelle Lieferzeiten und fortschrittliche technische Expertise bekannt ist. Dank unserer mehrsprachigen digitalen Plattform k\u00f6nnen wir Anfragen aus Europa und der ganzen Welt schnell und effizient bearbeiten.<\/p>\n<p>In kurzer Zeit hat sich unser Unternehmen entwickelt <b>eine Gro\u00dfhandelsmarke mit Exporten auf alle 7 Kontinente<\/b>, Asi Casa Design festigt damit seine Position auf dem internationalen Markt. Das Unternehmen w\u00e4chst kontinuierlich durch ein innovatives Portfolio, eine kundenorientierte Herangehensweise und ein globales Vertriebsnetz.<\/p>\n<p>Unsere Mission ist es, nicht nur Produkte anzubieten, sondern <b>nachhaltige, sichere und moderne L\u00f6sungen<\/b>, Asi Casa Design hat sich zu einem verl\u00e4sslichen Partner f\u00fcr jedes Projekt entwickelt und wird auch k\u00fcnftig Trends im Bauwesen sowie im Innen- und Au\u00dfendesign setzen.<\/p>\n\t\t<\/div>\n\t\t<\/div><\/div><\/div><\/div><div class=\"vc_row wpb_row vc_row-fluid vc_custom_1711190888278 wd-rs-65feb2e83a62a\"><div class=\"wpb_column vc_column_container vc_col-sm-12 wd-rs-65feb2761a80e\"><div class=\"vc_column-inner\"><div class=\"wpb_wrapper\">\n\t\t<div id=\"wd-692ea90d29711\" class=\"title-wrapper wd-wpb set-mb-s reset-last-child  wd-rs-692ea90d29711 wd-title-color-default wd-title-style-default text-left vc_custom_1764665808269 wd-underline-colored\">\n\t\t\t\n\t\t\t<div class=\"liner-continer\">\n\t\t\t\t<h4 class=\"woodmart-title-container title  wd-font-weight- wd-fontsize-xxl\" >\u00dcber unsere Produkte<\/h4>\n\t\t\t\t\t\t\t<\/div>\n\t\t\t\n\t\t\t\n\t\t\t\n\t\t<\/div>\n\t\t\n\t\t\t\t<div id=\"wd-692ea900e47b5\" class=\"wd-text-block wd-wpb reset-last-child wd-rs-692ea900e47b5 text-left\">\n\t\t\t<p>Asi Casa Design SRL bietet ein umfassendes Sortiment an Produkten f\u00fcr modernes Bauen und Design, die den aktuellen Anforderungen an Langlebigkeit, \u00c4sthetik und Funktionalit\u00e4t gerecht werden. Alle unsere Produkte werden nach h\u00f6chsten Qualit\u00e4tsstandards ausgew\u00e4hlt und eignen sich sowohl f\u00fcr private Bauprojekte als auch f\u00fcr gewerbliche Anwendungen.<\/p>\n<p><b>Moderne und langlebige Wandpaneele<\/b><\/p>\n<p>Unsere Dekorplatten aus Polystyrol, Polymer und PVC bilden die Grundlage des Asi Casa Design-Portfolios. Ihre leichte Struktur, hohe Widerstandsf\u00e4higkeit und ihr modernes Design verleihen Innenr\u00e4umen und Fassaden ein makelloses Erscheinungsbild. Sie tragen zur W\u00e4rme- und Schalld\u00e4mmung bei, lassen sich schnell montieren und sind in einer Vielzahl von Modellen erh\u00e4ltlich \u2013 eine Bereicherung f\u00fcr jedes Designprojekt.<\/p>\n<p><b>Dekorative Profile f\u00fcr die Fassade<\/b><\/p>\n<p>Unsere Architekturprofile verwandeln jede Fassade in ein elegantes und anspruchsvolles Element. Sie sind witterungsbest\u00e4ndig, leicht und zeichnen sich durch hervorragende Langlebigkeit aus. Von Sockelleisten und Rahmen \u00fcber Eckprofile bis hin zu speziellen Dekorelementen verleihen diese Produkte modernen Geb\u00e4uden Pers\u00f6nlichkeit und architektonische Identit\u00e4t.<\/p>\n<p><b>Pergolen, die Au\u00dfenbereiche in Komfortzonen verwandeln<\/b><\/p>\n<p>Unsere Pergola- und Glassysteme erm\u00f6glichen die ganzj\u00e4hrige Nutzung von Au\u00dfenbereichen. Konzipiert f\u00fcr Terrassen, Caf\u00e9s, Restaurants und Privath\u00e4user, bieten diese L\u00f6sungen Schutz vor Regen und Wind, Automatisierungsoptionen und ein modernes Design f\u00fcr mehr Komfort. Es handelt sich um Premium-L\u00f6sungen, die sowohl Wohn- als auch Gewerbeimmobilien aufwerten.<\/p>\n<p><b>Leichtbaustahlh\u00e4user \u2013 Sicherheit und Langlebigkeit<\/b><\/p>\n<p>Unsere Leichtstahlh\u00e4user z\u00e4hlen zu den innovativsten Segmenten im Portfolio von Asi Casa Design. Feuer- und erdbebensichere Tragsysteme, schnelle Montage und Wirtschaftlichkeit machen diese H\u00e4user zu einer modernen und sicheren L\u00f6sung f\u00fcr die Zukunft. Mit Boardex-Fassadenverkleidung, Basaltwolle-D\u00e4mmung, PVC-Fenstern und -T\u00fcren sowie zertifizierten Bauteilen bieten wir unseren Kunden langlebige, sichere und normgerechte H\u00e4user.<\/p>\n<p>Asi Casa Design integriert weiterhin Qualit\u00e4t, Sicherheit und \u00c4sthetik in alle Produktlinien und bietet seinen Kunden nicht nur Materialien, sondern Komplettl\u00f6sungen f\u00fcr nachhaltige und moderne Projekte.<\/p>\n\t\t<\/div>\n\t\t<\/div><\/div><\/div><\/div><div class=\"vc_row wpb_row vc_row-fluid vc_custom_1685544220957 wd-rs-64775d148231f\"><div class=\"wpb_column vc_column_container vc_col-sm-12\"><div class=\"vc_column-inner\"><div class=\"wpb_wrapper\"><div class=\"vc_row wpb_row vc_inner vc_row-fluid wd-custom-rounding vc_custom_1711555956692 vc_row-has-fill wd-rs-660445523f24c\"><div class=\"wpb_column vc_column_container vc_col-sm-12 wd-rs-646e1bcf67902\"><div class=\"vc_column-inner vc_custom_1684937686871\"><div class=\"wpb_wrapper\">\n\t\t<div id=\"wd-65feb19c27c2a\" class=\"title-wrapper wd-wpb set-mb-s reset-last-child  wd-rs-65feb19c27c2a wd-title-color-white wd-title-style-default text-center  wd-underline-colored\">\n\t\t\t\t\t\t\t<div class=\"title-subtitle  subtitle-color-white font-default subtitle-style-default wd-font-weight- wd-fontsize-xs\">Viele Auswahlm\u00f6glichkeiten an dekorativen Polystyrol-Wandpaneelen, die die Zeit \u00fcberdauern<\/div>\n\t\t\t\n\t\t\t<div class=\"liner-continer\">\n\t\t\t\t<h4 class=\"woodmart-title-container title  wd-font-weight- wd-fontsize-xxl\" >Einf\u00fchrungsvideo<\/h4>\n\t\t\t\t\t\t\t<\/div>\n\t\t\t\n\t\t\t\n\t\t\t\n\t\t<\/div>\n\t\t\n\t\t\t\t<div class=\"wd-el-video wd-wpb wd-rs-65feb0c931a94 wd-action-play wd-video-youtube vc_custom_1711190370678 text-center\">\n\t\t\t\n\t\t\t\n\t\t\t\t\t\t\t<a href=\"http:\/\/www.youtube.com\/watch?v=wbSFohxTYUw\" class=\"wd-el-video-btn\">\n\t\t\t\t\t<span class=\"wd-el-video-play-btn\"><\/span>\n\t\t\t\t\t\t\t\t\t<\/a>\n\t\t\t\n\t\t\t\t\t<\/div>\n\t\t<\/div><\/div><\/div><\/div><\/div><\/div><\/div><\/div>\n<\/div>","protected":false},"excerpt":{"rendered":"Cine suntem noi? Asi Casa Design SRL a fost \u00eenfiin\u021bat\u0103 \u00een anul 2024, av\u00e2nd sediul \u00een Constan\u021ba, Rom\u00e2nia, \u0219i \u0219i-a","protected":false},"author":1,"featured_media":0,"parent":0,"menu_order":0,"comment_status":"closed","ping_status":"closed","template":"","meta":{"footnotes":""},"class_list":["post-384","page","type-page","status-publish","hentry"],"_links":{"self":[{"href":"https:\/\/asicasa-design.ro\/de\/wp-json\/wp\/v2\/pages\/384","targetHints":{"allow":["GET"]}}],"collection":[{"href":"https:\/\/asicasa-design.ro\/de\/wp-json\/wp\/v2\/pages"}],"about":[{"href":"https:\/\/asicasa-design.ro\/de\/wp-json\/wp\/v2\/types\/page"}],"author":[{"embeddable":true,"href":"https:\/\/asicasa-design.ro\/de\/wp-json\/wp\/v2\/users\/1"}],"replies":[{"embeddable":true,"href":"https:\/\/asicasa-design.ro\/de\/wp-json\/wp\/v2\/comments?post=384"}],"version-history":[{"count":29,"href":"https:\/\/asicasa-design.ro\/de\/wp-json\/wp\/v2\/pages\/384\/revisions"}],"predecessor-version":[{"id":1105,"href":"https:\/\/asicasa-design.ro\/de\/wp-json\/wp\/v2\/pages\/384\/revisions\/1105"}],"wp:attachment":[{"href":"https:\/\/asicasa-design.ro\/de\/wp-json\/wp\/v2\/media?parent=384"}],"curies":[{"name":"wp","href":"https:\/\/api.w.org\/{rel}","templated":true}]}}