{"id":479,"date":"2024-03-23T13:59:22","date_gmt":"2024-03-23T13:59:22","guid":{"rendered":"https:\/\/asicasa-design.ro\/?page_id=479"},"modified":"2024-03-23T17:50:59","modified_gmt":"2024-03-23T17:50:59","slug":"haufig-gestellte-fragen","status":"publish","type":"page","link":"https:\/\/asicasa-design.ro\/de\/haufig-gestellte-fragen\/","title":{"rendered":"H\u00e4ufige Fragen"},"content":{"rendered":"<div class=\"wpb-content-wrapper\"><div class=\"vc_row wpb_row vc_row-fluid wd-rs-643403fe3d0ae\"><div class=\"wpb_column vc_column_container vc_col-sm-12\"><div class=\"vc_column-inner\"><div class=\"wpb_wrapper\">\n\t\t<div id=\"wd-65fee283eabe1\" class=\"wd-accordion wd-wpb wd-rs-65fee283eabe1  wd-style-default\" data-state=\"first\">\n\t\t\t\t\t\t\t\n\t\t\t\t\n\t\t\t\t<div class=\"wd-accordion-item\">\n\t\t\t\t\t<div class=\"wd-accordion-title wd-active font-primary wd-fontsize-custom text-left wd-opener-pos-right wd-font-weight-600\" data-accordion-index=\"0\">\n\t\t\t\t\t\t<div class=\"wd-accordion-title-text\">\n\t\t\t\t\t\t\t\t\t\t\t\t\t\t<span>\n\t\t\t\t\t\t\t\tWas ist das Asicasa Design Wandpaneel?\t\t\t\t\t\t\t<\/span>\n\t\t\t\t\t\t<\/div>\n\t\t\t\t\t\t<span class=\"wd-accordion-opener wd-opener-style-arrow\"><\/span>\n\t\t\t\t\t<\/div>\n\n\t\t\t\t\t<div class=\"wd-accordion-content reset-last-child wd-active\" data-accordion-index=\"0\">\n\t\t\t\t\t\t\t\t\t\t\t\t\t<p>Asicasa Design Polystyrol-Wandpaneele sind ein Produkt, das W\u00e4rme- und Schalld\u00e4mmung bietet. Gleichzeitig verleiht es durch die harte Acrylbeschichtung und dank der speziellen Farbe dem Ort, an dem es aufgetragen wird, ein dekoratives Aussehen.<\/p>\n\t\t\t\t\t\t\t\t\t\t\t<\/div>\n\t\t\t\t<\/div>\n\t\t\t\t\t\t\t\n\t\t\t\t\n\t\t\t\t<div class=\"wd-accordion-item\">\n\t\t\t\t\t<div class=\"wd-accordion-title font-primary wd-fontsize-custom text-left wd-opener-pos-right wd-font-weight-600\" data-accordion-index=\"1\">\n\t\t\t\t\t\t<div class=\"wd-accordion-title-text\">\n\t\t\t\t\t\t\t\t\t\t\t\t\t\t<span>\n\t\t\t\t\t\t\t\tSollten Asicasa Design-Wandpaneele nach der Isolierung angebracht werden?\t\t\t\t\t\t\t<\/span>\n\t\t\t\t\t\t<\/div>\n\t\t\t\t\t\t<span class=\"wd-accordion-opener wd-opener-style-arrow\"><\/span>\n\t\t\t\t\t<\/div>\n\n\t\t\t\t\t<div class=\"wd-accordion-content reset-last-child\" data-accordion-index=\"1\">\n\t\t\t\t\t\t\t\t\t\t\t\t\t<p>Vor dem Anbringen der Asicasa Design-Wandpaneele ist es nicht erforderlich, andere Arten von Isoliermaterial aufzutragen. Da einer der Rohstoffe, die bei der Herstellung der Asicasa Design Wall Panels verwendet werden, EPS (Polystyrol) ist, sorgt es selbst f\u00fcr die W\u00e4rmed\u00e4mmung.<\/p>\n\t\t\t\t\t\t\t\t\t\t\t<\/div>\n\t\t\t\t<\/div>\n\t\t\t\t\t\t\t\n\t\t\t\t\n\t\t\t\t<div class=\"wd-accordion-item\">\n\t\t\t\t\t<div class=\"wd-accordion-title font-primary wd-fontsize-custom text-left wd-opener-pos-right wd-font-weight-600\" data-accordion-index=\"2\">\n\t\t\t\t\t\t<div class=\"wd-accordion-title-text\">\n\t\t\t\t\t\t\t\t\t\t\t\t\t\t<span>\n\t\t\t\t\t\t\t\tBieten wir auch Anwendungsservices an?\t\t\t\t\t\t\t<\/span>\n\t\t\t\t\t\t<\/div>\n\t\t\t\t\t\t<span class=\"wd-accordion-opener wd-opener-style-arrow\"><\/span>\n\t\t\t\t\t<\/div>\n\n\t\t\t\t\t<div class=\"wd-accordion-content reset-last-child\" data-accordion-index=\"2\">\n\t\t\t\t\t\t\t\t\t\t\t\t\t<p>Wenn Sie dies w\u00fcnschen, k\u00f6nnen wir Sie an unsere auf diese T\u00e4tigkeit spezialisierten Vertreter verweisen.<\/p>\n\t\t\t\t\t\t\t\t\t\t\t<\/div>\n\t\t\t\t<\/div>\n\t\t\t\t\t\t\t\n\t\t\t\t\n\t\t\t\t<div class=\"wd-accordion-item\">\n\t\t\t\t\t<div class=\"wd-accordion-title font-primary wd-fontsize-custom text-left wd-opener-pos-right wd-font-weight-600\" data-accordion-index=\"3\">\n\t\t\t\t\t\t<div class=\"wd-accordion-title-text\">\n\t\t\t\t\t\t\t\t\t\t\t\t\t\t<span>\n\t\t\t\t\t\t\t\tK\u00f6nnen Gem\u00e4lde, Fernseher und andere \u00e4hnliche Produkte an den Asicasa Design-Wandpaneelen befestigt werden?\t\t\t\t\t\t\t<\/span>\n\t\t\t\t\t\t<\/div>\n\t\t\t\t\t\t<span class=\"wd-accordion-opener wd-opener-style-arrow\"><\/span>\n\t\t\t\t\t<\/div>\n\n\t\t\t\t\t<div class=\"wd-accordion-content reset-last-child\" data-accordion-index=\"3\">\n\t\t\t\t\t\t\t\t\t\t\t\t\t<p>Die Wandpaneele von Asicasa Design k\u00f6nnen nach Wunsch perforiert und zugeschnitten werden. In diesem Zusammenhang k\u00f6nnen auf diesen Paneelen ganz einfach Gem\u00e4lde, Fernseher und \u00e4hnliche Produkte befestigt\/montiert werden.<\/p>\n\t\t\t\t\t\t\t\t\t\t\t<\/div>\n\t\t\t\t<\/div>\n\t\t\t\t\t\t\t\n\t\t\t\t\n\t\t\t\t<div class=\"wd-accordion-item\">\n\t\t\t\t\t<div class=\"wd-accordion-title font-primary wd-fontsize-custom text-left wd-opener-pos-right wd-font-weight-600\" data-accordion-index=\"4\">\n\t\t\t\t\t\t<div class=\"wd-accordion-title-text\">\n\t\t\t\t\t\t\t\t\t\t\t\t\t\t<span>\n\t\t\t\t\t\t\t\tVerf\u00fcgen Sie \u00fcber Designdienstleistungen, um das Aussehen zu pr\u00e4sentieren, das nach der Anwendung von Asicasa Design-Wandpaneelen erzielt wird?\t\t\t\t\t\t\t<\/span>\n\t\t\t\t\t\t<\/div>\n\t\t\t\t\t\t<span class=\"wd-accordion-opener wd-opener-style-arrow\"><\/span>\n\t\t\t\t\t<\/div>\n\n\t\t\t\t\t<div class=\"wd-accordion-content reset-last-child\" data-accordion-index=\"4\">\n\t\t\t\t\t\t\t\t\t\t\t\t\t<p>Unser Designteam bietet diesen Service an, damit es Ihnen unmittelbar nach Abschluss des Projekts ein 3D-Bild des erzielten Ergebnisses pr\u00e4sentieren kann.<\/p>\n\t\t\t\t\t\t\t\t\t\t\t<\/div>\n\t\t\t\t<\/div>\n\t\t\t\t\t\t\t\n\t\t\t\t\n\t\t\t\t<div class=\"wd-accordion-item\">\n\t\t\t\t\t<div class=\"wd-accordion-title font-primary wd-fontsize-custom text-left wd-opener-pos-right wd-font-weight-600\" data-accordion-index=\"5\">\n\t\t\t\t\t\t<div class=\"wd-accordion-title-text\">\n\t\t\t\t\t\t\t\t\t\t\t\t\t\t<span>\n\t\t\t\t\t\t\t\tSind Ihre Produkte gesundheitssch\u00e4dlich?\t\t\t\t\t\t\t<\/span>\n\t\t\t\t\t\t<\/div>\n\t\t\t\t\t\t<span class=\"wd-accordion-opener wd-opener-style-arrow\"><\/span>\n\t\t\t\t\t<\/div>\n\n\t\t\t\t\t<div class=\"wd-accordion-content reset-last-child\" data-accordion-index=\"5\">\n\t\t\t\t\t\t\t\t\t\t\t\t\t<p>Alle unsere Produkte verf\u00fcgen \u00fcber TSE-, ISO9001- und CE-Zertifikate. Unsere Produkte sind nicht sch\u00e4dlich f\u00fcr die Gesundheit von Mensch und Tier und schonen die Umwelt.<\/p>\n\t\t\t\t\t\t\t\t\t\t\t<\/div>\n\t\t\t\t<\/div>\n\t\t\t\t\t\t\t\n\t\t\t\t\n\t\t\t\t<div class=\"wd-accordion-item\">\n\t\t\t\t\t<div class=\"wd-accordion-title font-primary wd-fontsize-custom text-left wd-opener-pos-right wd-font-weight-600\" data-accordion-index=\"6\">\n\t\t\t\t\t\t<div class=\"wd-accordion-title-text\">\n\t\t\t\t\t\t\t\t\t\t\t\t\t\t<span>\n\t\t\t\t\t\t\t\tK\u00f6nnen Asicasa Design Wandpaneele auch f\u00fcr die Innenverkleidung verwendet werden?\t\t\t\t\t\t\t<\/span>\n\t\t\t\t\t\t<\/div>\n\t\t\t\t\t\t<span class=\"wd-accordion-opener wd-opener-style-arrow\"><\/span>\n\t\t\t\t\t<\/div>\n\n\t\t\t\t\t<div class=\"wd-accordion-content reset-last-child\" data-accordion-index=\"6\">\n\t\t\t\t\t\t\t\t\t\t\t\t\t<p>Sie k\u00f6nnen es mit Vertrauen verwenden<b> <\/b>Asicasa Design Wandpaneele und Innenverkleidung. Unsere Platten k\u00f6nnen in verschiedenen St\u00e4rken f\u00fcr Au\u00dfen- und Innenfassaden hergestellt werden. Neben der angenehmen Optik tr\u00e4gt es auch zur W\u00e4rme- und Schalld\u00e4mmung bei. Wenn Ihr Geb\u00e4ude nicht \u00fcber eine W\u00e4rmed\u00e4mmung verf\u00fcgt, sorgen die Paneele gleichzeitig f\u00fcr eine W\u00e4rmed\u00e4mmung.<\/p>\n\t\t\t\t\t\t\t\t\t\t\t<\/div>\n\t\t\t\t<\/div>\n\t\t\t\t\t\t\t\n\t\t\t\t\n\t\t\t\t<div class=\"wd-accordion-item\">\n\t\t\t\t\t<div class=\"wd-accordion-title font-primary wd-fontsize-custom text-left wd-opener-pos-right wd-font-weight-600\" data-accordion-index=\"7\">\n\t\t\t\t\t\t<div class=\"wd-accordion-title-text\">\n\t\t\t\t\t\t\t\t\t\t\t\t\t\t<span>\n\t\t\t\t\t\t\t\tK\u00f6nnen Asicasa Design-Wandpaneele an Decken und B\u00f6den verwendet werden?\t\t\t\t\t\t\t<\/span>\n\t\t\t\t\t\t<\/div>\n\t\t\t\t\t\t<span class=\"wd-accordion-opener wd-opener-style-arrow\"><\/span>\n\t\t\t\t\t<\/div>\n\n\t\t\t\t\t<div class=\"wd-accordion-content reset-last-child\" data-accordion-index=\"7\">\n\t\t\t\t\t\t\t\t\t\t\t\t\t<p>Auch an Decken lassen sich unsere Paneele ganz einfach anbringen, indem der Kleber passend zum Untergrund gew\u00e4hlt wird und gleichzeitig eine W\u00e4rmed\u00e4mmung gew\u00e4hrleistet ist. Die Produkte werden nicht auf B\u00f6den aufgetragen.<\/p>\n\t\t\t\t\t\t\t\t\t\t\t<\/div>\n\t\t\t\t<\/div>\n\t\t\t\t\t\t\t\n\t\t\t\t\n\t\t\t\t<div class=\"wd-accordion-item\">\n\t\t\t\t\t<div class=\"wd-accordion-title font-primary wd-fontsize-custom text-left wd-opener-pos-right wd-font-weight-600\" data-accordion-index=\"8\">\n\t\t\t\t\t\t<div class=\"wd-accordion-title-text\">\n\t\t\t\t\t\t\t\t\t\t\t\t\t\t<span>\n\t\t\t\t\t\t\t\tK\u00f6nnen die Wandpaneele von Asicasa Design gestrichen werden?\t\t\t\t\t\t\t<\/span>\n\t\t\t\t\t\t<\/div>\n\t\t\t\t\t\t<span class=\"wd-accordion-opener wd-opener-style-arrow\"><\/span>\n\t\t\t\t\t<\/div>\n\n\t\t\t\t\t<div class=\"wd-accordion-content reset-last-child\" data-accordion-index=\"8\">\n\t\t\t\t\t\t\t\t\t\t\t\t\t<p>Wenn Sie die Farbe Ihrer Wand \u00e4ndern m\u00f6chten, k\u00f6nnen Sie die Wandpaneele von Asicasa Design problemlos \u00fcberstreichen<b>.<\/b><\/p>\n\t\t\t\t\t\t\t\t\t\t\t<\/div>\n\t\t\t\t<\/div>\n\t\t\t\t\t\t\t\n\t\t\t\t\n\t\t\t\t<div class=\"wd-accordion-item\">\n\t\t\t\t\t<div class=\"wd-accordion-title font-primary wd-fontsize-custom text-left wd-opener-pos-right wd-font-weight-600\" data-accordion-index=\"9\">\n\t\t\t\t\t\t<div class=\"wd-accordion-title-text\">\n\t\t\t\t\t\t\t\t\t\t\t\t\t\t<span>\n\t\t\t\t\t\t\t\tWarum sollten Sie sich f\u00fcr Wandpaneele von Asicasa Design anstelle von Naturstein, Holz oder Marmor entscheiden?\t\t\t\t\t\t\t<\/span>\n\t\t\t\t\t\t<\/div>\n\t\t\t\t\t\t<span class=\"wd-accordion-opener wd-opener-style-arrow\"><\/span>\n\t\t\t\t\t<\/div>\n\n\t\t\t\t\t<div class=\"wd-accordion-content reset-last-child\" data-accordion-index=\"9\">\n\t\t\t\t\t\t\t\t\t\t\t\t\t<p>Wenn wir die Wandpaneele von Asicasa Design mit Naturstein, Marmor und Holz vergleichen, sind sie viel leichter. Unter diesem Gesichtspunkt kommt es bei der Anbringung unserer Paneele an sanierungsbed\u00fcrftigen Altbauten zu keiner zus\u00e4tzlichen Belastung des Geb\u00e4udes. Da die Installation sehr einfach und unkompliziert ist, nimmt die Anwendungsphase nur sehr wenig Zeit in Anspruch. Deshalb ist es eine praktische und effektive L\u00f6sung, die auch Zeit spart, wenn Sie die Dekorationen in H\u00e4usern, Caf\u00e9s, Fitnessstudios, Gesch\u00e4ften und Hotels auffrischen m\u00f6chten. In der Anwendungsphase fallen keine R\u00fcckst\u00e4nde und Abf\u00e4lle an, was eine geeignetere L\u00f6sung darstellt.<\/p>\n\t\t\t\t\t\t\t\t\t\t\t<\/div>\n\t\t\t\t<\/div>\n\t\t\t\t\t\t\t\n\t\t\t\t\n\t\t\t\t<div class=\"wd-accordion-item\">\n\t\t\t\t\t<div class=\"wd-accordion-title font-primary wd-fontsize-custom text-left wd-opener-pos-right wd-font-weight-600\" data-accordion-index=\"10\">\n\t\t\t\t\t\t<div class=\"wd-accordion-title-text\">\n\t\t\t\t\t\t\t\t\t\t\t\t\t\t<span>\n\t\t\t\t\t\t\t\tErfordern die Produkte zus\u00e4tzliche Wartung und Reparatur?\t\t\t\t\t\t\t<\/span>\n\t\t\t\t\t\t<\/div>\n\t\t\t\t\t\t<span class=\"wd-accordion-opener wd-opener-style-arrow\"><\/span>\n\t\t\t\t\t<\/div>\n\n\t\t\t\t\t<div class=\"wd-accordion-content reset-last-child\" data-accordion-index=\"10\">\n\t\t\t\t\t\t\t\t\t\t\t\t\t<p>Asicasa Design-Wandpaneele k\u00f6nnen leicht abgewischt und gewaschen werden. Daher ist keine zus\u00e4tzliche Wartung oder Reparatur erforderlich. Bei Au\u00dfenpaneelen empfehlen wir, alle 2 (zwei) Jahre einen Schutzlack aufzutragen, um Verf\u00e4rbungen zu minimieren.<\/p>\n\t\t\t\t\t\t\t\t\t\t\t<\/div>\n\t\t\t\t<\/div>\n\t\t\t\t\t\t\t\n\t\t\t\t\n\t\t\t\t<div class=\"wd-accordion-item\">\n\t\t\t\t\t<div class=\"wd-accordion-title font-primary wd-fontsize-custom text-left wd-opener-pos-right wd-font-weight-600\" data-accordion-index=\"11\">\n\t\t\t\t\t\t<div class=\"wd-accordion-title-text\">\n\t\t\t\t\t\t\t\t\t\t\t\t\t\t<span>\n\t\t\t\t\t\t\t\tK\u00f6nnen die Platten auf jedes gew\u00fcnschte Ma\u00df zugeschnitten werden?\t\t\t\t\t\t\t<\/span>\n\t\t\t\t\t\t<\/div>\n\t\t\t\t\t\t<span class=\"wd-accordion-opener wd-opener-style-arrow\"><\/span>\n\t\t\t\t\t<\/div>\n\n\t\t\t\t\t<div class=\"wd-accordion-content reset-last-child\" data-accordion-index=\"11\">\n\t\t\t\t\t\t\t\t\t\t\t\t\t<p>Mit Hilfe einer S\u00e4ge, eines Cuttermessers oder eines \u00e4hnlichen Werkzeugs k\u00f6nnen die Platten ganz einfach auf die erforderlichen Abmessungen zugeschnitten werden.<\/p>\n\t\t\t\t\t\t\t\t\t\t\t<\/div>\n\t\t\t\t<\/div>\n\t\t\t\t\t\t\t\n\t\t\t\t\n\t\t\t\t<div class=\"wd-accordion-item\">\n\t\t\t\t\t<div class=\"wd-accordion-title font-primary wd-fontsize-custom text-left wd-opener-pos-right wd-font-weight-600\" data-accordion-index=\"12\">\n\t\t\t\t\t\t<div class=\"wd-accordion-title-text\">\n\t\t\t\t\t\t\t\t\t\t\t\t\t\t<span>\n\t\t\t\t\t\t\t\tK\u00f6nnen wir die Asicasa Design-Wandpaneele bei sehr hohen oder sehr niedrigen Temperaturen verwenden?\t\t\t\t\t\t\t<\/span>\n\t\t\t\t\t\t<\/div>\n\t\t\t\t\t\t<span class=\"wd-accordion-opener wd-opener-style-arrow\"><\/span>\n\t\t\t\t\t<\/div>\n\n\t\t\t\t\t<div class=\"wd-accordion-content reset-last-child\" data-accordion-index=\"12\">\n\t\t\t\t\t\t\t\t\t\t\t\t\t<p>Da unsere Platten hitze- und k\u00e4ltebest\u00e4ndig sind, k\u00f6nnen sie bedenkenlos verwendet werden. Gleichzeitig tragen die Paneele als W\u00e4rmeisolator auch zur Senkung des Energieverbrauchs bei.<\/p>\n\t\t\t\t\t\t\t\t\t\t\t<\/div>\n\t\t\t\t<\/div>\n\t\t\t\t\t\t\t\t\t\t\t\t\t\t<\/div>\n\n\t\t\t\t<div id=\"wd-65fee0e46bda9\" class=\"wd-text-block wd-wpb reset-last-child wd-rs-65fee0e46bda9 text-center\">\n\t\t\t<p>Wenn Sie weitere Informationen zu den Produkten w\u00fcnschen <a href=\"https:\/\/asicasa-design.ro\/de\/kontaktieren-sie-uns\/\">Kontaktiere uns<\/a><\/p>\n\t\t<\/div>\n\t\t<\/div><\/div><\/div><\/div>\n<\/div>","protected":false},"excerpt":{"rendered":"Ce este panoul mural Asicasa Design? Panourile murale din polistiren Asicasa Design sunt un produs care asigur\u0103 izolarea termic\u0103 \u0219i","protected":false},"author":1,"featured_media":0,"parent":0,"menu_order":0,"comment_status":"closed","ping_status":"closed","template":"","meta":{"footnotes":""},"class_list":["post-479","page","type-page","status-publish","hentry"],"_links":{"self":[{"href":"https:\/\/asicasa-design.ro\/de\/wp-json\/wp\/v2\/pages\/479","targetHints":{"allow":["GET"]}}],"collection":[{"href":"https:\/\/asicasa-design.ro\/de\/wp-json\/wp\/v2\/pages"}],"about":[{"href":"https:\/\/asicasa-design.ro\/de\/wp-json\/wp\/v2\/types\/page"}],"author":[{"embeddable":true,"href":"https:\/\/asicasa-design.ro\/de\/wp-json\/wp\/v2\/users\/1"}],"replies":[{"embeddable":true,"href":"https:\/\/asicasa-design.ro\/de\/wp-json\/wp\/v2\/comments?post=479"}],"version-history":[{"count":7,"href":"https:\/\/asicasa-design.ro\/de\/wp-json\/wp\/v2\/pages\/479\/revisions"}],"predecessor-version":[{"id":505,"href":"https:\/\/asicasa-design.ro\/de\/wp-json\/wp\/v2\/pages\/479\/revisions\/505"}],"wp:attachment":[{"href":"https:\/\/asicasa-design.ro\/de\/wp-json\/wp\/v2\/media?parent=479"}],"curies":[{"name":"wp","href":"https:\/\/api.w.org\/{rel}","templated":true}]}}