{"id":490,"date":"2024-03-23T14:25:01","date_gmt":"2024-03-23T14:25:01","guid":{"rendered":"https:\/\/asicasa-design.ro\/?page_id=490"},"modified":"2024-03-23T14:55:11","modified_gmt":"2024-03-23T14:55:11","slug":"pc-berechnung","status":"publish","type":"page","link":"https:\/\/asicasa-design.ro\/de\/pc-berechnung\/","title":{"rendered":"Wie viele Panels soll ich kaufen?"},"content":{"rendered":"<div class=\"wpb-content-wrapper\"><div class=\"vc_row wpb_row vc_row-fluid wd-rs-643403fe3d0ae\"><div class=\"wpb_column vc_column_container vc_col-sm-12\"><div class=\"vc_column-inner\"><div class=\"wpb_wrapper\">\n\t<div class=\"wpb_raw_code wpb_content_element wpb_raw_html\" >\n\t\t<div class=\"wpb_wrapper\">\n\t\t\t\t<title>Berechnung von Polystyrol-Wandpaneelen<\/title>\n\t<script>\n\t\tfunction showField() {\n\t\t\tvar selectedOption = document.getElementById(\"selectOption\").value;\n\t\t\tif (selectedOption == \"metrekare\") {\n\t\t\t\tdocument.getElementById(\"dimensionFields\").style.display = \"none\";\n\t\t\t\tdocument.getElementById(\"areaFields\").style.display = \"block\";\n\t\t\t} else {\n\t\t\t\tdocument.getElementById(\"dimensionFields\").style.display = \"block\";\n\t\t\t\tdocument.getElementById(\"areaFields\").style.display = \"none\";\n\t\t\t}\n\t\t}\n\n\t\tfunction calculatePanels() {\n\t\t\tvar selectedOption = document.getElementById(\"selectOption\").value;\n\n\t\t\tvar panelCount1 = 0;\n\t\t\tvar panelCount2 = 0;\n\n\t\t\tif (selectedOption == \"metrekare\") {\n\t\t\t\tvar area = parseInt(document.getElementById(\"areaInput\").value);\n\t\t\t\tpanelCount1 = Math.ceil(area \/ 0.5);\n\t\t\t\tpanelCount2 = Math.ceil(area \/ 0.6);\n\t\t\t} else {\n\t\t\t\tvar height = parseInt(document.getElementById(\"heightInput\").value);\n\t\t\t\tvar width = parseInt(document.getElementById(\"widthInput\").value);\n\n\t\t\t\tpanelCount1 = Math.ceil((height \/ 50) * (width \/ 100));\n\t\t\t\tpanelCount2 = Math.ceil((height \/ 50) * (width \/ 120));\n\t\t\t}\n\n\t\t\tdocument.getElementById(\"panelCount1\").innerHTML = panelCount1;\n\t\t\tdocument.getElementById(\"panelCount2\").innerHTML = panelCount2;\n\t\t\tdocument.getElementById(\"resultTable\").style.display = \"block\";\n\t\t}\n\t<\/script>\n\n\t<h1>Berechnung von Polystyrol-Wandpaneelen<\/h1>\n\t<p>Sie k\u00f6nnen berechnen, wie viele St\u00fccke Sie kaufen m\u00fcssen, indem Sie die Fl\u00e4che, auf der Sie das Styropor-Wandpaneel anbringen m\u00f6chten, in Quadratmetern oder die H\u00f6hen- und Breitenangaben in Zentimetern eingeben.<\/p>\n\t<form action=\"\">\n\t\t<label for=\"selectOption\">Fl\u00e4chengr\u00f6\u00dfe:<\/label>\n\t\t<select id=\"selectOption\" name=\"selectOption\" onchange=\"showField()\">\n\t\t\t<option value=\"metrekare\">Quadratfu\u00df<\/option>\n\t\t\t<option value=\"dimension\">H\u00f6he und Breite<\/option>\n\t\t<\/select>\n\t\t<br><br>\n\t\t<div id=\"areaFields\">\n\t\t\t<label for=\"areaInput\">Quadratfu\u00df:<\/label>\n\t\t\t<input type=\"number\" id=\"areaInput\" name=\"areaInput\">\n\t\t\t<br><br>\n\t\t<\/div>\n\t\t<div id=\"dimensionFields\" style=\"display: none\">\n\t\t\t<label for=\"heightInput\">H\u00f6he (cm):<\/label>\n\t\t\t<input type=\"number\" id=\"heightInput\" name=\"heightInput\">\n\t\t\t<br><br>\n\t\t\t<label for=\"widthInput\">Breite (cm):<\/label>\n\t\t\t<input type=\"number\" id=\"widthInput\" name=\"widthInput\">\n\t\t\t<br><br>\n\t\t<\/div>\n\t\t<input type=\"button\" value=\"Berechnung\" onclick=\"calculatePanels()\">\n\t<input type=\"hidden\" name=\"trp-form-language\" value=\"de\"\/><\/form>\n\t<br>\n\t<table id=\"resultTable\" style=\"display: none\">\n\t\t<thead>\n\t\t\t<tr>\n\t\t\t\t<th>Panelgr\u00f6\u00dfe<\/th>\n\t\t\t\t<th>Die Anzahl der Panels<\/th>\n\t\t\t<\/tr>\n\t\t<\/thead>\n\t\t<tbody>\n\t\t\t<tr>\n\t\t\t\t<td>100x50cm<\/td>\n\t\t\t\t<td id=\"panelCount1\"><\/td>\n\t\t\t<\/tr>\n\t\t\t<tr>\n\t\t\t\t<td>120x50cm<\/td>\n\t\t\t\t<td id=\"panelCount2\"><\/td>\n\t\t\t<\/tr>\n\t\t<\/tbody>\n\t<\/table>\n\t\t<\/div>\n\t<\/div>\n\t\t<div id=\"wd-65feecf75e61b\" class=\"wd-text-block wd-wpb reset-last-child wd-rs-65feecf75e61b text-center\">\n\t\t\t<p>Wenn Sie weitere Informationen zu den Produkten w\u00fcnschen <a href=\"https:\/\/asicasa-design.ro\/de\/kontaktieren-sie-uns\/\">Kontaktiere uns<\/a><\/p>\n\t\t<\/div>\n\t\t<\/div><\/div><\/div><\/div>\n<\/div>","protected":false},"excerpt":{"rendered":"Calcul panou de perete din polistiren Calcul panou de perete din polistiren Pute\u021bi calcula c\u00e2te piese trebuie s\u0103 cump\u0103ra\u021bi introduc\u00e2nd","protected":false},"author":1,"featured_media":0,"parent":0,"menu_order":0,"comment_status":"closed","ping_status":"closed","template":"","meta":{"footnotes":""},"class_list":["post-490","page","type-page","status-publish","hentry"],"_links":{"self":[{"href":"https:\/\/asicasa-design.ro\/de\/wp-json\/wp\/v2\/pages\/490","targetHints":{"allow":["GET"]}}],"collection":[{"href":"https:\/\/asicasa-design.ro\/de\/wp-json\/wp\/v2\/pages"}],"about":[{"href":"https:\/\/asicasa-design.ro\/de\/wp-json\/wp\/v2\/types\/page"}],"author":[{"embeddable":true,"href":"https:\/\/asicasa-design.ro\/de\/wp-json\/wp\/v2\/users\/1"}],"replies":[{"embeddable":true,"href":"https:\/\/asicasa-design.ro\/de\/wp-json\/wp\/v2\/comments?post=490"}],"version-history":[{"count":3,"href":"https:\/\/asicasa-design.ro\/de\/wp-json\/wp\/v2\/pages\/490\/revisions"}],"predecessor-version":[{"id":493,"href":"https:\/\/asicasa-design.ro\/de\/wp-json\/wp\/v2\/pages\/490\/revisions\/493"}],"wp:attachment":[{"href":"https:\/\/asicasa-design.ro\/de\/wp-json\/wp\/v2\/media?parent=490"}],"curies":[{"name":"wp","href":"https:\/\/api.w.org\/{rel}","templated":true}]}}