{"id":597,"date":"2024-03-27T19:20:37","date_gmt":"2024-03-27T19:20:37","guid":{"rendered":"https:\/\/asicasa-design.ro\/?page_id=597"},"modified":"2024-03-27T19:28:46","modified_gmt":"2024-03-27T19:28:46","slug":"verarbeitung-personenbezogener-daten","status":"publish","type":"page","link":"https:\/\/asicasa-design.ro\/de\/verarbeitung-personenbezogener-daten\/","title":{"rendered":"DSGVO-Richtlinie zur Verarbeitung personenbezogener Daten"},"content":{"rendered":"<p>ASI CASA DESIGN SRL versucht, das Recht auf Privatsph\u00e4re und Bild der Website-Benutzer so weit wie m\u00f6glich zu sch\u00fctzen. Unser Ziel ist es, Ihnen als Website-Benutzer ein sicheres Online-Erlebnis zu bieten, das sich nicht negativ auf Ihr Privatleben auswirkt. In diesem Sinne unternehmen wir alle notwendigen Anstrengungen, um sicherzustellen, dass die von Ihnen in unsere Datenbank eingegebenen Informationen ausschlie\u00dflich f\u00fcr die von Ihnen beabsichtigten Zwecke verwendet werden.<\/p>\n<p><strong>Die von uns verarbeiteten personenbezogenen Daten<\/strong><br \/>\nDurch den Zugriff auf die Website oder durch die Aktivierung der Werbe- oder Werbebotschaften verarbeitet ASI CASA DESIGN SRL personenbezogene Daten, die der Identifizierung einer bestimmten Person dienen. Zu den von uns verarbeiteten personenbezogenen Daten k\u00f6nnen geh\u00f6ren:<\/p>\n<p><strong>Von Ihnen bereitgestellte personenbezogene Daten<\/strong><br \/>\nWenn Sie auf unserer Website oder \u00fcber unsere anderen Kontaktmethoden (Telefon, E-Mail, Chat, Facebook oder ein anderes soziales Netzwerk usw.) bestellen, werden wir Sie bitten, uns pers\u00f6nliche Informationen, einschlie\u00dflich Ihres Vor- und Nachnamens, Ihrer Telefonnummer, mitzuteilen. E-Mail-Adresse, Rechnungsdetails.<\/p>\n<p>Wenn Sie den Newsletter von www.asicasa-design.ro abonnieren, werden wir Sie bitten, uns Ihre E-Mail-Adresse mitzuteilen.<br \/>\nWenn Sie uns \u00fcber die Formulare auf unserer Website schreiben, bitten wir Sie, uns Ihre Kontaktdaten mitzuteilen: Vor- und Nachname, E-Mail-Adresse, Telefonnummer.<\/p>\n<p>Wenn Sie die Website www.asicasa-design.ro besuchen, erfassen wir automatisch bestimmte Informationen, darunter unter anderem Ihre IP-Adresse, Cookie-Informationen, genauer gesagt das Datum und die Uhrzeit, zu der Sie auf unsere Dienste, Hardware, Software usw. zugegriffen haben der von Ihnen verwendete Browser und Informationen \u00fcber das Betriebssystem Ihres Computers, wie z. B. Spracheinstellungen und der Standort, von dem aus Sie auf unsere Dienste zugreifen.<\/p>\n<p>Wenn Sie eine Ware kaufen oder unseren Newsletter abonnieren, erfassen wir au\u00dferdem Informationen \u00fcber Ihre Such- und Kaufhistorie sowie \u00fcber Ihre Aktivit\u00e4ten auf unserer Website, einschlie\u00dflich Informationen \u00fcber Klicks und Seiten, die Sie gesehen haben.<\/p>\n<p>Der Zweck der Datenerhebung besteht darin: - Kunden\/K\u00e4ufer \u00fcber den Status ihres Kontos zu informieren, einschlie\u00dflich der Validierung, des Versands und der Rechnungsstellung von Bestellungen, Probleme jeglicher Art im Zusammenhang mit einer Bestellung und den gekauften Waren zu l\u00f6sen, - regelm\u00e4\u00dfige Newsletter zu versenden und\/ oder Benachrichtigungen mittels elektronischer Post (E-Mail, SMS) \u2013 zur Marktforschung, Verfolgung und \u00dcberwachung von Verk\u00e4ufen und dem Verhalten des Kunden\/K\u00e4ufers.<\/p>\n<p>Wir k\u00f6nnen Ihre Daten verwenden, um unseren gesetzlichen Verpflichtungen nachzukommen (z. B. Aufzeichnungspflichten), zur \u00dcberpr\u00fcfung der Einhaltung von Vorschriften oder Registrierungspflichten (z. B. aufgrund von Kartellgesetzen, Exportgesetzen, Handelssanktionen und Gesetzen bez\u00fcglich des Embargos, Gesetzen dagegen). Geldw\u00e4sche, Finanz- und Bonit\u00e4tspr\u00fcfung sowie Betrugs- und Kriminalpr\u00e4vention und zum Zweck der Aufdeckung dieser Straftaten).<\/p>\n<p>Wir k\u00f6nnen Ihre Daten gegebenenfalls verwenden, um gerichtlichen Anordnungen nachzukommen und unsere gesetzlichen Rechte auszu\u00fcben und zu verteidigen.<\/p>\n<p>Dar\u00fcber hinaus kann ASI CASA DESIGN SRL die personenbezogenen Daten des K\u00e4ufers an andere Unternehmen weitergeben, mit denen es eine Partnerschaft eingeht, jedoch nur auf der Grundlage einer Vertraulichkeitsverpflichtung dieser Unternehmen und nur f\u00fcr die genannten Zwecke, wodurch die sichere Aufbewahrung dieser Daten gew\u00e4hrleistet wird und dass die Bereitstellung dieser personenbezogenen Daten in \u00dcbereinstimmung mit den geltenden Rechtsvorschriften erfolgt, wie folgt: Kurierdienstleister, Marketingdienstleister, Zahlungs-\/Bankdienstleister oder andere Dienste, die von Unternehmen bereitgestellt werden, mit denen wir gemeinsame Programme entwickeln k\u00f6nnen Bieten auf dem Markt f\u00fcr gehandelte Waren.<\/p>\n<p>Durch das Ausf\u00fcllen der Daten im Bestellformular erkl\u00e4rt der K\u00e4ufer, dass seine pers\u00f6nlichen Daten in die Datenbank von ASI CASA DESIGN SRL aufgenommen werden, und erkl\u00e4rt sich vorbehaltlos damit einverstanden, dass alle diese pers\u00f6nlichen Daten gespeichert, genutzt und verarbeitet werden die oben genannten Zwecke<\/p>\n<p>Durch die Lekt\u00fcre des Dokuments sind Sie sich der Tatsache bewusst, dass Ihnen die gesetzlich vorgesehenen Rechte garantiert sind, n\u00e4mlich das Recht auf Information, das Recht auf Zugang zu Daten, das Recht auf Intervention, das Recht auf Widerspruch und das Recht, nicht unterworfen zu werden auf eine individuelle Entscheidung, das Recht, im Falle einer Verletzung der durch das Gesetz 677\/2001 garantierten Rechte zum Schutz nat\u00fcrlicher Personen bei der Verarbeitung personenbezogener Daten und zum freien Datenverkehr vor Gericht zu gehen.<\/p>\n<p><strong>Zur Verarbeitung personenbezogener Daten berechtigte Personen<\/strong><br \/>\nF\u00fcr die Verarbeitung personenbezogener Daten k\u00f6nnen wir auf f\u00fcr die Verarbeitung personenbezogener Daten autorisierte Personen zur\u00fcckgreifen, beispielsweise Anbieter von IT-L\u00f6sungen, die f\u00fcr die Unternehmensf\u00fchrung erforderlich sind, einschlie\u00dflich Buchhaltungsl\u00f6sungen, Anbieter von Vertragsmanagementl\u00f6sungen oder Kurierunternehmen. Wir werden mit allen zur Verarbeitung personenbezogener Daten berechtigten Personen Vertr\u00e4ge \u00fcber die Verarbeitung personenbezogener Daten abschlie\u00dfen, die entsprechende Klauseln enthalten, die sicherstellen, dass sie ihren Verpflichtungen zur Verarbeitung personenbezogener Daten (einschlie\u00dflich der Verpflichtung zur L\u00f6schung) im Vertrag vollst\u00e4ndig nachkommen die geltenden Gesetze einhalten und einen angemessenen Schutz Ihrer personenbezogenen Daten bieten.<\/p>\n<p><strong>Dauer der Lagerung<\/strong><br \/>\nWir haben technische und organisatorische Ma\u00dfnahmen umgesetzt, um den Ablauf und die dargestellten Kriterien f\u00fcr die L\u00f6schung Ihrer personenbezogenen Daten zu organisieren.<\/p>\n<p>Ihre personenbezogenen Daten werden gel\u00f6scht, wenn sie f\u00fcr die berechtigten Zwecke nicht mehr notwendig sind oder wenn Sie Ihre Einwilligung (sofern zutreffend) widerrufen und es aus rechtlicher Sicht nicht mehr erforderlich ist, dass wir diese Daten weiterhin speichern. Wir bewahren Ihre personenbezogenen Daten jedoch auf, soweit dies erforderlich ist, um Sie oder andere bei etwaigen Rechtsanspr\u00fcchen zu unterst\u00fctzen oder zu verteidigen, bis zum Ende der jeweiligen Aufbewahrungsfrist oder bis die betreffenden Anspr\u00fcche gekl\u00e4rt sind.<\/p>\n<p><strong>Ihre Rechte bez\u00fcglich der Verarbeitung personenbezogener Daten<\/strong><br \/>\nF\u00fcr die Verarbeitung personenbezogener Daten stehen Ihnen folgende Rechte zu:<br \/>\n1. Das Recht auf Zugriff auf Ihre pers\u00f6nlichen Daten.<br \/>\n2. Das Recht, Ihre eigenen unrichtigen personenbezogenen Daten zu korrigieren.<br \/>\n3. Das Recht, die Verarbeitung Ihrer personenbezogenen Daten einzuschr\u00e4nken. Dieses Recht steht Ihnen zu, wenn:<br \/>\n* die Richtigkeit Ihrer von uns verarbeiteten personenbezogenen Daten bestreiten;<br \/>\n* die Verarbeitung Ihrer personenbezogenen Daten rechtswidrig ist;<br \/>\n* Wir ben\u00f6tigen Ihre personenbezogenen Daten f\u00fcr die Zwecke der Verarbeitung nicht l\u00e4nger, sie sind jedoch f\u00fcr die Geltendmachung, Aus\u00fcbung oder Verteidigung eines Rechts vor Gericht erforderlich.<br \/>\n* Sie haben der Verarbeitung Ihrer personenbezogenen Daten f\u00fcr den Zeitraum widersprochen, in dem gepr\u00fcft wird, ob die berechtigten Rechte des Betreibers Vorrang vor Ihren Rechten haben.<\/p>\n<p>Wenn Sie Fragen zur Verarbeitung Ihrer personenbezogenen Daten haben oder uns eine Anfrage senden oder eines Ihrer Rechte im Zusammenhang mit der Verarbeitung personenbezogener Daten aus\u00fcben m\u00f6chten, kontaktieren Sie uns bitte unter info@asicasa-design DE<\/p>\n<p>Wir werden jede Anfrage analysieren und Sie so schnell wie m\u00f6glich, sp\u00e4testens jedoch innerhalb eines Monats, \u00fcber die ergriffenen Ma\u00dfnahmen informieren. Sollten wir weitere Informationen von Ihnen ben\u00f6tigen oder bei der L\u00f6sung Ihrer Anfrage auf Schwierigkeiten sto\u00dfen, werden wir Sie unverz\u00fcglich dar\u00fcber informieren, dass wir mehr Zeit ben\u00f6tigen, um eine ordnungsgem\u00e4\u00dfe Analyse Ihrer Anfrage durchzuf\u00fchren.<\/p>\n<p>Wenn Sie der Meinung sind, dass es uns nicht gelungen ist, alle Ihre Anfragen zu beantworten, oder wenn Sie mit unseren Antworten nicht zufrieden sind, k\u00f6nnen Sie eine Petition bei der nationalen Aufsichtsbeh\u00f6rde f\u00fcr die Verarbeitung personenbezogener Daten einreichen. Sie k\u00f6nnen auch die Gerichte anrufen.<\/p>","protected":false},"excerpt":{"rendered":"<p>ASI CASA DESIGN SRL\u00a0incearca sa protejeze cat mai mult posibil dreptul privind confidentialitatea si imaginea utilizatorilor site-ului. Intentia noastra este<\/p>","protected":false},"author":1,"featured_media":0,"parent":0,"menu_order":0,"comment_status":"closed","ping_status":"closed","template":"","meta":{"footnotes":""},"class_list":["post-597","page","type-page","status-publish","hentry"],"_links":{"self":[{"href":"https:\/\/asicasa-design.ro\/de\/wp-json\/wp\/v2\/pages\/597","targetHints":{"allow":["GET"]}}],"collection":[{"href":"https:\/\/asicasa-design.ro\/de\/wp-json\/wp\/v2\/pages"}],"about":[{"href":"https:\/\/asicasa-design.ro\/de\/wp-json\/wp\/v2\/types\/page"}],"author":[{"embeddable":true,"href":"https:\/\/asicasa-design.ro\/de\/wp-json\/wp\/v2\/users\/1"}],"replies":[{"embeddable":true,"href":"https:\/\/asicasa-design.ro\/de\/wp-json\/wp\/v2\/comments?post=597"}],"version-history":[{"count":2,"href":"https:\/\/asicasa-design.ro\/de\/wp-json\/wp\/v2\/pages\/597\/revisions"}],"predecessor-version":[{"id":600,"href":"https:\/\/asicasa-design.ro\/de\/wp-json\/wp\/v2\/pages\/597\/revisions\/600"}],"wp:attachment":[{"href":"https:\/\/asicasa-design.ro\/de\/wp-json\/wp\/v2\/media?parent=597"}],"curies":[{"name":"wp","href":"https:\/\/api.w.org\/{rel}","templated":true}]}}