{"id":616,"date":"2024-03-28T08:07:31","date_gmt":"2024-03-28T08:07:31","guid":{"rendered":"https:\/\/asicasa-design.ro\/?page_id=616"},"modified":"2024-03-28T08:07:31","modified_gmt":"2024-03-28T08:07:31","slug":"cookie-richtlinie","status":"publish","type":"page","link":"https:\/\/asicasa-design.ro\/de\/cookie-richtlinie\/","title":{"rendered":"Cookie-Richtlinie"},"content":{"rendered":"<div>\r\n<div><strong>Was sind Cookies?<\/strong><\/div>\r\n<div>\u00a0<\/div>\r\n<div>Ein Cookie ist eine Textdatei, die vom Server einer Website im Browser Ihres Computers oder Mobilger\u00e4ts abgelegt wird, wenn Sie die Website besuchen. Das Cookie enth\u00e4lt einen einzigartigen Code, der es erm\u00f6glicht, Ihren Browser w\u00e4hrend Ihres Besuchs auf unserer Website (sogenannter \u201eSession-Cookie\u201c) oder sp\u00e4ter bei wiederholten Besuchen (sogenannter \u201epersistenter Cookie\u201c) wiederzuerkennen. Cookies k\u00f6nnen vom Server der Website, die Sie besuchen, oder von Partnern, die mit dieser Website zusammenarbeiten, platziert werden.<\/div>\r\n<div>Im Allgemeinen erleichtern und beschleunigen Cookies die Interaktion zwischen dem Benutzer und der Website und helfen dem Benutzer, zu den verschiedenen Teilen der Website zu navigieren. Cookies k\u00f6nnen auch verwendet werden, um den Inhalt oder die Werbung auf der Website f\u00fcr den Besucher relevanter zu machen und sie an den pers\u00f6nlichen Geschmack und die Bed\u00fcrfnisse anzupassen. Auf dieser Website verwendet ASICASA notwendige Cookies, funktionale Cookies, analytische Cookies, Marketing-Cookies und Social-Media-Cookies.<\/div>\r\n<div>\u00a0<\/div>\r\n<div><strong>Verwendung von Cookies auf der Website<\/strong><\/div>\r\n<div>\u00a0<\/div>\r\n<div><strong><em>Kekse<\/em><\/strong><strong> <em>ERFORDERLICH<\/em><\/strong><\/div>\r\n<div>Diese Cookies sind f\u00fcr den Besuch der Website und die Nutzung bestimmter Teile davon unerl\u00e4sslich. Wenn Sie diese Cookies ablehnen, funktionieren bestimmte Funktionen der Website nicht ordnungsgem\u00e4\u00df.<\/div>\r\n<div>\u00a0<\/div>\r\n<div><strong><em>Kekse<\/em><\/strong><strong> <em>Funktion<\/em><\/strong><\/div>\r\n<div>Funktionale Cookies sind Cookies, die den Betrieb der Website erleichtern und f\u00fcr Besucher angenehmer machen. Sie bieten ein personalisierteres Surferlebnis. Zum Beispiel: Cookies, die sich Spracheinstellungen merken.<\/div>\r\n<div>\u00a0<\/div>\r\n<div><strong><em>Kekse<\/em><\/strong><strong> <em>analytisch<\/em><\/strong><\/div>\r\n<div>Wir verwenden analytische Cookies, um Informationen \u00fcber die Nutzung unserer Website zu sammeln, mit dem Ziel, den Inhalt zu verbessern, den W\u00fcnschen der Besucher gerecht zu werden und ihren Nutzen zu steigern.<\/div>\r\n<div>\u00a0<\/div>\r\n<div><strong><em>Kekse<\/em><\/strong><strong> <em>Marketing<\/em><\/strong><\/div>\r\n<div>Hierbei handelt es sich um Cookies, die wir verwenden, um Ihnen personalisierte und relevantere Werbung anzuzeigen, um festzustellen, wie oft eine bestimmte Anzeige bereits geschaltet wurde, um die Wirksamkeit einer bestimmten Werbekampagne zu berechnen, um Daten \u00fcber fr\u00fchere Besuche zu verfolgen und um gesammelte Daten offenzulegen an relevante Dritte, wie etwa Werbetreibende. Sie werden auf der Website verwendet und von Dritten auf Ihrem Ger\u00e4t platziert.<\/div>\r\n<div>\u00a0<\/div>\r\n<div><strong><em>Social-Media-Cookies<\/em><\/strong><\/div>\r\n<div>Cookies sozialer Netzwerke werden verwendet, um die Integration sozialer Netzwerke wie YouTube, Facebook oder Twitter in unsere Websites zu erm\u00f6glichen. Ohne diese Cookies k\u00f6nnen Sie keine Artikel in sozialen Netzwerken teilen oder bestimmte Inhalte auf diesen Websites ansehen.<\/div>\r\n<div>\u00a0<\/div>\r\n<div><strong>Cookie-Verwaltung<\/strong><\/div>\r\n<div>\u00a0<\/div>\r\n<div>Sie k\u00f6nnen Ihren Browser so einstellen, dass er Sie benachrichtigt, wenn ein Cookie platziert wird, oder die Erfassung von Cookies deaktiviert. Wenn Sie die Platzierung von Cookies ablehnen, funktionieren m\u00f6glicherweise einige Funktionen der Website nicht oder Sie k\u00f6nnen bestimmte Dienste auf den Websites nicht nutzen.<\/div>\r\n<div>Wir verwenden Cookies nicht, um Sie pers\u00f6nlich zu identifizieren oder Ihre pers\u00f6nlichen Daten ohne Ihr Wissen zu speichern. Wenn Sie jedoch die Installation von Cookies auf Ihrem Computer oder Mobilger\u00e4t einschr\u00e4nken, blockieren oder l\u00f6schen m\u00f6chten, k\u00f6nnen Sie dies \u00fcber die Hilfefunktion Ihres Browsers tun oder die Verarbeitung personenbezogener Daten durch LLBG, konsultieren Sie bitte die Richtlinie zum Schutz personenbezogener Daten oder senden Sie eine E-Mail an info@asicasa-design.ro.<\/div>\r\n<\/div>\r\n<div>\u00a0<\/div>\r\n<div>\u00a0<\/div>\r\n<div><strong>Liste der verwendeten Cookies:<\/strong><\/div>\r\n<div class=\"table-responsive\">\r\n<table class=\"table table-striped table-bordered table-condensed\" border=\"1\" width=\"0\" cellspacing=\"0\" cellpadding=\"0\">\r\n<thead>\r\n<tr>\r\n<th scope=\"col\">\r\n<div>Cookie-Name<\/div>\r\n<\/th>\r\n<th scope=\"col\">\r\n<div>Cookie-Typ<\/div>\r\n<\/th>\r\n<th scope=\"col\">\r\n<div>Zweck<\/div>\r\n<\/th>\r\n<th scope=\"col\">\r\n<div>Gespeicherte Informationen<\/div>\r\n<\/th>\r\n<th scope=\"col\">\r\n<div>Zur\u00fcckbehaltung<\/div>\r\n<\/th>\r\n<th scope=\"col\">\r\n<div>Cookie-Anbieter<\/div>\r\n<\/th>\r\n<\/tr>\r\n<\/thead>\r\n<tbody>\r\n<tr>\r\n<td>\r\n<div>_guid<\/div>\r\n<\/td>\r\n<td>\r\n<div>Analytische Cookies<\/div>\r\n<\/td>\r\n<td>\r\n<div>Dieses Cookie wird von Google Analytics verwendet, um den Besuchszweck eines Nutzers auszuwerten, Aktivit\u00e4tsprotokolle auf Websites f\u00fcr Website-Betreiber zu erstellen und die Kundenzufriedenheit zu steigern. In diesem Fall wird das Cookie von Google Analytics zur erweiterten Benutzeridentifizierung verwendet.<\/div>\r\n<\/td>\r\n<td>\r\n<div>Identifizierung des spezifischen Benutzers auf Browserebene und verwendetem Ger\u00e4t.<\/div>\r\n<\/td>\r\n<td>\r\n<div>24 Stunden<\/div>\r\n<\/td>\r\n<td>\r\n<div>Google<\/div>\r\n<\/td>\r\n<\/tr>\r\n<tr>\r\n<td>\r\n<div>_Nacken<\/div>\r\n<\/td>\r\n<td>\r\n<div>Analytische Cookies<\/div>\r\n<\/td>\r\n<td>\r\n<div>Dieses Cookie wird von Google Analytics verwendet, um den Besuchszweck eines Nutzers auszuwerten, Aktivit\u00e4tsprotokolle auf Websites f\u00fcr Website-Betreiber zu erstellen und die Kundenzufriedenheit zu steigern. In diesem Fall wird das Cookie von Google Analytics zur erweiterten Benutzeridentifizierung verwendet.<\/div>\r\n<\/td>\r\n<td>\r\n<div>\u00a0<\/div>\r\n<\/td>\r\n<td>\r\n<div>1 Minute<\/div>\r\n<\/td>\r\n<td>\r\n<div>Google<\/div>\r\n<\/td>\r\n<\/tr>\r\n<tr>\r\n<td>\r\n<div>_ultma<\/div>\r\n<\/td>\r\n<td>\r\n<div>Analytische Cookies<\/div>\r\n<\/td>\r\n<td>\r\n<div>Dieses Cookie wird von Google Analytics verwendet, um den Besuchszweck eines Nutzers auszuwerten, Aktivit\u00e4tsprotokolle auf Websites f\u00fcr Website-Betreiber zu erstellen und die Kundenzufriedenheit zu steigern. In diesem Fall wird das Cookie von Google Analytics zur erweiterten Benutzeridentifizierung verwendet.<\/div>\r\n<\/td>\r\n<td>\r\n<div>\u00a0<\/div>\r\n<\/td>\r\n<td>\r\n<div>2 Jahre<\/div>\r\n<\/td>\r\n<td>\r\n<div>Google<\/div>\r\n<\/td>\r\n<\/tr>\r\n<tr>\r\n<td>\r\n<div>_utmc<\/div>\r\n<\/td>\r\n<td>\r\n<div>Analytische Cookies<\/div>\r\n<\/td>\r\n<td>\r\n<div>Dieses Cookie wird von Google Analytics verwendet, um den Besuchszweck eines Nutzers auszuwerten, Aktivit\u00e4tsprotokolle auf Websites f\u00fcr Website-Betreiber zu erstellen und die Kundenzufriedenheit zu steigern. In diesem Fall wird das Cookie von Google Analytics zur erweiterten Benutzeridentifizierung verwendet.<\/div>\r\n<\/td>\r\n<td>\r\n<div>\u00a0<\/div>\r\n<\/td>\r\n<td>\r\n<div>W\u00e4hrend der Sitzung<\/div>\r\n<\/td>\r\n<td>\r\n<div>Google<\/div>\r\n<\/td>\r\n<\/tr>\r\n<tr>\r\n<td>\r\n<div>_utmz<\/div>\r\n<\/td>\r\n<td>\r\n<div>Analytische Cookies<\/div>\r\n<\/td>\r\n<td>\r\n<div>Dieses Cookie wird von Google Analytics verwendet, um den Besuchszweck eines Nutzers auszuwerten, Aktivit\u00e4tsprotokolle auf Websites f\u00fcr Website-Betreiber zu erstellen und die Kundenzufriedenheit zu steigern. In diesem Fall wird das Cookie von Google Analytics zur erweiterten Benutzeridentifizierung verwendet.<\/div>\r\n<\/td>\r\n<td>\r\n<div>\u00a0<\/div>\r\n<\/td>\r\n<td>\r\n<div>6 Monate<\/div>\r\n<\/td>\r\n<td>\r\n<div>Google<\/div>\r\n<\/td>\r\n<\/tr>\r\n<tr>\r\n<td>\r\n<div>_utmt<\/div>\r\n<\/td>\r\n<td>\r\n<div>Analytische Cookies<\/div>\r\n<\/td>\r\n<td>\r\n<div>Dieses Cookie wird von Google Analytics verwendet, um den Besuchszweck eines Nutzers auszuwerten, Aktivit\u00e4tsprotokolle auf Websites f\u00fcr Website-Betreiber zu erstellen und die Kundenzufriedenheit zu steigern. In diesem Fall wird das Cookie von Google Analytics zur erweiterten Benutzeridentifizierung verwendet.<\/div>\r\n<\/td>\r\n<td>\r\n<div>\u00a0<\/div>\r\n<\/td>\r\n<td>\r\n<div>30 Minuten<\/div>\r\n<\/td>\r\n<td>\r\n<div>Google<\/div>\r\n<\/td>\r\n<\/tr>\r\n<tr>\r\n<td>\r\n<div>_utmb<\/div>\r\n<\/td>\r\n<td>\r\n<div>Analytische Cookies<\/div>\r\n<\/td>\r\n<td>\r\n<div>Dieses Cookie wird von Google Analytics verwendet, um den Besuchszweck eines Nutzers auszuwerten, Aktivit\u00e4tsprotokolle auf Websites f\u00fcr Website-Betreiber zu erstellen und die Kundenzufriedenheit zu steigern. In diesem Fall wird das Cookie von Google Analytics zur erweiterten Benutzeridentifizierung verwendet.<\/div>\r\n<\/td>\r\n<td>\r\n<div>\u00a0<\/div>\r\n<\/td>\r\n<td>\r\n<div>30 Minuten<\/div>\r\n<\/td>\r\n<td>\r\n<div>Google<\/div>\r\n<\/td>\r\n<\/tr>\r\n<tr>\r\n<td>\r\n<div>Bruder<\/div>\r\n<\/td>\r\n<td>\r\n<div>Funktionale Cookies<\/div>\r\n<\/td>\r\n<td>\r\n<div>Das prim\u00e4re Werbe-Cookie von Facebook, das zur Bereitstellung, Messung und Verbesserung der Anzeigenrelevanz verwendet wird.<\/div>\r\n<\/td>\r\n<td>\r\n<div>Benutzer- und Browser-ID; Zeitstempel; diverse andere Daten<\/div>\r\n<\/td>\r\n<td>\r\n<div>90 Tage<\/div>\r\n<\/td>\r\n<td>\r\n<div>Facebook<\/div>\r\n<\/td>\r\n<\/tr>\r\n<tr>\r\n<td>\r\n<div>Ja<\/div>\r\n<\/td>\r\n<td>\r\n<div>Funktionale Cookies<\/div>\r\n<\/td>\r\n<td>\r\n<div>Wird zur Erfassung von Werbeabmeldungen verwendet<\/div>\r\n<\/td>\r\n<td>\r\n<div>1 oder 0<\/div>\r\n<\/td>\r\n<td>\r\n<div>5 Jahre<\/div>\r\n<\/td>\r\n<td>\r\n<div>Facebook<\/div>\r\n<\/td>\r\n<\/tr>\r\n<tr>\r\n<td>\r\n<div>tat<\/div>\r\n<\/td>\r\n<td>\r\n<div>Funktionale Cookies<\/div>\r\n<\/td>\r\n<td>\r\n<div>Wird verwendet, um nach der Installation einen bestimmten Ort in der App eines Werbetreibenden zu \u00f6ffnen<\/div>\r\n<div>\u00a0<\/div>\r\n<\/td>\r\n<td>\r\n<div>Objekt-ID und App-ID<\/div>\r\n<\/td>\r\n<td>\r\n<div>28 Tage<\/div>\r\n<\/td>\r\n<td>\r\n<div>Facebook<\/div>\r\n<\/td>\r\n<\/tr>\r\n<tr>\r\n<td>\r\n<div>bs_mop_u3s<\/div>\r\n<\/td>\r\n<td>\r\n<div>Funktionale Cookies<\/div>\r\n<\/td>\r\n<td>\r\n<div>MediaMath verwendet diese Cookies f\u00fcr Werbetreibende, die beabsichtigen, Anzeigen auf bestimmten Lieferquellen zu kaufen. Sie enthalten eine Werbetreibenden-ID und Timeout-Informationen.<\/div>\r\n<\/td>\r\n<td>\r\n<div>Werbetreibenden-ID und zus\u00e4tzliche Informationen<\/div>\r\n<\/td>\r\n<td>\r\n<div>30 Tage<\/div>\r\n<\/td>\r\n<td>\r\n<div>Mediamath<\/div>\r\n<\/td>\r\n<\/tr>\r\n<tr>\r\n<td>\r\n<div>mt_misc<\/div>\r\n<\/td>\r\n<td>\r\n<div>Funktionale Cookies<\/div>\r\n<\/td>\r\n<td>\r\n<div>MediaMath verwendet dieses Cookie, um Attribute \u00fcber den Browser zur Betrugspr\u00e4vention und anderen technischen Optimierungen zu speichern.<\/div>\r\n<\/td>\r\n<td>\r\n<div>Browserinformationen zur Betrugspr\u00e4vention<\/div>\r\n<\/td>\r\n<td>\r\n<div>30 Tage<\/div>\r\n<\/td>\r\n<td>\r\n<div>Mediamath<\/div>\r\n<\/td>\r\n<\/tr>\r\n<tr>\r\n<td>\r\n<div>mt_mop<\/div>\r\n<\/td>\r\n<td>\r\n<div>Funktionale Cookies<\/div>\r\n<\/td>\r\n<td>\r\n<div>MediaMath verwendet dieses Cookie, um die Besucher-ID mit einer begrenzten Anzahl vertrauensw\u00fcrdiger B\u00f6rsen und Datenpartner zu synchronisieren<\/div>\r\n<\/td>\r\n<td>\r\n<div>Synchronisiert Informationen mit der Besucher-ID<\/div>\r\n<\/td>\r\n<td>\r\n<div>30 Tage<\/div>\r\n<\/td>\r\n<td>\r\n<div>Mediamath<\/div>\r\n<\/td>\r\n<\/tr>\r\n<tr>\r\n<td>\r\n<div>UUID<\/div>\r\n<\/td>\r\n<td>\r\n<div>Funktionale Cookies<\/div>\r\n<\/td>\r\n<td>\r\n<div>Eindeutige Tracking-Nummer<\/div>\r\n<\/td>\r\n<td>\r\n<div>Eindeutige ID<\/div>\r\n<\/td>\r\n<td>\r\n<div>30 Tage<\/div>\r\n<\/td>\r\n<td>\r\n<div>Mediamath<\/div>\r\n<\/td>\r\n<\/tr>\r\n<tr>\r\n<td>\r\n<div>UUIDC<\/div>\r\n<\/td>\r\n<td>\r\n<div>Funktionale Cookies<\/div>\r\n<\/td>\r\n<td>\r\n<div>Hash-Domain (URL kommt von)<\/div>\r\n<\/td>\r\n<td>\r\n<div>Hash-Dom\u00e4ne<\/div>\r\n<\/td>\r\n<td>\r\n<div>30 Tage<\/div>\r\n<\/td>\r\n<td>\r\n<div>Mediamath<\/div>\r\n<\/td>\r\n<\/tr>\r\n<tr>\r\n<td>\r\n<div>Vorwort<\/div>\r\n<\/td>\r\n<td>\r\n<div>Funktionale Cookies<\/div>\r\n<\/td>\r\n<td>\r\n<div>Wird verwendet, um Besucherpr\u00e4ferenzen zu speichern<\/div>\r\n<div>\u00a0<\/div>\r\n<\/td>\r\n<td>\r\n<div>Sprache &amp; Mehrwert<\/div>\r\n<\/td>\r\n<td>\r\n<div>8 Monate<\/div>\r\n<\/td>\r\n<td>\r\n<div>YouTube (Google)<\/div>\r\n<\/td>\r\n<\/tr>\r\n<tr>\r\n<td>\r\n<div>YSC<\/div>\r\n<\/td>\r\n<td>\r\n<div>Funktionale Cookies<\/div>\r\n<\/td>\r\n<td>\r\n<div>Wird auf Seiten platziert, auf denen YouTube-Videos eingebunden sind<\/div>\r\n<\/td>\r\n<td>\r\n<div>Eindeutige ID<\/div>\r\n<\/td>\r\n<td>\r\n<div>W\u00e4hrend der Sitzung<\/div>\r\n<\/td>\r\n<td>\r\n<div>YouTube (Google)<\/div>\r\n<\/td>\r\n<\/tr>\r\n<tr>\r\n<td>\r\n<div>VISITOR_INFO1_LIVE<\/div>\r\n<\/td>\r\n<td>\r\n<div>Funktionale Cookies<\/div>\r\n<\/td>\r\n<td>\r\n<div>Wird verwendet, um die Bandbreite des Besuchers zu bestimmen.<\/div>\r\n<\/td>\r\n<td>\r\n<div>Eindeutige ID<\/div>\r\n<\/td>\r\n<td>\r\n<div>6 Monate<\/div>\r\n<\/td>\r\n<td>\r\n<div>YouTube (Google)<\/div>\r\n<\/td>\r\n<\/tr>\r\n<tr>\r\n<td>\r\n<div>ZUSTIMMUNG<\/div>\r\n<\/td>\r\n<td>\r\n<div>Funktionale Cookies<\/div>\r\n<\/td>\r\n<td>\r\n<div>Es wird platziert, wenn der Besucher bei anderen Google-Plattformen angemeldet ist.<\/div>\r\n<\/td>\r\n<td>\r\n<div>Einwilligung + Sprache + Version<\/div>\r\n<\/td>\r\n<td>\r\n<div>20 Jahre<\/div>\r\n<\/td>\r\n<td>\r\n<div>Google<\/div>\r\n<\/td>\r\n<\/tr>\r\n<tr>\r\n<td>\r\n<div>LOGIN_INFO<\/div>\r\n<\/td>\r\n<td>\r\n<div>Funktionale Cookies<\/div>\r\n<\/td>\r\n<td>\r\n<div>Wird verwendet, um Anmeldeinformationen bei Google-Diensten zu verfolgen<\/div>\r\n<\/td>\r\n<td>\r\n<div>Hash von Benutzerinformationen<\/div>\r\n<\/td>\r\n<td>\r\n<div>2 Jahre<\/div>\r\n<\/td>\r\n<td>\r\n<div>Google<\/div>\r\n<\/td>\r\n<\/tr>\r\n<tr>\r\n<td>\r\n<div>UND D<\/div>\r\n<\/td>\r\n<td>\r\n<div>Funktionale Cookies<\/div>\r\n<\/td>\r\n<td>\r\n<div>Wird verwendet, um einen Benutzer zu identifizieren und die Anmeldeinformationen bei Google-Diensten zu verfolgen<\/div>\r\n<\/td>\r\n<td>\r\n<div>Verschl\u00fcsselte Google-Konto-ID<\/div>\r\n<\/td>\r\n<td>\r\n<div>2 Jahre<\/div>\r\n<\/td>\r\n<td>\r\n<div>Google<\/div>\r\n<\/td>\r\n<\/tr>\r\n<tr>\r\n<td>\r\n<div>HSID<\/div>\r\n<\/td>\r\n<td>\r\n<div>Funktionale Cookies<\/div>\r\n<\/td>\r\n<td>\r\n<div>Wird verwendet, um einen Benutzer zu identifizieren und die Anmeldeinformationen bei Google-Diensten zu verfolgen<\/div>\r\n<\/td>\r\n<td>\r\n<div>Verschl\u00fcsselte letzte Anmeldezeit<\/div>\r\n<\/td>\r\n<td>\r\n<div>2 Jahre<\/div>\r\n<\/td>\r\n<td>\r\n<div>Google<\/div>\r\n<\/td>\r\n<\/tr>\r\n<tr>\r\n<td>\r\n<div>SSID<\/div>\r\n<\/td>\r\n<td>\r\n<div>Funktionale Cookies<\/div>\r\n<\/td>\r\n<td>\r\n<div>Wird verwendet, um einen Benutzer zu identifizieren und die Anmeldeinformationen bei Google-Diensten zu verfolgen<\/div>\r\n<\/td>\r\n<td>\r\n<div>Eindeutige ID<\/div>\r\n<\/td>\r\n<td>\r\n<div>2 Jahre<\/div>\r\n<\/td>\r\n<td>\r\n<div>Google<\/div>\r\n<\/td>\r\n<\/tr>\r\n<tr>\r\n<td>\r\n<div>APISID<\/div>\r\n<\/td>\r\n<td>\r\n<div>Funktionale Cookies<\/div>\r\n<\/td>\r\n<td>\r\n<div>Wird verwendet, um einen Benutzer zu identifizieren und die Anmeldeinformationen bei Google-Diensten zu verfolgen<\/div>\r\n<\/td>\r\n<td>\r\n<div>Eindeutige ID<\/div>\r\n<\/td>\r\n<td>\r\n<div>2 Jahre<\/div>\r\n<\/td>\r\n<td>\r\n<div>Google<\/div>\r\n<\/td>\r\n<\/tr>\r\n<tr>\r\n<td>\r\n<div>SAPISIDE<\/div>\r\n<\/td>\r\n<td>\r\n<div>Funktionale Cookies<\/div>\r\n<\/td>\r\n<td>\r\n<div>Wird verwendet, um einen Benutzer zu identifizieren und die Anmeldeinformationen bei Google-Diensten zu verfolgen<\/div>\r\n<\/td>\r\n<td>\r\n<div>Eindeutige ID<\/div>\r\n<\/td>\r\n<td>\r\n<div>2 Jahre<\/div>\r\n<\/td>\r\n<td>\r\n<div>Google<\/div>\r\n<\/td>\r\n<\/tr>\r\n<tr>\r\n<td>\r\n<div>NID<\/div>\r\n<\/td>\r\n<td>\r\n<div>Funktionale Cookies<\/div>\r\n<\/td>\r\n<td>\r\n<div>Wird verwendet, um Besucherpr\u00e4ferenzen zu speichern<\/div>\r\n<div>\u00a0<\/div>\r\n<\/td>\r\n<td>\r\n<div>Eindeutige ID<\/div>\r\n<\/td>\r\n<td>\r\n<div>6 Monate<\/div>\r\n<\/td>\r\n<td>\r\n<div>Google<\/div>\r\n<\/td>\r\n<\/tr>\r\n<\/tbody>\r\n<\/table>\r\n<\/div>","protected":false},"excerpt":{"rendered":"<p>Ce sunt cookie-urile? \u00a0 Un cookie este un fi\u0219ier text care este plasat de serverul unui site web \u00een browser-ul<\/p>","protected":false},"author":1,"featured_media":0,"parent":0,"menu_order":0,"comment_status":"closed","ping_status":"closed","template":"","meta":{"footnotes":""},"class_list":["post-616","page","type-page","status-publish","hentry"],"_links":{"self":[{"href":"https:\/\/asicasa-design.ro\/de\/wp-json\/wp\/v2\/pages\/616","targetHints":{"allow":["GET"]}}],"collection":[{"href":"https:\/\/asicasa-design.ro\/de\/wp-json\/wp\/v2\/pages"}],"about":[{"href":"https:\/\/asicasa-design.ro\/de\/wp-json\/wp\/v2\/types\/page"}],"author":[{"embeddable":true,"href":"https:\/\/asicasa-design.ro\/de\/wp-json\/wp\/v2\/users\/1"}],"replies":[{"embeddable":true,"href":"https:\/\/asicasa-design.ro\/de\/wp-json\/wp\/v2\/comments?post=616"}],"version-history":[{"count":1,"href":"https:\/\/asicasa-design.ro\/de\/wp-json\/wp\/v2\/pages\/616\/revisions"}],"predecessor-version":[{"id":617,"href":"https:\/\/asicasa-design.ro\/de\/wp-json\/wp\/v2\/pages\/616\/revisions\/617"}],"wp:attachment":[{"href":"https:\/\/asicasa-design.ro\/de\/wp-json\/wp\/v2\/media?parent=616"}],"curies":[{"name":"wp","href":"https:\/\/api.w.org\/{rel}","templated":true}]}}