{"id":830,"date":"2024-09-14T08:14:25","date_gmt":"2024-09-14T08:14:25","guid":{"rendered":"https:\/\/asicasa-design.ro\/?page_id=830"},"modified":"2025-03-07T06:49:25","modified_gmt":"2025-03-07T06:49:25","slug":"lieferung","status":"publish","type":"page","link":"https:\/\/asicasa-design.ro\/de\/lieferung\/","title":{"rendered":"Lieferung"},"content":{"rendered":"<p><img loading=\"lazy\" decoding=\"async\" class=\"alignnone size-full wp-image-833\" src=\"https:\/\/asicasa-design.ro\/wp-content\/uploads\/2024\/09\/DHL_Header-1024x198-1.png\" alt=\"\" width=\"1024\" height=\"198\" srcset=\"https:\/\/asicasa-design.ro\/wp-content\/uploads\/2024\/09\/DHL_Header-1024x198-1.png 1024w, https:\/\/asicasa-design.ro\/wp-content\/uploads\/2024\/09\/DHL_Header-1024x198-1-300x58.png 300w, https:\/\/asicasa-design.ro\/wp-content\/uploads\/2024\/09\/DHL_Header-1024x198-1-768x149.png 768w, https:\/\/asicasa-design.ro\/wp-content\/uploads\/2024\/09\/DHL_Header-1024x198-1-18x3.png 18w, https:\/\/asicasa-design.ro\/wp-content\/uploads\/2024\/09\/DHL_Header-1024x198-1-150x29.png 150w\" sizes=\"auto, (max-width: 1024px) 100vw, 1024px\" \/><\/p>\n<p>Bei Inlandssendungen gehen die Produkte innerhalb von 48 Stunden beim Kurierunternehmen ein. Jetzt bieten wir an <b>kostenloser Versand per DHL<\/b> in bestimmten L\u00e4ndern au\u00dferhalb Rum\u00e4niens. Ihre Bestellungen werden innerhalb von 24 Stunden versandt <b>2 Werktage<\/b> und sie werden schnell und sicher an Ihre Haust\u00fcr geliefert.<\/p>\n<h4>L\u00e4nder, in die wir versenden<\/h4>\n<p><b>BEREICH 1<\/b>: \u00d6sterreich, Bulgarien, Deutschland, Griechenland, Ungarn<\/p>\n<p><b>BEREICH 2<\/b>: Belgien, Tschechische Republik, Kroatien, Frankreich, Italien, Luxemburg, Monaco, Niederlande, Polen, Slowakei, Slowenien, Vatikan<\/p>\n<p><b>ZONE 3<\/b>: D\u00e4nemark, Estland, Finnland, Irland, Lettland, Litauen, Portugal, Spanien, Schweden<\/p>\n<p><b>R\u00dcCKGABERECHT<\/b>: Wenn Sie mit den bestellten Produkten nicht zufrieden sind, k\u00f6nnen Sie diese zur\u00fcckgeben. Sie m\u00fcssen die Produkte unbesch\u00e4digt, in der Originalverpackung und in einem f\u00fcr den Wiederverkauf geeigneten Zustand zur\u00fcckgeben.<\/p>","protected":false},"excerpt":{"rendered":"<p>Pentru expedierile interne, produsele sunt primite de firma de curierat in termen de 48 de ore. Acum oferim livrare gratuit\u0103<\/p>","protected":false},"author":1,"featured_media":0,"parent":0,"menu_order":0,"comment_status":"closed","ping_status":"closed","template":"","meta":{"footnotes":""},"class_list":["post-830","page","type-page","status-publish","hentry"],"_links":{"self":[{"href":"https:\/\/asicasa-design.ro\/de\/wp-json\/wp\/v2\/pages\/830","targetHints":{"allow":["GET"]}}],"collection":[{"href":"https:\/\/asicasa-design.ro\/de\/wp-json\/wp\/v2\/pages"}],"about":[{"href":"https:\/\/asicasa-design.ro\/de\/wp-json\/wp\/v2\/types\/page"}],"author":[{"embeddable":true,"href":"https:\/\/asicasa-design.ro\/de\/wp-json\/wp\/v2\/users\/1"}],"replies":[{"embeddable":true,"href":"https:\/\/asicasa-design.ro\/de\/wp-json\/wp\/v2\/comments?post=830"}],"version-history":[{"count":8,"href":"https:\/\/asicasa-design.ro\/de\/wp-json\/wp\/v2\/pages\/830\/revisions"}],"predecessor-version":[{"id":940,"href":"https:\/\/asicasa-design.ro\/de\/wp-json\/wp\/v2\/pages\/830\/revisions\/940"}],"wp:attachment":[{"href":"https:\/\/asicasa-design.ro\/de\/wp-json\/wp\/v2\/media?parent=830"}],"curies":[{"name":"wp","href":"https:\/\/api.w.org\/{rel}","templated":true}]}}