{"id":1026,"date":"2025-09-06T12:23:28","date_gmt":"2025-09-06T12:23:28","guid":{"rendered":"https:\/\/asicasa-design.ro\/?post_type=product&#038;p=1026"},"modified":"2025-09-15T16:50:27","modified_gmt":"2025-09-15T16:50:27","slug":"dekorative-warmedammende-paneele-in-marmoroptik","status":"publish","type":"product","link":"https:\/\/asicasa-design.ro\/de\/produktiv\/dekorative-warmedammende-paneele-in-marmoroptik\/","title":{"rendered":"Dekorative W\u00e4rmed\u00e4mmplatten \u2013 Marmormuster"},"content":{"rendered":"<div class=\"wpb-content-wrapper\"><div class=\"vc_row wpb_row vc_row-fluid\"><div class=\"wpb_column vc_column_container vc_col-sm-12\"><div class=\"vc_column-inner\"><div class=\"wpb_wrapper\">\t\t<div id=\"wd-66040d884afbc\" class=\"wd-image wd-wpb wd-rs-66040d884afbc text-left\">\n\t\t\t\n\t\t\t<img loading=\"lazy\" decoding=\"async\" width=\"680\" height=\"280\" src=\"data:image\/png;base64,iVBORw0KGgoAAAANSUhEUgAAABkAAAAKCAMAAAB2dQVkAAAC4lBMVEX29vfa2typq62\/w8W+xcjAxcfDxsfEx8nEyMq\/x8nCxsfCxcbBxce9w8a2vsCzt7iusbK6po3DfS+hj3uanZ6Xm5y xnJ6kq63Mz 4wMK5wMK5v8G5vsC2vb+zu72zury xt7mutLapsbOsqqHGjkWeinKRl5mjqarGx8fy8vHb3N2oqauztrm2u763vL25vL26vL+5vL+3vL+4vL2. 5u7y3ur21ubyzuLqztreztbews7assbSurKa0 n4Kil4yQlJalqavCw8Pg2tjLy82bm522po+\/r5SzuLm2 uLm3ubvNv7PDsaO9vr+ysrO6uryytLakp6iqq6ujo6Sdnp+iqayorK6nqauipaiOk5ajqqy4uLi5sq+cnJ5\/f3+ uhlXGmVqrraqwtLWytLWyn5KtflqWkpCZmZm3t7ejo6OGhoahoaGSkpKmpqaFiIqZl5OVlpSIjY+fpKWml4x7Y1B wb29kZWdqZFx1ZFCblIWss7Onq6yonJTOjV2xiGyXjYavrq6bmZiOjo6bmZeQkI+ MjIxzc3OPiIKNhYCGhYNvdHaVmZrHwLuuc0drY19ZV1aMg3qekH+onI+vq6a3sq7NtaPromupiHGWko+cm5qenZyqp6TFr5mrpJ+VlJSBgYBtamdxa2dwbWpMTEt3dnTOzMu5dUKPcFyUemuylYTFppTNrp3UtqbYv7HmrYDnm FmgiXmUioWNgnuThXugkoeimJKbjoWci3+GdmxhSz1jSz1qU0VeSj5uWkyah3q3cTnSp4nmybrpzsHsy7rmv6fnx7Xq0cXywJ7sr4bHo42+moa4k32th2+ogmimgGmddVuieFygfmqgf22efWucfWuZeWacfm2egXBK\/hv mAAABD0lEQVQY0wEEAfv+AAABAgMEBQYHCAkKCwwNDg8QERITFBUWFxgAGRobHB0eHx8gISIjJCUmJygpKissLS4vMAAZMRsyMzQ1Njc4OTo7PD0+P0BBQkNERUZHAEhJSktMTU5PUFFSU1RVVldYWVpbXF1eX2AAYWJjZGVmZ2hpamtsbW5vcHFyc3R 1dnd4eQB6e3x9fn+AgYKDhIWGh4iJiouMjY4Vj5CRAJKTlJWWl5iZmpucnZ6foKGio6SlpqeoqaoAq6ytrq+wsbKztLW2t7i5uru8vb6\/wMHCwwDExcbHyMnKy8zNzs\/Q0dLT1NXW19jZ2tvcAN3e3+Dh4uPk5ebn6On q6+zt7u\/w8fLz9PWqs3YgOSafowAAAABJRU5ErkJggg==\" class=\"attachment-full size-full wd-lazy-load wd-lazy-fade\" alt=\"Asicasa dekorative Polystyrolschaumplatten\" srcset=\"\" sizes=\"auto, (max-width: 680px) 100vw, 680px\" data-wood-src=\"https:\/\/asicasa-design.ro\/wp-content\/uploads\/2024\/03\/product-description-banner-01.png\" data-srcset=\"\" \/>\n\t\t\t\t\t<\/div>\n\t\t\t\t<div id=\"wd-67c2c147edb3c\" class=\"wd-text-block wd-wpb reset-last-child wd-rs-67c2c147edb3c text-left\">\n\t\t\t<p class=\"Normal tm5\"><span class=\"tm6\">Unsere Produkte enthalten EPS mit einer Mindestdichte von 100. Die gezeigten Bilder dienen lediglich als Beispiele; bei den anderen Modellen k\u00f6nnen Sie das gew\u00fcnschte Design aus dem Katalog ausw\u00e4hlen.<\/span><\/p>\n<p>Unsere Produkte verf\u00fcgen \u00fcber eine spezielle zus\u00e4tzliche geh\u00e4rtete Acrylschicht und haben das Aussehen und die Textur von Naturstein, Holz oder Marmor. Dank unserer speziellen Lackiertechnik werden sie mit UV-Schutz hergestellt und sind best\u00e4ndig gegen alle Witterungseinfl\u00fcsse.<\/p>\n<p>Die Montage kann mit jedem beliebigen Styroporkleber erfolgen. Nach dem Auftragen verl\u00e4ngert die Verwendung eines Holzlacks auf Wasserbasis die Lebensdauer des Produkts. Es ist kein zus\u00e4tzliches Streichen oder Grundieren erforderlich.<\/p>\n\t\t<\/div>\n\t\t<\/div><\/div><\/div><\/div>\n<\/div>","protected":false},"excerpt":{"rendered":"<p><b>Eleganz<\/b><b> von <\/b><b>Stein<\/b><b>\u00a0<\/b><b>nat\u00fcrlich<\/b><b> mit <\/b><b>Technologie<\/b><b>\u00a0<\/b><b>Modern<\/b><b>!<\/b><\/p>\n<p>Dekorative W\u00e4rmed\u00e4mmplatten in Holzoptik <b>Marmor<\/b>\u00a0verbindet die edle Sch\u00f6nheit von Naturstein mit den Vorteilen der W\u00e4rme- und Schalld\u00e4mmung.<\/p>\n<p>\u2714\u00a0<b>Gr\u00f6\u00dfe<\/b><b>\u00a0<\/b><b>verf\u00fcgbar<\/b>:<\/p>\n<ul>\n<li>200 x 50 x 3 cm \u2013 <b>100 RON \/ m\u00b2<\/b><\/li>\n<li>200 x 50 x 4 cm \u2013 <b>110 RON \/ m\u00b2<\/b><\/li>\n<li>200 x 50 x 5 cm \u2013 <b>120 RON \/ m\u00b2<\/b><br \/>\n<i>(<\/i><i>Preise<\/i><i>\u00a0<\/i><i>INKLUSIVE<\/i><i> Mehrwertsteuer <\/i><i>Und<\/i><i> Transport <\/i><i>frei<\/i><i>)<\/i><\/li>\n<\/ul>\n<p><b>Vorteile<\/b><b>\u00a0<\/b><b>lebenswichtig<\/b><\/p>\n<ul>\n<li>Schnelle und saubere Montage an jeder Fassade.<\/li>\n<li>Extra harte Oberfl\u00e4che, sto\u00df- und witterungsbest\u00e4ndig.<\/li>\n<li>Lange Haltbarkeit, UV-Schutz.<\/li>\n<li>Zeitersparnis und Reduzierung der Ausf\u00fchrungskosten.<\/li>\n<li>Edle nat\u00fcrliche Marmoroptik.<\/li>\n<li>Zertifizierung\u00a0<b>B1 <\/b><b>Widerstand<\/b><b> ZU <\/b><b>Feuer<\/b>.<\/li>\n<li>Kostenloser Versand in ganz Rum\u00e4nien.<\/li>\n<\/ul>\n<p><b>Bestellungen<\/b><b>\u00a0<\/b><b>Und<\/b><b>\u00a0<\/b><b>Lieferung<\/b><\/p>\n<ul>\n<li><b>Befehl<\/b><b>\u00a0<\/b><b>Minimum<\/b>: 150 m\u00b2.<\/li>\n<li><b>Lieferung<\/b>: max. 3 Wochen (f\u00fcr \u2265150 m\u00b2).<\/li>\n<li>Unter 150 m\u00b2 kann die Lieferzeit abweichen.<\/li>\n<\/ul>\n<p>\ud83d\udd0e W\u00e4hlen Sie das gew\u00fcnschte Modell aus <b>KATALOG<\/b><b> online<\/b>: <a title=\"http:\/\/www.asicasa-design.ro\" href=\"https:\/\/asicasa-design.ro\/de\/\"><u>www.asicasa-design.ro<\/u><\/a>.<\/p>\n<p>\u26a0\ufe0f\u00a0<b>VORSICHTIG<\/b>: Zwischen den Farben in den Bildern und dem tats\u00e4chlichen Produkt kann ein Unterschied von 5\u201315% bestehen.<br \/>\n\ud83d\udcde Kontakt: <b>0040 737 603 918<\/b><\/p>","protected":false},"featured_media":1027,"template":"","meta":[],"product_brand":[],"product_cat":[109,80],"product_tag":[99],"class_list":{"0":"post-1026","1":"product","2":"type-product","3":"status-publish","4":"has-post-thumbnail","6":"product_cat-termosistem-decorativ-3d-uv","7":"product_cat-termosistem-decorativ-de-exterior","8":"product_tag-termosistem-decorativ","10":"first","11":"onbackorder","12":"taxable","13":"shipping-taxable","14":"product-type-simple"},"_links":{"self":[{"href":"https:\/\/asicasa-design.ro\/de\/wp-json\/wp\/v2\/product\/1026","targetHints":{"allow":["GET"]}}],"collection":[{"href":"https:\/\/asicasa-design.ro\/de\/wp-json\/wp\/v2\/product"}],"about":[{"href":"https:\/\/asicasa-design.ro\/de\/wp-json\/wp\/v2\/types\/product"}],"wp:featuredmedia":[{"embeddable":true,"href":"https:\/\/asicasa-design.ro\/de\/wp-json\/wp\/v2\/media\/1027"}],"wp:attachment":[{"href":"https:\/\/asicasa-design.ro\/de\/wp-json\/wp\/v2\/media?parent=1026"}],"wp:term":[{"taxonomy":"product_brand","embeddable":true,"href":"https:\/\/asicasa-design.ro\/de\/wp-json\/wp\/v2\/product_brand?post=1026"},{"taxonomy":"product_cat","embeddable":true,"href":"https:\/\/asicasa-design.ro\/de\/wp-json\/wp\/v2\/product_cat?post=1026"},{"taxonomy":"product_tag","embeddable":true,"href":"https:\/\/asicasa-design.ro\/de\/wp-json\/wp\/v2\/product_tag?post=1026"}],"curies":[{"name":"wp","href":"https:\/\/api.w.org\/{rel}","templated":true}]}}