{"id":1114,"date":"2026-01-22T16:11:17","date_gmt":"2026-01-22T16:11:17","guid":{"rendered":"https:\/\/asicasa-design.ro\/?post_type=product&#038;p=1114"},"modified":"2026-05-02T07:04:49","modified_gmt":"2026-05-02T07:04:49","slug":"rotes-trikot","status":"publish","type":"product","link":"https:\/\/asicasa-design.ro\/de\/produktiv\/rotes-trikot\/","title":{"rendered":"START-Paket: Hochbest\u00e4ndige Konstruktion und maximale Isolierung"},"content":{"rendered":"<div class=\"wpb-content-wrapper\"><div class=\"vc_row wpb_row vc_row-fluid\"><div class=\"wpb_column vc_column_container vc_col-sm-12\"><div class=\"vc_column-inner\"><div class=\"wpb_wrapper\">\t\t<div id=\"wd-66040d884afbc\" class=\"wd-image wd-wpb wd-rs-66040d884afbc text-left\">\n\t\t\t\n\t\t\t<img loading=\"lazy\" decoding=\"async\" width=\"680\" height=\"280\" src=\"data:image\/png;base64,iVBORw0KGgoAAAANSUhEUgAAABkAAAAKCAMAAAB2dQVkAAAC4lBMVEX29vfa2typq62\/w8W+xcjAxcfDxsfEx8nEyMq\/x8nCxsfCxcbBxce9w8a2vsCzt7iusbK6po3DfS+hj3uanZ6Xm5y xnJ6kq63Mz 4wMK5wMK5v8G5vsC2vb+zu72zury xt7mutLapsbOsqqHGjkWeinKRl5mjqarGx8fy8vHb3N2oqauztrm2u763vL25vL26vL+5vL+3vL+4vL2. 5u7y3ur21ubyzuLqztreztbews7assbSurKa0 n4Kil4yQlJalqavCw8Pg2tjLy82bm522po+\/r5SzuLm2 uLm3ubvNv7PDsaO9vr+ysrO6uryytLakp6iqq6ujo6Sdnp+iqayorK6nqauipaiOk5ajqqy4uLi5sq+cnJ5\/f3+ uhlXGmVqrraqwtLWytLWyn5KtflqWkpCZmZm3t7ejo6OGhoahoaGSkpKmpqaFiIqZl5OVlpSIjY+fpKWml4x7Y1B wb29kZWdqZFx1ZFCblIWss7Onq6yonJTOjV2xiGyXjYavrq6bmZiOjo6bmZeQkI+ MjIxzc3OPiIKNhYCGhYNvdHaVmZrHwLuuc0drY19ZV1aMg3qekH+onI+vq6a3sq7NtaPromupiHGWko+cm5qenZyqp6TFr5mrpJ+VlJSBgYBtamdxa2dwbWpMTEt3dnTOzMu5dUKPcFyUemuylYTFppTNrp3UtqbYv7HmrYDnm FmgiXmUioWNgnuThXugkoeimJKbjoWci3+GdmxhSz1jSz1qU0VeSj5uWkyah3q3cTnSp4nmybrpzsHsy7rmv6fnx7Xq0cXywJ7sr4bHo42+moa4k32th2+ogmimgGmddVuieFygfmqgf22efWucfWuZeWacfm2egXBK\/hv mAAABD0lEQVQY0wEEAfv+AAABAgMEBQYHCAkKCwwNDg8QERITFBUWFxgAGRobHB0eHx8gISIjJCUmJygpKissLS4vMAAZMRsyMzQ1Njc4OTo7PD0+P0BBQkNERUZHAEhJSktMTU5PUFFSU1RVVldYWVpbXF1eX2AAYWJjZGVmZ2hpamtsbW5vcHFyc3R 1dnd4eQB6e3x9fn+AgYKDhIWGh4iJiouMjY4Vj5CRAJKTlJWWl5iZmpucnZ6foKGio6SlpqeoqaoAq6ytrq+wsbKztLW2t7i5uru8vb6\/wMHCwwDExcbHyMnKy8zNzs\/Q0dLT1NXW19jZ2tvcAN3e3+Dh4uPk5ebn6On q6+zt7u\/w8fLz9PWqs3YgOSafowAAAABJRU5ErkJggg==\" class=\"attachment-full size-full wd-lazy-load wd-lazy-fade\" alt=\"Asicasa dekorative Polystyrolschaumplatten\" srcset=\"\" sizes=\"auto, (max-width: 680px) 100vw, 680px\" data-wood-src=\"https:\/\/asicasa-design.ro\/wp-content\/uploads\/2024\/03\/product-description-banner-01.png\" data-srcset=\"\" \/>\n\t\t\t\t\t<\/div>\n\t\t\t\t<div id=\"wd-69f5a1f4325ce\" class=\"wd-text-block wd-wpb reset-last-child wd-rs-69f5a1f4325ce text-left\">\n\t\t\t<p data-path-to-node=\"1\"><b data-path-to-node=\"1\" data-index-in-node=\"0\">Die Komplettl\u00f6sung f\u00fcr den Bau des Bauwerks \u201eLa Ro\u0219u\u201d \u2013 Qualit\u00e4t und Effizienz bis ins kleinste Detail<\/b><\/p>\n<p data-path-to-node=\"2\">Verwirklichen Sie Ihr Bauvorhaben mit diesem Premium-Bausatz, der speziell f\u00fcr die schnelle Fertigstellung des Rohbaus entwickelt wurde und Ihnen maximale Flexibilit\u00e4t bei der Montage bietet. Der Bausatz beinhaltet eine 1,2 mm starke Leichtstahlkonstruktion, CNC-gefr\u00e4st f\u00fcr millimetergenaue Pr\u00e4zision, sowie ein komplettes Wandsystem mit 140 mm Profilen au\u00dfen und 120 mm innen, eine hochwertige W\u00e4rmed\u00e4mmung mit Knauf Basaltwolle und eine feuchtigkeitsbest\u00e4ndige, feuerfeste Boardex A1 Fassadenverkleidung. Die Infrastruktur f\u00fcr Elektro- und Sanit\u00e4rinstallationen ist bereits integriert, und das Dach besteht aus 40 mm starken Sandwichpaneelen. Dieser Bausatz wird Ihnen innerhalb Rum\u00e4niens zum attraktiven Preis von 269 \u20ac\/m\u00b2 (zzgl. MwSt.) inklusive Transport geliefert. So haben Sie alle ben\u00f6tigten Materialien direkt vor Ort und k\u00f6nnen sofort mit dem Bau beginnen.<\/p>\n\t\t<\/div>\n\t\t<\/div><\/div><\/div><\/div>\n<\/div>","protected":false},"excerpt":{"rendered":"<p>Dieses Paket stellt die professionelle L\u00f6sung dar f\u00fcr\u00a0<b>Konstruktion<\/b><b> ZU <\/b><b>Rot<\/b>, die Stahlkonstruktion mit der Dicke von <b>1,2 mm<\/b> mit Hochleistungsisolationsschichten, die f\u00fcr eine unbegrenzte Lebensdauer ausgelegt sind.<\/p>\n<p><b>1. <\/b><b>Das System<\/b><b>\u00a0<\/b><b>Hafen<\/b><b> (<\/b><b>Struktur<\/b><b>\u00a0<\/b><b>Statik<\/b><b>\u00a0<\/b><b>Vorauszahlung<\/b><b>)<\/b><\/p>\n<p>Das Tragwerk unserer Geb\u00e4ude besteht aus hochdichtem, verzinktem Stahl, der mittels pr\u00e4ziser Walzprofiliertechnik hergestellt wird.<\/p>\n<ul>\n<li><b>Qualit\u00e4t<\/b><b>\u00a0<\/b><b>Stahl<\/b><b>:<\/b> S280 (Baustahl mit hoher Erdbebenbest\u00e4ndigkeit).<\/li>\n<li><b>Tiefe<\/b><b>\u00a0<\/b><b>Profil<\/b><b>:<\/b>\u00a0<b>1,2 mm<\/b> (Gew\u00e4hrleistet maximale Steifigkeit und \u00fcberlegene Tragf\u00e4higkeit).<\/li>\n<li><b>Struktur<\/b><b>\u00a0<\/b><b>Mauern<\/b><b>\u00a0<\/b><b>Mauern<\/b><b>:<\/b> Stahlprofile mit einer Breite von 140 mm.<\/li>\n<li><b>Struktur<\/b><b>\u00a0<\/b><b>Mauern<\/b><b>\u00a0<\/b><b>Innere<\/b><b>:<\/b> Stahlprofile mit einer Breite von 80 mm.<\/li>\n<\/ul>\n<p><b>2. <\/b><b>Mauern<\/b><b>\u00a0<\/b><b>Und<\/b><b>\u00a0<\/b><b>Schichten<\/b><b> von <\/b><b>Isolierung<\/b><b> (<\/b><b>Komfort<\/b><b> Thermal <\/b><b>Und<\/b><b>\u00a0<\/b><b>Akustik<\/b><b>)<\/b><\/p>\n<p>Wir wenden hohe D\u00e4mmstandards nicht nur an der Au\u00dfenseite, sondern auch zwischen den R\u00e4umen an, um ein optimales Raumklima zu gew\u00e4hrleisten.<\/p>\n<ul>\n<li><b>Mauern<\/b><b>\u00a0<\/b><b>Mauern<\/b><b>:<\/b><\/li>\n<li><b>Isolierung<\/b><b>:<\/b> 16 cm (8+8) Mineralwolle (\u00dcberlegene W\u00e4rmeeffizienz).<\/li>\n<li><b>\u00dcberzug<\/b><b>\u00a0<\/b><b>\u00e4u\u00dfere<\/b><b>:<\/b>\u00a0Boardex Klasse A1 (feuer-, wasser- und feuchtigkeitsbest\u00e4ndige Platten).<\/li>\n<li><b>Mauern<\/b><b>\u00a0<\/b><b>Innere<\/b><b>:<\/b><\/li>\n<li><b>Isolierung<\/b><b>:<\/b>\u00a0<b>8 cm <\/b><b>Watte<\/b><b>\u00a0<\/b><b>Bergbau<\/b> (Hervorragende Schalld\u00e4mmung zwischen den R\u00e4umen).<\/li>\n<li><b>Schichten<\/b><b>:<\/b> OSB 11 mm (Statische Unterst\u00fctzung\/Steifigkeit) + Gipskartonplatte 12 mm (Glatte Oberfl\u00e4che).<\/li>\n<\/ul>\n<p><b>3. <\/b><b>Das System<\/b><b> von <\/b><b>Dach<\/b><b>\u00a0<\/b><b>Und<\/b><b> Decke<\/b><\/p>\n<ul>\n<li><b>DACH<\/b><b>\u00a0<\/b><b>Dach<\/b><b>:<\/b> Fliesen-\/Plattenpaneel mit Einsatz <b>Polyurethan<\/b><b> 10 mm<\/b>(Verhindert W\u00e4rmebr\u00fccken und erh\u00f6ht den Widerstand).<\/li>\n<li><b>Beenden<\/b><b> Decke:<\/b>\u00a0Standard-Trockenbauplatten.<\/li>\n<li><b>Isolierung<\/b><b> Decke:<\/b>\u00a010 cm Mineralwolle wurden an der Decke angebracht.<\/li>\n<\/ul>\n<p><img loading=\"lazy\" decoding=\"async\" src=\"data:image\/png;base64,iVBORw0KGgoAAAANSUhEUgAAAAEAAAACCAYAAACZgbYnAAAAAXNSR0IArs4c6QAAAAtJREFUGFdjYIABAAAKAAGvCxcwAAAAAElFTkSuQmCC\" width=\"1\" height=\"2\" \/><\/p>\n<p><b>\ud83d\udcca<\/b><b> Tabelle mit <\/b><b>Spezifikationen<\/b><b>\u00a0<\/b><b>TECHNISCH<\/b><\/p>\n<table border=\"0\" cellspacing=\"2\" cellpadding=\"0\">\n<tbody>\n<tr>\n<td width=\"127\"><b>Verbindung<\/b><\/td>\n<td width=\"153\"><b>Details<\/b><b>\u00a0<\/b><b>TECHNISCH<\/b><\/td>\n<td width=\"337\"><b>Vorteil<\/b><b>\u00a0<\/b><b>Maschinenbau<\/b><\/td>\n<\/tr>\n<tr>\n<td width=\"127\"><b>Dicke<\/b><b>\u00a0<\/b><b>Profil<\/b><\/td>\n<td width=\"153\"><b>1,2 mm <\/b><b>Stahl<\/b><b> S280<\/b><\/td>\n<td width=\"337\">Tragf\u00e4higkeit \u00fcber den Marktstandards<\/td>\n<\/tr>\n<tr>\n<td width=\"127\"><b>Isolierung<\/b><b> Durchwahl.<\/b><\/td>\n<td width=\"153\">16 cm Mineralwolle<\/td>\n<td width=\"337\">Maximale Einsparungen bei den Heizkosten<\/td>\n<\/tr>\n<tr>\n<td width=\"127\"><b>Isolierung<\/b><b> Int.<\/b><\/td>\n<td width=\"153\"><b>8 cm <\/b><b>Watte<\/b><b>\u00a0<\/b><b>Bergbau<\/b><\/td>\n<td width=\"337\">Hohe akustische Privatsph\u00e4re zwischen den R\u00e4umen<\/td>\n<\/tr>\n<tr>\n<td width=\"127\"><b>\u00dcberzug<\/b><b> Durchwahl.<\/b><\/td>\n<td width=\"153\">Boardex Klasse A1<\/td>\n<td width=\"337\">Brandschutz und Witterungsbest\u00e4ndigkeit<\/td>\n<\/tr>\n<tr>\n<td width=\"127\"><b>Struktur<\/b><b>\u00a0<\/b><b>Mauern<\/b><\/td>\n<td width=\"153\">OSB + Trockenbau<\/td>\n<td width=\"337\">Starre und sto\u00dffeste Innenw\u00e4nde<\/td>\n<\/tr>\n<\/tbody>\n<\/table>\n<p><strong>PREIS M2 269 EURO + MwSt.<\/strong><\/p>\n<p>&nbsp;<\/p>\n<p>Die Preise beinhalten alle f\u00fcr Ihr Projekt ben\u00f6tigten Baumaterialien sowie den Transport innerhalb Rum\u00e4niens. <b>Montage<\/b><b>\u00a0<\/b><b>Und<\/b><b>\u00a0<\/b><b>VERARBEITUNG<\/b><b> Ich bin es nicht <\/b><b>enthalten<\/b><b>\u00a0<\/b><b>In<\/b><b>\u00a0<\/b><b>Preis<\/b><b>.<\/b><\/p>","protected":false},"featured_media":1115,"template":"","meta":[],"product_brand":[],"product_cat":[110],"product_tag":[99],"class_list":{"0":"post-1114","1":"product","2":"type-product","3":"status-publish","4":"has-post-thumbnail","6":"product_cat-casa-din-otel-usor","7":"product_tag-termosistem-decorativ","9":"first","10":"onbackorder","11":"taxable","12":"shipping-taxable","13":"product-type-simple"},"_links":{"self":[{"href":"https:\/\/asicasa-design.ro\/de\/wp-json\/wp\/v2\/product\/1114","targetHints":{"allow":["GET"]}}],"collection":[{"href":"https:\/\/asicasa-design.ro\/de\/wp-json\/wp\/v2\/product"}],"about":[{"href":"https:\/\/asicasa-design.ro\/de\/wp-json\/wp\/v2\/types\/product"}],"wp:featuredmedia":[{"embeddable":true,"href":"https:\/\/asicasa-design.ro\/de\/wp-json\/wp\/v2\/media\/1115"}],"wp:attachment":[{"href":"https:\/\/asicasa-design.ro\/de\/wp-json\/wp\/v2\/media?parent=1114"}],"wp:term":[{"taxonomy":"product_brand","embeddable":true,"href":"https:\/\/asicasa-design.ro\/de\/wp-json\/wp\/v2\/product_brand?post=1114"},{"taxonomy":"product_cat","embeddable":true,"href":"https:\/\/asicasa-design.ro\/de\/wp-json\/wp\/v2\/product_cat?post=1114"},{"taxonomy":"product_tag","embeddable":true,"href":"https:\/\/asicasa-design.ro\/de\/wp-json\/wp\/v2\/product_tag?post=1114"}],"curies":[{"name":"wp","href":"https:\/\/api.w.org\/{rel}","templated":true}]}}