{"id":1117,"date":"2026-01-22T19:12:52","date_gmt":"2026-01-22T19:12:52","guid":{"rendered":"https:\/\/asicasa-design.ro\/?post_type=product&#038;p=1117"},"modified":"2026-05-02T07:03:14","modified_gmt":"2026-05-02T07:03:14","slug":"premium-kit","status":"publish","type":"product","link":"https:\/\/asicasa-design.ro\/de\/produktiv\/premium-kit\/","title":{"rendered":"KOMFORT-Paket: Effizientes und voll ausgestattetes Zuhause"},"content":{"rendered":"<div class=\"wpb-content-wrapper\"><div class=\"vc_row wpb_row vc_row-fluid\"><div class=\"wpb_column vc_column_container vc_col-sm-12\"><div class=\"vc_column-inner\"><div class=\"wpb_wrapper\">\t\t<div id=\"wd-66040d884afbc\" class=\"wd-image wd-wpb wd-rs-66040d884afbc text-left\">\n\t\t\t\n\t\t\t<img loading=\"lazy\" decoding=\"async\" width=\"680\" height=\"280\" src=\"data:image\/png;base64,iVBORw0KGgoAAAANSUhEUgAAABkAAAAKCAMAAAB2dQVkAAAC4lBMVEX29vfa2typq62\/w8W+xcjAxcfDxsfEx8nEyMq\/x8nCxsfCxcbBxce9w8a2vsCzt7iusbK6po3DfS+hj3uanZ6Xm5y xnJ6kq63Mz 4wMK5wMK5v8G5vsC2vb+zu72zury xt7mutLapsbOsqqHGjkWeinKRl5mjqarGx8fy8vHb3N2oqauztrm2u763vL25vL26vL+5vL+3vL+4vL2. 5u7y3ur21ubyzuLqztreztbews7assbSurKa0 n4Kil4yQlJalqavCw8Pg2tjLy82bm522po+\/r5SzuLm2 uLm3ubvNv7PDsaO9vr+ysrO6uryytLakp6iqq6ujo6Sdnp+iqayorK6nqauipaiOk5ajqqy4uLi5sq+cnJ5\/f3+ uhlXGmVqrraqwtLWytLWyn5KtflqWkpCZmZm3t7ejo6OGhoahoaGSkpKmpqaFiIqZl5OVlpSIjY+fpKWml4x7Y1B wb29kZWdqZFx1ZFCblIWss7Onq6yonJTOjV2xiGyXjYavrq6bmZiOjo6bmZeQkI+ MjIxzc3OPiIKNhYCGhYNvdHaVmZrHwLuuc0drY19ZV1aMg3qekH+onI+vq6a3sq7NtaPromupiHGWko+cm5qenZyqp6TFr5mrpJ+VlJSBgYBtamdxa2dwbWpMTEt3dnTOzMu5dUKPcFyUemuylYTFppTNrp3UtqbYv7HmrYDnm FmgiXmUioWNgnuThXugkoeimJKbjoWci3+GdmxhSz1jSz1qU0VeSj5uWkyah3q3cTnSp4nmybrpzsHsy7rmv6fnx7Xq0cXywJ7sr4bHo42+moa4k32th2+ogmimgGmddVuieFygfmqgf22efWucfWuZeWacfm2egXBK\/hv mAAABD0lEQVQY0wEEAfv+AAABAgMEBQYHCAkKCwwNDg8QERITFBUWFxgAGRobHB0eHx8gISIjJCUmJygpKissLS4vMAAZMRsyMzQ1Njc4OTo7PD0+P0BBQkNERUZHAEhJSktMTU5PUFFSU1RVVldYWVpbXF1eX2AAYWJjZGVmZ2hpamtsbW5vcHFyc3R 1dnd4eQB6e3x9fn+AgYKDhIWGh4iJiouMjY4Vj5CRAJKTlJWWl5iZmpucnZ6foKGio6SlpqeoqaoAq6ytrq+wsbKztLW2t7i5uru8vb6\/wMHCwwDExcbHyMnKy8zNzs\/Q0dLT1NXW19jZ2tvcAN3e3+Dh4uPk5ebn6On q6+zt7u\/w8fLz9PWqs3YgOSafowAAAABJRU5ErkJggg==\" class=\"attachment-full size-full wd-lazy-load wd-lazy-fade\" alt=\"Asicasa dekorative Polystyrolschaumplatten\" srcset=\"\" sizes=\"auto, (max-width: 680px) 100vw, 680px\" data-wood-src=\"https:\/\/asicasa-design.ro\/wp-content\/uploads\/2024\/03\/product-description-banner-01.png\" data-srcset=\"\" \/>\n\t\t\t\t\t<\/div>\n\t\t\t\t<div id=\"wd-69f5a1a610c76\" class=\"wd-text-block wd-wpb reset-last-child wd-rs-69f5a1a610c76 text-left\">\n\t\t\t<p data-path-to-node=\"1\"><b data-path-to-node=\"1\" data-index-in-node=\"0\">Premium-Paket: \u201eLa Ro\u0219u\u201d-Struktur und hochwertige Ausstattung \u2013 Maximale Energieeffizienz f\u00fcr Ihr Zuhause<\/b><\/p>\n<p data-path-to-node=\"2\">Duce\u021bi proiectul casei dumneavoastr\u0103 la un nivel superior cu Pachetul Premium, o solu\u021bie complet\u0103 tip KIT care integreaz\u0103 soliditatea structurii &#8222;la ro\u0219u&#8221; cu materiale de finisaj de \u00eenalt\u0103 calitate, preg\u0103tite pentru montaj. Pe l\u00e2ng\u0103 structura de o\u021bel \u0219i izola\u021biile de baz\u0103, acest pachet aduce un plus de confort \u0219i estetic\u0103: la interior primi\u021bi gips-carton suplimentar peste Boardex, amors\u0103 \u0219i vopsea lavabil\u0103, iar la exterior beneficia\u021bi de un termosistem decorativ performant de 10 cm cu acoperire acrilic\u0103 \u0219i r\u0103\u0219in\u0103, completat de elemente arhitecturale elegante (ancadramente ferestre, col\u021bare). Livrat oriunde \u00een Rom\u00e2nia la pre\u021bul de 418 \u20ac\/m\u00b2 (f\u0103r\u0103 TVA, transport inclus), acest KIT v\u0103 ofer\u0103 toate materialele necesare p\u00e2n\u0103 la stadiul de &#8222;alb&#8221; la interior \u0219i termosistem la exterior, l\u0103s\u00e2ndu-v\u0103 libertatea de a alege echipa de montaj \u0219i de a personaliza detaliile finale precum vopseaua exterioar\u0103, ferestrele \u0219i pardoselile.<\/p>\n\t\t<\/div>\n\t\t<\/div><\/div><\/div><\/div>\n<\/div>","protected":false},"excerpt":{"rendered":"<p>Dieses Paket beinhaltet alle strukturellen Vorteile von <b>Paket<\/b><b> Start<\/b>, und vervollst\u00e4ndigt das Haus mit \u00e4sthetischen Au\u00dfenverkleidungen, einem hochisolierenden Dachsystem und der gesamten f\u00fcr einen Umzug notwendigen Infrastruktur.<\/p>\n<p><b>1. <\/b><b>Das System<\/b><b> von <\/b><b>Dach<\/b><b> (<\/b><b>Schutz<\/b><b>\u00a0<\/b><b>Doppelt<\/b><b>\u00a0<\/b><b>Und<\/b><b>\u00a0<\/b><b>Abdichtung<\/b><b>)<\/b><\/p>\n<p>Wir haben die Dachschichten verst\u00e4rkt, um eine perfekte Abdichtung und maximale Haltbarkeit zu gew\u00e4hrleisten:<\/p>\n<ul>\n<li><b>Unterst\u00fctzung<\/b><b> Strukturell:<\/b>\u00a0<b>\u00dcberzug<\/b><b> mit OSB<\/b>\u00a0\u00fcber der Stahlkonstruktion (Erh\u00f6ht die Dachsteifigkeit).<\/li>\n<li><b>Abdichtung<\/b><b>:<\/b>\u00a0<b>Membran<\/b><b>\u00a0<\/b><b>undurchl\u00e4ssig<\/b>\u00a0Wird auf OSB aufgebracht (Gew\u00e4hrleistet eine durchgehende Abdichtung).<\/li>\n<li><b>Letzte Schicht:<\/b>\u00a0Tafel mit Einlage <b>Polyurethan<\/b><b> 10 mm<\/b> (\u00c4sthetisches Erscheinungsbild und hervorragende W\u00e4rmed\u00e4mmung).<\/li>\n<\/ul>\n<p><b>2. <\/b><b>Fassade<\/b><b>\u00a0<\/b><b>Und<\/b><b>\u00a0<\/b><b>Oberfl\u00e4chen<\/b><b>\u00a0<\/b><b>Au\u00dfenbereich<\/b><\/p>\n<ul>\n<li><b>Vorbereitung<\/b><b>\u00a0<\/b><b>Oberfl\u00e4che<\/b><b>:<\/b>\u00a0Aufbringen des Armierungsgewebes und des F\u00fcllmaterials auf die Boardex-Platten.<\/li>\n<li><b>Schicht <\/b><b>Dekorativ<\/b><b>:<\/b>\u00a0<b>Gips<\/b><b>\u00a0<\/b><b>Bergbau<\/b> (Witterungsbest\u00e4ndige dekorative Textur, die es der Wand erm\u00f6glicht zu &quot;atmen&quot;).<\/li>\n<li><b>Beenden<\/b><b>:<\/b>\u00a0<b>Malen<\/b><b> Im Freien<\/b> hohe Qualit\u00e4t, in der gem\u00e4\u00df dem Projekt gew\u00e4hlten Farbe.<\/li>\n<\/ul>\n<p><b>3. <\/b><b>Tischlerei<\/b><b>\u00a0<\/b><b>Und<\/b><b>\u00a0<\/b><b>T\u00fcren<\/b><b> mit <\/b><b>Effizienz<\/b><b>\u00a0<\/b><b>Leistung<\/b><\/p>\n<ul>\n<li><b>Windows<\/b><b>:<\/b>\u00a0Tischlereisysteme\u00a0<b>PVC mit <\/b><b>Glas<\/b><b>\u00a0<\/b><b>Windows<\/b>, mit hohen W\u00e4rme- und Schalld\u00e4mmwerten.<\/li>\n<li><b>T\u00fcr<\/b><b>\u00a0<\/b><b>\u00e4u\u00dfere<\/b><b>:<\/b>\u00a0<b>T\u00fcr<\/b><b>\u00a0<\/b><b>Metall<\/b><b> von <\/b><b>Sicherheit<\/b>, ausgestattet mit W\u00e4rmed\u00e4mmdichtungen.<\/li>\n<li><b>T\u00fcren<\/b><b>\u00a0<\/b><b>INNERE<\/b><b>:<\/b>\u00a0<b>T\u00fcren<\/b><b> AUS <\/b><b>laminiert<\/b> mit modernem Design und langer Lebensdauer.<\/li>\n<\/ul>\n<p><b>4. Innenraum <\/b><b>Und<\/b><b>\u00a0<\/b><b>Einrichtungen<\/b><b> (<\/b><b>System<\/b><b>\u00a0<\/b><b>begraben<\/b><b>)<\/b><\/p>\n<ul>\n<li><b>Beenden<\/b><b> Innen:<\/b>\u00a0<b>Malen<\/b><b>\u00a0<\/b><b>Waschbar<\/b><b> innen<\/b>.<\/li>\n<li><b>Anlage<\/b><b>\u00a0<\/b><b>Elektrisch<\/b><b>:<\/b>\u00a0Verkabelung durch feuerfeste Rohre, Montage\u00a0<b>Verkaufsstellen<\/b><b>\u00a0<\/b><b>Und<\/b><b>\u00a0<\/b><b>Schalter<\/b>\u00a0Und <b>Bild<\/b><b> von <\/b><b>SICHERUNG<\/b>.<\/li>\n<li><b>Anlage<\/b><b>\u00a0<\/b><b>Gesundheit<\/b><b>:<\/b>\u00a0Innenliegende Leitungswege f\u00fcr die Wasserversorgung und Abwasserentsorgung (Kanalisation), die f\u00fcr die Installation von Sanit\u00e4ranlagen vorbereitet sind.<\/li>\n<\/ul>\n<p><strong>PREIS M2 418 EURO+MWST<\/strong><\/p>\n<p>Die Preise beinhalten alle f\u00fcr Ihr Projekt ben\u00f6tigten Baumaterialien sowie den Transport innerhalb Rum\u00e4niens. <b>Montage<\/b><b>\u00a0<\/b><b>Und<\/b><b>\u00a0<\/b><b>VERARBEITUNG<\/b><b> Ich bin es nicht <\/b><b>enthalten<\/b><b>\u00a0<\/b><b>In<\/b><b>\u00a0<\/b><b>Preis<\/b><b>.<\/b><\/p>","protected":false},"featured_media":1118,"template":"","meta":[],"product_brand":[],"product_cat":[110],"product_tag":[],"class_list":{"0":"post-1117","1":"product","2":"type-product","3":"status-publish","4":"has-post-thumbnail","6":"product_cat-casa-din-otel-usor","8":"first","9":"onbackorder","10":"taxable","11":"shipping-taxable","12":"product-type-simple"},"_links":{"self":[{"href":"https:\/\/asicasa-design.ro\/de\/wp-json\/wp\/v2\/product\/1117","targetHints":{"allow":["GET"]}}],"collection":[{"href":"https:\/\/asicasa-design.ro\/de\/wp-json\/wp\/v2\/product"}],"about":[{"href":"https:\/\/asicasa-design.ro\/de\/wp-json\/wp\/v2\/types\/product"}],"wp:featuredmedia":[{"embeddable":true,"href":"https:\/\/asicasa-design.ro\/de\/wp-json\/wp\/v2\/media\/1118"}],"wp:attachment":[{"href":"https:\/\/asicasa-design.ro\/de\/wp-json\/wp\/v2\/media?parent=1117"}],"wp:term":[{"taxonomy":"product_brand","embeddable":true,"href":"https:\/\/asicasa-design.ro\/de\/wp-json\/wp\/v2\/product_brand?post=1117"},{"taxonomy":"product_cat","embeddable":true,"href":"https:\/\/asicasa-design.ro\/de\/wp-json\/wp\/v2\/product_cat?post=1117"},{"taxonomy":"product_tag","embeddable":true,"href":"https:\/\/asicasa-design.ro\/de\/wp-json\/wp\/v2\/product_tag?post=1117"}],"curies":[{"name":"wp","href":"https:\/\/api.w.org\/{rel}","templated":true}]}}