{"id":1137,"date":"2026-02-20T09:35:37","date_gmt":"2026-02-20T09:35:37","guid":{"rendered":"https:\/\/asicasa-design.ro\/?post_type=product&#038;p=1137"},"modified":"2026-02-21T13:45:58","modified_gmt":"2026-02-21T13:45:58","slug":"dyo-hobilux-wasserbasierte-matte-farbe-weis-09-l","status":"publish","type":"product","link":"https:\/\/asicasa-design.ro\/de\/produktiv\/dyo-hobilux-wasserbasierte-matte-farbe-weis-09-l\/","title":{"rendered":"DYO HobiLux Wasserbasierte Mattfarbe ALBA 0,9 l"},"content":{"rendered":"<div class=\"wpb-content-wrapper\"><div class=\"vc_row wpb_row vc_row-fluid\"><div class=\"wpb_column vc_column_container vc_col-sm-12\"><div class=\"vc_column-inner\"><div class=\"wpb_wrapper\">\t\t<div id=\"wd-68b6df714a147\" class=\"wd-image wd-wpb wd-rs-68b6df714a147 text-left\">\n\t\t\t\n\t\t\t<img loading=\"lazy\" decoding=\"async\" width=\"680\" height=\"280\" src=\"data:image\/png;base64,iVBORw0KGgoAAAANSUhEUgAAABkAAAAKCAMAAAB2dQVkAAAAIGNIUk0AAHomAACAhAAA+gAAAIDoAAB1MAAA6mAAADqYAAAXcJy6UTwAAAKOUExURYCiqp+4vLvQzpmytpjAyKTY4qnW39\/Atu24qaqBeIpiXYJqZGlaVpV9dNyPcvqoQf6\/Rvu4QZWOZh2NoxqDmClOWRQgJwogKjBbbKvY363d4qnZ4Kvc47za3cbZ27zMzbO+vq61s5+fnrGgmeCUd\/qmPf26QOScQEeLkRiVrRqHnjRWYi84PTRCSll3hJ\/X4Z\/Q2KLZ4qXb4rDd4rfg5r7j58Xm6svp7M7o7NLk5eC1nvqrOLZ7UiCUqhqaszWTqFRtd1JbYUdYYlt8iS6juDOouzipukeot22hqoufnKmgjsmjfdmuhNnApNnWx93EsfeiPfSNL492aBqctD2nvV+nt2yHj3ORmXmep3edpxd+mBeAmCN8j5pUTs5QMd1XKeReJupkJu5rKe56OOeKVPWZN\/F3Kod8dlO1yInL157ByKnU26zV3KPFzRqDnCZ8kaQ0O84lJ9YnJ94pJ+UqJ+ouJu4+JfWBLvqhNPFwKbiQhaXW3bHY3rfY3sDZ3r7X3Sh0iC99kDSGmTKFmCyNoxmQqSWInaY2PtEiKNoiKeIhKOgiJ+wsJfFUKPqXMPueMvJvKdKUhMHY3sHU2cPAwsijoc6JfgweNDBHVUx2gi6HmxOasyGRp6o4QcwrLaEzLZgwKqY9NK1FN8RiO\/KRM\/ubMPF5Ls2pnsLV2sazsc5zatNJPNc+K9o\/KAQcNi5HWFB+i056iA+jvq46RMQxM0YeGw0HBikdGjEXGHhANumLNe91LsmxpsTExcx\/c9NLONdCKtpJKt9NKOFPJzFMXVSBjzGSpRipwLQ8Rcg0NkojIAoGBi0jISwWF3hCOvaMLuxZK9aLdbJuWG01J3c+L4NNQaZkTM5gNtxcLv\/\/\/+pckkIAAAABYktHRNl3Cnc4AAAACXBIWXMAAA7DAAAOwwHHb6hkAAAAB3RJTUUH6QkCDBA1T+1lBgAAAyl6VFh0UmF3IHByb2ZpbGUgdHlwZSB4bXAAAEjHrVZd0pswDHzXKXoEWxISHIeAeetMH3v87prkA1q+9GcaJiQgWVpJK9ny\/es3+YJPrVOILbblmCVqWDxiSNcSGkNkTNFs1Wzb4\/HYNPF+CuebIW3w1YqvWdygO8YkPuacWDhYzt4GD\/zCoBkWadpmrcy25GhzjoGFsdJZVC18jiVaGmVCD0DjsRGHzbvgQx1InqYUOmHzoO4eP5mBTCCkqTEdV7EZS7fsH20JLW2xQTF1s2oTL\/wrprgr7uvuQFdJS+SC3nPUlR4g7yjKrOVAAhhIDQLXmLJAf0IMDcieckFYCp8IhMg0ufwK3GtHCwOhv6LvrltUOZRo7OmnoYJbrFBD9qCIsLRZeWWMrmy5OJjFu+pLfA5mQGGzHpKzDGinIyySRxANFgyeiBxVI0u0Z4PhKpANB4qXuSsWZ94G5AgBDSBaQ5ZRDRsUVENt1v606Ha37Fj1ciG3PgZw3Z08bnhOlAMExlVA0jWqjdZLbg5KBP+FilGJKAyvalequBgmwrrFdHJzhCw3eOBiVzMa4jdwn2CeCBL\/BrgrVxdyXfouqehDFAARjh+laQdiea94Lr1u5+KfCUOJ3HHmJi8ntp1NHo0j5875+w47Gkw+6zAo2s1cKJ2myzETqIc7CLmAWJg+nAAfXVWvXdWNzsSD73LO3YGdvbakv+2ojrM\/1WiRxNlHDrkN7qFAsCD0jAdD9NZ\/K7nLfOCXHRfIksLBChf189rJpQYXdJTcB3VXN7nW49\/rJp9PRlDS7yb6aya+Nox9DArn4L7kWTG7VuxpjgOXE3Rk2a35uNhj4STDxJ+IUDzxKuKBsiRJ0OO\/Xfw5qxm0\/A9WM3y5zU7fU\/80Oz05I0dtud8lnubOwxVhcUbgWpAnI0HBM2zfOgpHPfjKMLRTD1zuHtFp2Jyrg8VWYWw2ZMwxQZX9xjRjl8OuUd0xT1NwYKCi+8MrzyEwx0ZA3K4vpXj45OZjhLNl2Bo8Tiz7FmArSyC\/C+B9rY5SCU8ah9p+1tjPH0zhz4eZXXJzosIYafvhCdnppyH5Ae08NdiDnWlfAAABD0lEQVQY0wEEAfv+AAABAgMEBQYHCAkKCwwNDg8QERITFBUWFxgABhkaBhscGh0eHyAhIiMkJSYnKCkqKywtLgAvMDExMTIcMzQ1Njc4OTolOzw9Pj9AQUJDAEREREVFRkdISUpLTE1OT1BRUlNUVVZXWFkAWltbW1tbXF1eX2BhYmNkZWZnaGkwamtsbQAqbm5uFCpvcHFyc3R1dnd4eXp7fH1+f39\/AICBgoOEhYaHiImKi4yNjo+QkX4dkpOUlZYAl5iZmZqbnJ2en6ChoqOkpaankqipqqusrQCur7CxhLI+s7S1tre4ubqlu7y9vr\/AwcLDAK7ExbHGxz\/IycrLzM3Ous\/Q0dLT1NXW19gKVGaGp\/C0LAAAACV0RVh0ZGF0ZTpjcmVhdGUAMjAyNS0wOS0wMlQxMjoxNjozNCswMDowMFX18cYAAAAldEVYdGRhdGU6bW9kaWZ5ADIwMjUtMDktMDJUMTI6MTY6MzQrMDA6MDAkqEl6AAAAKHRFWHRkYXRlOnRpbWVzdGFtcAAyMDI1LTA5LTAyVDEyOjE2OjUzKzAwOjAwcHVfrAAAABx0RVh0cGRmOkF1dGhvcgBIw7xzZXlpbiBHw7Zrw6dlbiHJNzkAAABddEVYdHhtcDpDcmVhdG9yVG9vbABDYW52YSAoUmVuZGVyZXIpIGRvYz1EQUd4MUN6MXVBOCB1c2VyPVVBRDBna2gxREtBIGJyYW5kPUJBRDBna0lDSGZJIHRlbXBsYXRlPZyV9E4AAAAASUVORK5CYII=\" class=\"attachment-full size-full wd-lazy-load wd-lazy-fade\" alt=\"\" srcset=\"\" sizes=\"auto, (max-width: 680px) 100vw, 680px\" data-wood-src=\"https:\/\/asicasa-design.ro\/wp-content\/uploads\/2025\/09\/asicasa-apt-cover.png\" data-srcset=\"https:\/\/asicasa-design.ro\/wp-content\/uploads\/2025\/09\/asicasa-apt-cover.png 680w, https:\/\/asicasa-design.ro\/wp-content\/uploads\/2025\/09\/asicasa-apt-cover-300x124.png 300w, https:\/\/asicasa-design.ro\/wp-content\/uploads\/2025\/09\/asicasa-apt-cover-18x7.png 18w, https:\/\/asicasa-design.ro\/wp-content\/uploads\/2025\/09\/asicasa-apt-cover-150x62.png 150w\" \/>\n\t\t\t\t\t<\/div>\n\t\t\t\t<div id=\"wd-6998241d5cca5\" class=\"wd-text-block wd-wpb reset-last-child wd-rs-6998241d5cca5 text-left\">\n\t\t\t<p data-path-to-node=\"3\"><b data-path-to-node=\"3\" data-index-in-node=\"0\">DYO-Farben \u2013 Zuverl\u00e4ssige Qualit\u00e4t, langanhaltende Ergebnisse<\/b><\/p>\n<p data-path-to-node=\"4\">Die Wahl der richtigen Farbe ist entscheidend, um Ihr Zuhause, Ihr B\u00fcro oder Ihr Projekt zu verwandeln. In diesem Zusammenhang, <b data-path-to-node=\"4\" data-index-in-node=\"120\">Marke DYO<\/b> bietet Ihnen nicht nur Farbe, sondern auch <b data-path-to-node=\"4\" data-index-in-node=\"162\">Vertrauen, Qualit\u00e4t und Widerstandsf\u00e4higkeit<\/b>.<\/p>\n<p data-path-to-node=\"5\">Die in Fabriken mit modernster Technologie hergestellten DYO-Farben zeichnen sich durch ihre <b data-path-to-node=\"5\" data-index-in-node=\"91\">hohe Deckkraft<\/b>, <b data-path-to-node=\"5\" data-index-in-node=\"117\">einfache Anwendung<\/b> Und <b data-path-to-node=\"5\" data-index-in-node=\"136\">das urspr\u00fcngliche Aussehen \u00fcber lange Zeit beibehalten<\/b>. Diese Produkte sind nach national und international anerkannten Qualit\u00e4tsstandards zertifiziert und haben sich daher sowohl bei Profis als auch bei Heimanwendern als vertrauensw\u00fcrdige Wahl erwiesen.<\/p>\n<p data-path-to-node=\"6\"><b data-path-to-node=\"6\" data-index-in-node=\"0\">Warum sollte man sich f\u00fcr DIY entscheiden?<\/b><\/p>\n<ul data-path-to-node=\"7\">\n<li>\n<p data-path-to-node=\"7,0,0\">Moderne Produktionstechnologie nach h\u00f6chsten Standards<\/p>\n<\/li>\n<li>\n<p data-path-to-node=\"7,1,0\">Produkte mit internationaler Zertifizierungsgarantie<\/p>\n<\/li>\n<li>\n<p data-path-to-node=\"7,2,0\">Gro\u00dfe Farbauswahl und langanhaltende Ergebnisse<\/p>\n<\/li>\n<li>\n<p data-path-to-node=\"7,3,0\">L\u00f6sungen, die sich sowohl f\u00fcr dekorative als auch f\u00fcr professionelle Projekte eignen<\/p>\n<\/li>\n<\/ul>\n<p data-path-to-node=\"8\">Mit DYO-Farben ist jedes Projekt nicht nur pr\u00e4sent, sondern auch ein <b data-path-to-node=\"8\" data-index-in-node=\"69\">eine bessere Zukunft<\/b>.<\/p>\n\t\t<\/div>\n\t\t<\/div><\/div><\/div><\/div>\n<\/div>","protected":false},"excerpt":{"rendered":"<p><b>DYO Hobi Lux Mattlack<\/b>\u00a0wasserbasiert\u00a0<b>Wei\u00df<\/b>\u00a00.9L ist eine matte Hobbyfarbe auf Basis reiner Acrylemulsion und Wasser, die sich durch hervorragende Haftung auf Keramikoberfl\u00e4chen, Metall, Holz, Kunststoff, Marmor, Glas, M\u00f6beln, W\u00e4nden, Stein usw. auszeichnet.<\/p>\n<p><b>DYO Hobi Lux Mattlack<\/b>\u00a0wasserbasiert\u00a0<b>Wei\u00df<\/b>\u00a00.9L ist eine matte Hobbyfarbe auf Basis reiner Acrylemulsion und Wasser, die sich durch hervorragende Haftung auf Keramikoberfl\u00e4chen, Metall, Holz, Kunststoff, Marmor, Glas, M\u00f6beln, W\u00e4nden, Stein usw. auszeichnet.<\/p>\n<p>Eigenschaften\u00a0<b>DYO Hobi Lux Mattlack<\/b><\/p>\n<p>Es handelt sich um eine reine Acryl-Emulsionsfarbe auf Wasserbasis f\u00fcr Hobbybastler mit hervorragender Haftung auf Keramik, Metall, Holz, Kunststoff, Marmor, Glas, M\u00f6beln, W\u00e4nden, Stein usw. Sie l\u00e4sst sich leicht auftragen, deckt gut und verl\u00e4uft hervorragend. Da sie auf Wasserbasis ist, vergilbt sie nicht, ist geruchlos und umweltfreundlich. Sie entspricht der Spielzeugnorm EN 71-3.<\/p>\n<p><strong>Anwendungsmethoden<\/strong><\/p>\n<p>Die zu bearbeitende Oberfl\u00e4che muss frei von \u00d6l, Staub, Schmutz, losen und aufgequollenen Schichten sein. Nach dem \u00d6ffnen der Hobilux-Wasserfarbe die Farbe gut durchr\u00fchren, bis eine homogene Konsistenz entsteht. Das Produkt wird in zwei Schichten unverd\u00fcnnt auf die vorbereitete Oberfl\u00e4che aufgetragen. Zwischen den einzelnen Schichten 4\u20136 Stunden Trocknungszeit einhalten.<\/p>\n<ul>\n<li>Sofort einsatzbereit;<\/li>\n<li>Nicht verd\u00fcnnen;<\/li>\n<li>Kein Primer erforderlich.<\/li>\n<\/ul>\n<p>Bei extrem gl\u00e4nzenden und schwer zu bearbeitenden Oberfl\u00e4chen empfiehlt sich ein leichtes Anschleifen. Verwenden Sie hierf\u00fcr am besten Dyo-Kurzpinsel, die Dyo Pro Innenrolle oder Dyo Minirollen. Um die Deckkraft je nach Oberfl\u00e4che und Anwendungszweck im Innen- und Au\u00dfenbereich zu optimieren, tragen Sie nach 24 Stunden, wenn das gew\u00fcnschte Erscheinungsbild erreicht ist, den wasserbasierten Lack Hobilux Glossy, Silk Matt oder Matt auf.<\/p>\n<p>Technische Merkmale\u00a0<b>DYO Hobi Lux Mattlack<\/b><\/p>\n<ul>\n<li><i><b>Abdeckung:<\/b><\/i>\u00a0Hobilux-Farbe auf Wasserbasis reicht je nach Beschaffenheit des Untergrunds f\u00fcr einen Anstrich mit 1 Liter Farbe f\u00fcr eine Fl\u00e4che von 24-28 m\u00b2.;<\/li>\n<li><i><b>Farbe:<\/b><\/i>\u00a0WEISS;<\/li>\n<li><i><b>Verpackung:<\/b><\/i>\u00a00,9 l.<\/li>\n<\/ul>","protected":false},"featured_media":1138,"template":"","meta":[],"product_brand":[],"product_cat":[107,104],"product_tag":[],"class_list":{"0":"post-1137","1":"product","2":"type-product","3":"status-publish","4":"has-post-thumbnail","6":"product_cat-interior","7":"product_cat-vopsea-si-amorsa","9":"first","10":"instock","11":"taxable","12":"shipping-taxable","13":"purchasable","14":"product-type-simple"},"_links":{"self":[{"href":"https:\/\/asicasa-design.ro\/de\/wp-json\/wp\/v2\/product\/1137","targetHints":{"allow":["GET"]}}],"collection":[{"href":"https:\/\/asicasa-design.ro\/de\/wp-json\/wp\/v2\/product"}],"about":[{"href":"https:\/\/asicasa-design.ro\/de\/wp-json\/wp\/v2\/types\/product"}],"wp:featuredmedia":[{"embeddable":true,"href":"https:\/\/asicasa-design.ro\/de\/wp-json\/wp\/v2\/media\/1138"}],"wp:attachment":[{"href":"https:\/\/asicasa-design.ro\/de\/wp-json\/wp\/v2\/media?parent=1137"}],"wp:term":[{"taxonomy":"product_brand","embeddable":true,"href":"https:\/\/asicasa-design.ro\/de\/wp-json\/wp\/v2\/product_brand?post=1137"},{"taxonomy":"product_cat","embeddable":true,"href":"https:\/\/asicasa-design.ro\/de\/wp-json\/wp\/v2\/product_cat?post=1137"},{"taxonomy":"product_tag","embeddable":true,"href":"https:\/\/asicasa-design.ro\/de\/wp-json\/wp\/v2\/product_tag?post=1137"}],"curies":[{"name":"wp","href":"https:\/\/api.w.org\/{rel}","templated":true}]}}