{"id":859,"date":"2024-11-22T11:50:35","date_gmt":"2024-11-22T11:50:35","guid":{"rendered":"https:\/\/asicasa-design.ro\/?post_type=product&#038;p=859"},"modified":"2026-04-22T09:40:58","modified_gmt":"2026-04-22T09:40:58","slug":"hierapolis","status":"publish","type":"product","link":"https:\/\/asicasa-design.ro\/de\/produktiv\/hierapolis\/","title":{"rendered":"Hierapolis \u2013 Travertin-Modell"},"content":{"rendered":"<div class=\"wpb-content-wrapper\"><div class=\"vc_row wpb_row vc_row-fluid\"><div class=\"wpb_column vc_column_container vc_col-sm-12\"><div class=\"vc_column-inner\"><div class=\"wpb_wrapper\">\t\t<div id=\"wd-66040d56224d1\" class=\"wd-image wd-wpb wd-rs-66040d56224d1 text-left\">\n\t\t\t\n\t\t\t<img loading=\"lazy\" decoding=\"async\" width=\"680\" height=\"280\" src=\"data:image\/png;base64,iVBORw0KGgoAAAANSUhEUgAAABkAAAAKCAMAAAB2dQVkAAAC4lBMVEX29vfa2typq62\/w8W+xcjAxcfDxsfEx8nEyMq\/x8nCxsfCxcbBxce9w8a2vsCzt7iusbK6po3DfS+hj3uanZ6Xm5y xnJ6kq63Mz 4wMK5wMK5v8G5vsC2vb+zu72zury xt7mutLapsbOsqqHGjkWeinKRl5mjqarGx8fy8vHb3N2oqauztrm2u763vL25vL26vL+5vL+3vL+4vL2. 5u7y3ur21ubyzuLqztreztbews7assbSurKa0 n4Kil4yQlJalqavCw8Pg2tjLy82bm522po+\/r5SzuLm2 uLm3ubvNv7PDsaO9vr+ysrO6uryytLakp6iqq6ujo6Sdnp+iqayorK6nqauipaiOk5ajqqy4uLi5sq+cnJ5\/f3+ uhlXGmVqrraqwtLWytLWyn5KtflqWkpCZmZm3t7ejo6OGhoahoaGSkpKmpqaFiIqZl5OVlpSIjY+fpKWml4x7Y1B wb29kZWdqZFx1ZFCblIWss7Onq6yonJTOjV2xiGyXjYavrq6bmZiOjo6bmZeQkI+ MjIxzc3OPiIKNhYCGhYNvdHaVmZrHwLuuc0drY19ZV1aMg3qekH+onI+vq6a3sq7NtaPromupiHGWko+cm5qenZyqp6TFr5mrpJ+VlJSBgYBtamdxa2dwbWpMTEt3dnTOzMu5dUKPcFyUemuylYTFppTNrp3UtqbYv7HmrYDnm FmgiXmUioWNgnuThXugkoeimJKbjoWci3+GdmxhSz1jSz1qU0VeSj5uWkyah3q3cTnSp4nmybrpzsHsy7rmv6fnx7Xq0cXywJ7sr4bHo42+moa4k32th2+ogmimgGmddVuieFygfmqgf22efWucfWuZeWacfm2egXBK\/hv mAAABD0lEQVQY0wEEAfv+AAABAgMEBQYHCAkKCwwNDg8QERITFBUWFxgAGRobHB0eHx8gISIjJCUmJygpKissLS4vMAAZMRsyMzQ1Njc4OTo7PD0+P0BBQkNERUZHAEhJSktMTU5PUFFSU1RVVldYWVpbXF1eX2AAYWJjZGVmZ2hpamtsbW5vcHFyc3R 1dnd4eQB6e3x9fn+AgYKDhIWGh4iJiouMjY4Vj5CRAJKTlJWWl5iZmpucnZ6foKGio6SlpqeoqaoAq6ytrq+wsbKztLW2t7i5uru8vb6\/wMHCwwDExcbHyMnKy8zNzs\/Q0dLT1NXW19jZ2tvcAN3e3+Dh4uPk5ebn6On q6+zt7u\/w8fLz9PWqs3YgOSafowAAAABJRU5ErkJggg==\" class=\"attachment-full size-full wd-lazy-load wd-lazy-fade\" alt=\"Asicasa dekorative Polystyrolschaumplatten\" srcset=\"\" sizes=\"auto, (max-width: 680px) 100vw, 680px\" data-wood-src=\"https:\/\/asicasa-design.ro\/wp-content\/uploads\/2024\/03\/product-description-banner-01.png\" data-srcset=\"\" \/>\n\t\t\t\t\t<\/div>\n\t\t\t\t<div id=\"wd-67407138d3919\" class=\"wd-text-block wd-wpb reset-last-child wd-rs-67407138d3919 text-left\">\n\t\t\t<p>Es stellt eine praktische, einfache und zeitsparende L\u00f6sung f\u00fcr die Dekoration von H\u00e4usern, Hotels, Restaurants, Gesch\u00e4ften und B\u00fcros dar.<\/p>\n<p>Sie lassen sich einfach an der gew\u00fcnschten Stelle montieren und sind dank der extra harten Oberfl\u00e4che sto\u00dffest. Dar\u00fcber hinaus lassen sie sich sehr leicht demontieren, sodass ihr Austausch keinen zus\u00e4tzlichen Aufwand und keine zus\u00e4tzlichen Kosten erfordert. Es beseitigt die Unordnung, die beim Auftragen von Natursteinen entsteht, und da es sehr leicht ist, ist eine einfache Anwendung gew\u00e4hrleistet. Gleichzeitig entf\u00e4llt der Arbeitsaufwand beim Auftragen anderer Materialien wie Naturstein, Marmor und Holz. Sie k\u00f6nnen Ihr Zuhause als Hobby selbst dekorieren. Jedes Panel vermittelt das Gef\u00fchl von Nat\u00fcrlichkeit.<\/p>\n\t\t<\/div>\n\t\t<\/div><\/div><\/div><\/div>\n<\/div>","protected":false},"excerpt":{"rendered":"<p>Die Wandpaneele aus Polystyrol von Asicasa Design k\u00f6nnen sowohl zu dekorativen Zwecken als auch zur W\u00e4rme- und Schalld\u00e4mmung verwendet werden.<\/p>\n<p class=\"Normal tm5\"><span class=\"tm6\">Die antike Stadt Hierapolis, ber\u00fchmt f\u00fcr ihre wei\u00dfen Travertinterrassen in Pamukkale, inspiriert dieses Muster, das jedem Raum ein elegantes, historisches Flair verleiht.<br \/>\nDie Platte reproduziert die nat\u00fcrliche Textur von Travertin und bietet sowohl \u00c4sthetik als auch Funktionalit\u00e4t.<br \/>\nEs ist ideal f\u00fcr alle, die sich eine klassische und elegante Atmosph\u00e4re in ihrem Zuhause w\u00fcnschen und gleichzeitig von Schall- und W\u00e4rmed\u00e4mmung profitieren m\u00f6chten.<\/span><\/p>\n<p><strong>\u00dcberragende Widerstandsf\u00e4higkeit und Langlebigkeit<\/strong><br \/>\nDank der speziellen, mit Harz angereicherten Acrylbeschichtung verf\u00fcgen unsere Platten \u00fcber eine extrem harte Oberfl\u00e4che und bieten so eine hervorragende Schlagfestigkeit. Der UV-best\u00e4ndige Lack sorgt daf\u00fcr, dass die Farbintensit\u00e4t auch bei l\u00e4ngerer Sonneneinstrahlung \u00fcber viele Jahre erhalten bleibt.<\/p>\n<p>Es stellt eine praktische, einfache und zeitsparende L\u00f6sung f\u00fcr die Dekoration von H\u00e4usern, Hotels, Restaurants, Gesch\u00e4ften und B\u00fcros dar.<\/p>","protected":false},"featured_media":860,"template":"","meta":[],"product_brand":[],"product_cat":[23],"product_tag":[],"class_list":{"0":"post-859","1":"product","2":"type-product","3":"status-publish","4":"has-post-thumbnail","6":"product_cat-dekoratif-panou","8":"first","9":"instock","10":"taxable","11":"shipping-taxable","12":"purchasable","13":"product-type-simple"},"_links":{"self":[{"href":"https:\/\/asicasa-design.ro\/de\/wp-json\/wp\/v2\/product\/859","targetHints":{"allow":["GET"]}}],"collection":[{"href":"https:\/\/asicasa-design.ro\/de\/wp-json\/wp\/v2\/product"}],"about":[{"href":"https:\/\/asicasa-design.ro\/de\/wp-json\/wp\/v2\/types\/product"}],"wp:featuredmedia":[{"embeddable":true,"href":"https:\/\/asicasa-design.ro\/de\/wp-json\/wp\/v2\/media\/860"}],"wp:attachment":[{"href":"https:\/\/asicasa-design.ro\/de\/wp-json\/wp\/v2\/media?parent=859"}],"wp:term":[{"taxonomy":"product_brand","embeddable":true,"href":"https:\/\/asicasa-design.ro\/de\/wp-json\/wp\/v2\/product_brand?post=859"},{"taxonomy":"product_cat","embeddable":true,"href":"https:\/\/asicasa-design.ro\/de\/wp-json\/wp\/v2\/product_cat?post=859"},{"taxonomy":"product_tag","embeddable":true,"href":"https:\/\/asicasa-design.ro\/de\/wp-json\/wp\/v2\/product_tag?post=859"}],"curies":[{"name":"wp","href":"https:\/\/api.w.org\/{rel}","templated":true}]}}