{"id":384,"date":"2023-06-06T11:00:13","date_gmt":"2023-06-06T11:00:13","guid":{"rendered":"https:\/\/dummy.xtemos.com\/woodmart2\/furniture2\/?page_id=18"},"modified":"2025-12-02T08:53:54","modified_gmt":"2025-12-02T08:53:54","slug":"about-us","status":"publish","type":"page","link":"https:\/\/asicasa-design.ro\/en\/about-us\/","title":{"rendered":"About us"},"content":{"rendered":"<div class=\"wpb-content-wrapper\"><div class=\"vc_row wpb_row vc_row-fluid vc_row-o-content-middle vc_row-flex row-reverse-mobile row-reverse-tablet wd-rs-66b4de84cf2ec\"><div class=\"wpb_column vc_column_container vc_col-sm-12 vc_col-lg-8 vc_col-md-6 wd-rs-6437f9c6ef9c8\"><div class=\"vc_column-inner\"><div class=\"wpb_wrapper\">\t\t<div id=\"gallery_120\" class=\"wd-images-gallery wd-wpb wd-rs-66058658f38e9 vc_custom_1711638122462\" style=\"--wd-justify-content:center;--wd-align-items:center;\">\n\t\t\t\n\t\t\t<div class=\"wd-grid-g\" style=\"--wd-col-lg:2;--wd-col-md:2;--wd-col-sm:2;--wd-gap-lg:20px;--wd-gap-sm:10px;\">\n\t\t\t\t\n\t\t\t\t\t\t\t\t\t\t\t\t\t\t\t<div class=\"wd-gallery-item wd-col\">\n\t\t\t\t\t\t\t\n\t\t\t\t\t\t\t\t<img loading=\"lazy\" decoding=\"async\" width=\"460\" height=\"520\" src=\"data:image\/png;base64,iVBORw0KGgoAAAANSUhEUgAAAAoAAAAMCAMAAABstdySAAABZVBMVEWWjoioo52knJaUiH6GdGZ1XktlSjNYOB9SMBVKKhFYQCxgSDVeQy5UMxhVMxdWNBhZNhtcOR1WNBtMKxFTMhdYNhxdOyFfPSVjQCdmQypsSC53VDxuTjpOLhhWNiJgQC1pSjhuTz13VUB+W0SHZU6QcF2DZVV0YFB8aVuBaVt\/Y1OJbVuSdF+YeWKef2iihXKQdGSUmI2WmZCWiX6Jb16Rd2SYfWqaf2ucgGyjh3WTd2WqrqKtr6Scj4R1WUl2VTyJbVmNgn+dl5eso6KSeGjFxLnGxbuml4t\/ZFSPdVuNdWaJlqZql7x\/nLeSf3Xf3dzh39\/a1tTSzMnU0c2mtsNlkLOctMe4ydnR1ty1tbe2tri3treur7OOqcNyoMuKoLbR0dLO1Nu9v8OEjZWGkJeGjpR+hYt5jJpxlrV5m7eNqsOovtK0rqynwtKivc6UsMGCnq17l6eAna6YssS2y9rO3+rY4+tnC9H9AAAAiklEQVQI1wXBAwICARAAwM2uy7Zt27Ztm+9vBgCFxmBxeAKRBGQKlUZnIAiTBWwOl8cXCEViCUhlcoVSpdZodaA3GE1mi9Vmd4DT5fZ4ff5AMAThSDQWTyRT6Qxkc\/lCsVSuVGtQbzRb7U631x\/AcDSeTGfzxXIF6812tz8cT+cLXG\/3x\/P1\/nx\/f7BqG35Eo5NTAAAAAElFTkSuQmCC\" class=\"wd-gallery-image image-1 wd-lazy-load wd-lazy-fade\" alt=\"\" srcset=\"\" sizes=\"auto, (max-width: 460px) 100vw, 460px\" data-wood-src=\"https:\/\/asicasa-design.ro\/wp-content\/uploads\/2024\/03\/aboust-us-banner-01.png\" data-srcset=\"https:\/\/asicasa-design.ro\/wp-content\/uploads\/2024\/03\/aboust-us-banner-01.png 460w, https:\/\/asicasa-design.ro\/wp-content\/uploads\/2024\/03\/aboust-us-banner-01-150x170.png 150w, https:\/\/asicasa-design.ro\/wp-content\/uploads\/2024\/03\/aboust-us-banner-01-265x300.png 265w, https:\/\/asicasa-design.ro\/wp-content\/uploads\/2024\/03\/aboust-us-banner-01-11x12.png 11w\" \/>\n\t\t\t\t\t\t\t\t\t\t\t\t\t\t<\/div>\n\t\t\t\t\t\t\t\t\t\t\t<div class=\"wd-gallery-item wd-col\">\n\t\t\t\t\t\t\t\n\t\t\t\t\t\t\t\t<img loading=\"lazy\" decoding=\"async\" width=\"460\" height=\"520\" src=\"data:image\/png;base64,iVBORw0KGgoAAAANSUhEUgAAAAoAAAAMCAMAAABstdySAAABZVBMVEW2dki1dEWraj2yckSrdE2RZEqfXTiiXjWFSChjMh66fE+3d0m3eUu2glq5k3i3mIaodlqgYDyLTS1oOie8gFK6fU24fk7AqZjd2dfd2tfUz8ukd1yOVjSAX0u+hFS9hFO5gFDItaXn5uXl5eXg3t2pf2SRWjeEX0nAiVrAh1i4gVTKsZ3nzbzBu7fRx8KrgWaSWzqBWkO8gFO7flC5f1LIs6Pn4d3b29vZ2NenfGKRVzZ\/WEC2eUuvc0Wvc0fEsKLn5+fg396lel+QVzR8VD2AXT1YMh1\/RyqhfGe3nY64no60mYihbk6MUzFoQCw8JRo8HRJzOySYWjmjZkKoaUSpaUKjYjyNUTJoOCM2IBY5HBFpMxyERimcWzmfXjufXjmdWjaHSyxhMyAxHhQ1Gg9hLhl6PiSKTS6NTzGUVDKRUC53QSVFIxYtHBMqFQ1IIxVZLRtiNCBnOCJqOCJnNiBPKRgZDgml0b2dAAAAiklEQVQI1wXBAwICARAAwM22bduuy7Ztm+9vBgCFxmBxeAKRBGQKlUZnMFlsDnB5fIFQJJZIZSBXKFVqjVanN4DRZLZYbXaH0wVuj9fnDwRD4QhEY\/EEgiRT6Qxkc\/lCsVSuVGtQbzRb7U631x\/AcDSeTGfzxXIF6812tz8cT+cLXG\/3x\/P1\/nx\/f8C1G67N8BFjAAAAAElFTkSuQmCC\" class=\"wd-gallery-image image-2 wd-lazy-load wd-lazy-fade\" alt=\"\" srcset=\"\" sizes=\"auto, (max-width: 460px) 100vw, 460px\" data-wood-src=\"https:\/\/asicasa-design.ro\/wp-content\/uploads\/2024\/03\/aboust-us-banner-04.png\" data-srcset=\"https:\/\/asicasa-design.ro\/wp-content\/uploads\/2024\/03\/aboust-us-banner-04.png 460w, https:\/\/asicasa-design.ro\/wp-content\/uploads\/2024\/03\/aboust-us-banner-04-150x170.png 150w, https:\/\/asicasa-design.ro\/wp-content\/uploads\/2024\/03\/aboust-us-banner-04-265x300.png 265w, https:\/\/asicasa-design.ro\/wp-content\/uploads\/2024\/03\/aboust-us-banner-04-11x12.png 11w\" \/>\n\t\t\t\t\t\t\t\t\t\t\t\t\t\t<\/div>\n\t\t\t\t\t\t\t\t\t\n\t\t\t\t\t\t\t<\/div>\n\n\t\t\t\t\t<\/div>\n\t\t<\/div><\/div><\/div><div class=\"wpb_column vc_column_container vc_col-sm-12 vc_col-lg-4 vc_col-md-6 wd-rs-6437f9cfc23d6\"><div class=\"vc_column-inner\"><div class=\"wpb_wrapper\">\n\t\t<div id=\"wd-65feafd4e75bb\" class=\"title-wrapper wd-wpb set-mb-s reset-last-child  wd-rs-65feafd4e75bb wd-title-color-default wd-title-style-default text-left vc_custom_1711190101411 wd-underline-colored\">\n\t\t\t\n\t\t\t<div class=\"liner-continer\">\n\t\t\t\t<h4 class=\"woodmart-title-container title  wd-font-weight- wd-fontsize-xxl\" >Who are we?<\/h4>\n\t\t\t\t\t\t\t<\/div>\n\t\t\t\n\t\t\t\n\t\t\t\n\t\t<\/div>\n\t\t\n\t\t\t\t<div id=\"wd-692ea602675a8\" class=\"wd-text-block wd-wpb reset-last-child wd-rs-692ea602675a8 text-left vc_custom_1764665051875\">\n\t\t\t<p>Asi Casa Design SRL was founded in 2024, headquartered in Constan\u021ba, Romania, and began its activity through the multilingual platform <a title=\"http:\/\/www.asicasa-design.ro\" href=\"https:\/\/asicasa-design.ro\/en\/\"><u>www.asicasa-design.ro<\/u><\/a>. From the beginning, the company&#039;s objective was to offer internationally decorative products for construction, made to high standards and capable of adding aesthetic and functional value to modern projects.<\/p>\n<p>Our company entered the market with <b>decorative polystyrene panels<\/b> and <b>facade profiles<\/b>, and later expanded its portfolio to include <b>polymer wall panels<\/b>, <b>PVC panels<\/b> and other decorative elements for interior and exterior design. The ability to correctly interpret market dynamics has allowed us to add to our offer and <b>pergola systems<\/b>, <b>guillotine glass systems<\/b>, as well as <b>fire and earthquake resistant lightweight steel houses<\/b>, modern, efficient and affordable solutions.<\/p>\n\t\t<\/div>\n\t\t<\/div><\/div><\/div><\/div><div class=\"vc_row wpb_row vc_row-fluid vc_custom_1764665819951 wd-rs-692ea917572cb\"><div class=\"wpb_column vc_column_container vc_col-sm-12\"><div class=\"vc_column-inner\"><div class=\"wpb_wrapper\">\t\t<div id=\"wd-692ea6273e1b7\" class=\"wd-text-block wd-wpb reset-last-child wd-rs-692ea6273e1b7 text-left vc_custom_1764665082053\">\n\t\t\t<p>Today, Asi Casa Design is a professional supplier of construction and design materials, recognized for its high quality standards, fast delivery capacity and advanced technical expertise. Thanks to our multilingual digital platform, we can respond promptly and efficiently to requests from Europe and around the world.<\/p>\n<p>In a short time, our company has become <b>a wholesale distribution brand with exports to all 7 continents<\/b>, consolidating its position in the international market. Asi Casa Design continues to grow through an innovative portfolio, a customer-oriented approach and a global distribution network.<\/p>\n<p>Our mission is to offer not only products, but <b>sustainable, safe and modern solutions<\/b>, becoming a trusted partner for every project. Asi Casa Design will continue to define future trends in the field of construction and interior and exterior design.<\/p>\n\t\t<\/div>\n\t\t<\/div><\/div><\/div><\/div><div class=\"vc_row wpb_row vc_row-fluid vc_custom_1711190888278 wd-rs-65feb2e83a62a\"><div class=\"wpb_column vc_column_container vc_col-sm-12 wd-rs-65feb2761a80e\"><div class=\"vc_column-inner\"><div class=\"wpb_wrapper\">\n\t\t<div id=\"wd-692ea90d29711\" class=\"title-wrapper wd-wpb set-mb-s reset-last-child  wd-rs-692ea90d29711 wd-title-color-default wd-title-style-default text-left vc_custom_1764665808269 wd-underline-colored\">\n\t\t\t\n\t\t\t<div class=\"liner-continer\">\n\t\t\t\t<h4 class=\"woodmart-title-container title  wd-font-weight- wd-fontsize-xxl\" >About our products<\/h4>\n\t\t\t\t\t\t\t<\/div>\n\t\t\t\n\t\t\t\n\t\t\t\n\t\t<\/div>\n\t\t\n\t\t\t\t<div id=\"wd-692ea900e47b5\" class=\"wd-text-block wd-wpb reset-last-child wd-rs-692ea900e47b5 text-left\">\n\t\t\t<p>Asi Casa Design SRL offers a comprehensive range of products dedicated to modern construction and design, developed to meet current requirements for durability, aesthetics and functionality. All our products are selected according to the highest quality standards, being suitable for both residential projects and professional applications.<\/p>\n<p><b>Modern and Durable Wall Panels<\/b><\/p>\n<p>Our decorative panels made of polystyrene, polymer and PVC represent the basis of the Asi Casa Design portfolio. Their light structure, high resistance and contemporary design provide an impeccable look for interiors and facades. They contribute to thermal and sound insulation, are quick to install and are available in a wide variety of models, adding value to each design project.<\/p>\n<p><b>Decorative Profiles for Facade<\/b><\/p>\n<p>Our architectural profiles transform any facade into an elegant and sophisticated element. They are weatherproof, lightweight and provide excellent durability over time. From skirting boards and frames to corner profiles and special decorative elements, these products add personality and architectural identity to modern buildings.<\/p>\n<p><b>Pergolas That Transform Outdoor Spaces into Comfort Zones<\/b><\/p>\n<p>Our pergola and glass systems allow outdoor spaces to be used in all seasons. Designed for terraces, cafes, restaurants and private homes, these solutions offer protection against rain and wind, automation options and a modern design that enhances comfort. They are premium solutions that add value to both residential and commercial environments.<\/p>\n<p><b>Lightweight Steel Houses \u2013 Safety and Durability<\/b><\/p>\n<p>Our light steel houses represent one of the most innovative segments in the Asi Casa Design portfolio. Fire and earthquake resistant structural systems, quick assembly and economic efficiency make these homes a modern and safe solution for the future. With Boardex cladding, basalt wool insulation, PVC joinery and certified construction components, we offer our customers durable, safe and compliant homes.<\/p>\n<p>Asi Casa Design continues to integrate quality, safety and aesthetics into all product lines, offering customers not just materials, but complete solutions for sustainable and modern projects.<\/p>\n\t\t<\/div>\n\t\t<\/div><\/div><\/div><\/div><div class=\"vc_row wpb_row vc_row-fluid vc_custom_1685544220957 wd-rs-64775d148231f\"><div class=\"wpb_column vc_column_container vc_col-sm-12\"><div class=\"vc_column-inner\"><div class=\"wpb_wrapper\"><div class=\"vc_row wpb_row vc_inner vc_row-fluid wd-custom-rounding vc_custom_1711555956692 vc_row-has-fill wd-rs-660445523f24c\"><div class=\"wpb_column vc_column_container vc_col-sm-12 wd-rs-646e1bcf67902\"><div class=\"vc_column-inner vc_custom_1684937686871\"><div class=\"wpb_wrapper\">\n\t\t<div id=\"wd-65feb19c27c2a\" class=\"title-wrapper wd-wpb set-mb-s reset-last-child  wd-rs-65feb19c27c2a wd-title-color-white wd-title-style-default text-center  wd-underline-colored\">\n\t\t\t\t\t\t\t<div class=\"title-subtitle  subtitle-color-white font-default subtitle-style-default wd-font-weight- wd-fontsize-xs\">Many choices of decorative polystyrene wall panels that stand the test of time<\/div>\n\t\t\t\n\t\t\t<div class=\"liner-continer\">\n\t\t\t\t<h4 class=\"woodmart-title-container title  wd-font-weight- wd-fontsize-xxl\" >Introduction video<\/h4>\n\t\t\t\t\t\t\t<\/div>\n\t\t\t\n\t\t\t\n\t\t\t\n\t\t<\/div>\n\t\t\n\t\t\t\t<div class=\"wd-el-video wd-wpb wd-rs-65feb0c931a94 wd-action-play wd-video-youtube vc_custom_1711190370678 text-center\">\n\t\t\t\n\t\t\t\n\t\t\t\t\t\t\t<a href=\"http:\/\/www.youtube.com\/watch?v=wbSFohxTYUw\" class=\"wd-el-video-btn\">\n\t\t\t\t\t<span class=\"wd-el-video-play-btn\"><\/span>\n\t\t\t\t\t\t\t\t\t<\/a>\n\t\t\t\n\t\t\t\t\t<\/div>\n\t\t<\/div><\/div><\/div><\/div><\/div><\/div><\/div><\/div>\n<\/div>","protected":false},"excerpt":{"rendered":"Cine suntem noi? Asi Casa Design SRL a fost \u00eenfiin\u021bat\u0103 \u00een anul 2024, av\u00e2nd sediul \u00een Constan\u021ba, Rom\u00e2nia, \u0219i \u0219i-a","protected":false},"author":1,"featured_media":0,"parent":0,"menu_order":0,"comment_status":"closed","ping_status":"closed","template":"","meta":{"footnotes":""},"class_list":["post-384","page","type-page","status-publish","hentry"],"_links":{"self":[{"href":"https:\/\/asicasa-design.ro\/en\/wp-json\/wp\/v2\/pages\/384","targetHints":{"allow":["GET"]}}],"collection":[{"href":"https:\/\/asicasa-design.ro\/en\/wp-json\/wp\/v2\/pages"}],"about":[{"href":"https:\/\/asicasa-design.ro\/en\/wp-json\/wp\/v2\/types\/page"}],"author":[{"embeddable":true,"href":"https:\/\/asicasa-design.ro\/en\/wp-json\/wp\/v2\/users\/1"}],"replies":[{"embeddable":true,"href":"https:\/\/asicasa-design.ro\/en\/wp-json\/wp\/v2\/comments?post=384"}],"version-history":[{"count":29,"href":"https:\/\/asicasa-design.ro\/en\/wp-json\/wp\/v2\/pages\/384\/revisions"}],"predecessor-version":[{"id":1105,"href":"https:\/\/asicasa-design.ro\/en\/wp-json\/wp\/v2\/pages\/384\/revisions\/1105"}],"wp:attachment":[{"href":"https:\/\/asicasa-design.ro\/en\/wp-json\/wp\/v2\/media?parent=384"}],"curies":[{"name":"wp","href":"https:\/\/api.w.org\/{rel}","templated":true}]}}