{"id":629,"date":"2024-04-02T08:25:26","date_gmt":"2024-04-02T08:25:26","guid":{"rendered":"https:\/\/asicasa-design.ro\/?page_id=629"},"modified":"2025-09-02T10:24:03","modified_gmt":"2025-09-02T10:24:03","slug":"pre-order-products","status":"publish","type":"page","link":"https:\/\/asicasa-design.ro\/en\/pre-order-products\/","title":{"rendered":"Pre-order products"},"content":{"rendered":"<div class=\"wpb-content-wrapper\"><div class=\"vc_row wpb_row vc_row-fluid vc_custom_1638891905007 vc_row-o-content-middle vc_row-flex wd-rs-61af817cd7ad1\"><div class=\"wpb_column vc_column_container vc_col-sm-6 wd-rs-60f82b0478de2\"><div class=\"vc_column-inner vc_custom_1626876678433\"><div class=\"wpb_wrapper\">\t\t<div id=\"wd-660bdcdbef293\" class=\"wd-image wd-wpb wd-rs-660bdcdbef293 text-left vc_custom_1712053479141\">\n\t\t\t\n\t\t\t<img loading=\"lazy\" decoding=\"async\" width=\"600\" height=\"388\" src=\"data:image\/jpg;base64,\/9j\/4AAQSkZJRgABAQEAYABgAAD\/4Q\/+RXhpZgAATU0AKgAAAAgABgESAAMAAAABAAEAAAEaAAUAAAABAAAAVgEbAAUAAAABAAAAXgEoAAMAAAABAAIAAAITAAMAAAABAAEAAIdpAAQAAAABAAAAZgAAAAAAAABgAAAAAQAAAGAAAAABAAeQAAAHAAAABDAyMjGRAQAHAAAABAECAwCgAAAHAAAABDAxMDCgAQADAAAAAQABAACgAgAEAAAAAQAAB4CgAwAEAAAAAQAABNmkBgADAAAAAQAAAAAAAAAAAAAAAAAAAAAAAAAAAAAAAAAAAAAAAAAAAAAAAAAAAAAAAAAAAAAAAAAAAAAAAAAAAAAAAAAAAAAAAAAAAAAAAAAAAAAAAAAAAAAAAAAAAAAAAAAAAAAAAAAAAAAAAAAAAAAAAAAAAAAAAAAAAAAAAAAAAAAAAAAAAAAAAAAAAAAAAAAAAAAAAAAAAAAAAAAAAAAAAAAAAAAAAAAAAAAAAAAAAAAAAAAAAAAAAAAAAAAAAAAAAAAAAAAAAAAAAAAAAAAAAAAAAAAAAAAAAAAAAAAAAAAAAAAAAAAAAAAAAAAAAAAAAAAAAAAAAAAAAAAAAAAAAAAAAAAAAAAAAAAAAAAAAAAAAAAAAAAAAAAAAAAAAAAAAAAAAAAAAAAAAAAAAAAAAAAAAAAAAAAAAAAAAAAAAAAAAAAAAAAAAAAAAAAAAAAAAAAAAAAAAAAAAAAAAAAAAAAAAAAAAAAAAAAAAAAAAAAAAAAAAAAAAAAAAAAAAAAAAAAAAAAAAAAAAAAAAAAAAAAAAAAAAAAAAAAAAAAAAAAAAAAAAAAAAAAAAAAAAAAAAAAAAAAAAAAAAAAAAAAAAAAAAAAAAAAAAAAAAAAAAAAAAAAAAAAAAAAAAAAAAAAAAAAAAAAAAAAAAAAAAAAAAAAAAAAAAAAAAAAAAAAAAAAAAAAAAAAAAAAAAAAAAAAAAAAAAAAAAAAAAAAAAAAAAAAAAAAAAAAAAAAAAAAAAAAAAAAAAAAAAAAAAAAAAAAAAAAAAAAAAAAAAAAAAAAAAAAAAAAAAAAAAAAAAAAAAAAAAAAAAAAAAAAAAAAAAAAAAAAAAAAAAAAAAAAAAAAAAAAAAAAAAAAAAAAAAAAAAAAAAAAAAAAAAAAAAAAAAAAAAAAAAAAAAAAAAAAAAAAAAAAAAAAAAAAAAAAAAAAAAAAAAAAAAAAAAAAAAAAAAAAAAAAAAAAAAAAAAAAAAAAAAAAAAAAAAAAAAAAAAAAAAAAAAAAAAAAAAAAAAAAAAAAAAAAAAAAAAAAAAAAAAAAAAAAAAAAAAAAAAAAAAAAAAAAAAAAAAAAAAAAAAAAAAAAAAAAAAAAAAAAAAAAAAAAAAAAAAAAAAAAAAAAAAAAAAAAAAAAAAAAAAAAAAAAAAAAAAAAAAAAAAAAAAAAAAAAAAAAAAAAAAAAAAAAAAAAAAAAAAAAAAAAAAAAAAAAAAAAAAAAAAAAAAAAAAAAAAAAAAAAAAAAAAAAAAAAAAAAAAAAAAAAAAAAAAAAAAAAAAAAAAAAAAAAAAAAAAAAAAAAAAAAAAAAAAAAAAAAAAAAAAAAAAAAAAAAAAAAAAAAAAAAAAAAAAAAAAAAAAAAAAAAAAAAAAAAAAAAAAAAAAAAAAAAAAAAAAAAAAAAAAAAAAAAAAAAAAAAAAAAAAAAAAAAAAAAAAAAAAAAAAAAAAAAAAAAAAAAAAAAAAAAAAAAAAAAAAAAAAAAAAAAAAAAAAAAAAAAAAAAAAAAAAAAAAAAAAAAAAAAAAAAAAAAAAAAAAAAAAAAAAAAAAAAAAAAAAAAAAAAAAAAAAAAAAAAAAAAAAAAAAAAAAAAAAAAAAAAAAAAAAAAAAAAAAAAAAAAAAAAAAAAAAAAAAAAAAAAAAAAAAAAAAAAAAAAAAAAAAAAAAAAAAAAAAAAAAAAAAAAAAAAAAAAAAAAAAAAAAAAAAAAAAAAAAAAAAAAAAAAAAAAAAAAAAAAAAAAAAAAAAAAAAAAAAAAAAAAAAAAAAAAAAAAAAAAAAAAAAAAAAAAAAAAAAAAAAAAAAAAAAAAAAAAAAAAAAAAAAAAAAAAAAAAAAAAAAAAAAAAAAAAAAAAAAAAAAAAAAAAAAAAAAAAAAAAAAAAAAAAAAAAAAAAAAAAAAAAAAAAAAAAAAAAAAAAAAAAAAAAAAAAAAAAAAAAAAAAAAAAAAAAAAAAAAAAAAAAAAAAAAAAAAAAAAAAAAAAAAAAAAAAAAAAAAAAAAAAAAAAAAAAAAAAAAAAAAAAAAAAAAAAAAAAAAAAAAAAAAAAAAAAAAAAAAAAAAAAAAAAAAAAAAAAAAAAAAAAAAAAAAAAAAAAAAAAAAAAAAAAAAAAAAAAAAAAAAAAAAAAAAAAAAAAAAAAAAAAAAAAAAAAAAAAAAAAAAAAAAAAAAAAAAAAAAAAAAAAAAAAAAAAAAAAAAAAAAAAAAAAAAAAAAAAAAAAAAAAAAAAAAAAAAAAAAAAAAAAAAAAAAAAAAAAAAAAAAAAAAAAAAAAAAAAAAAAAAAAAAAAAAAAAAAAAAAAAAAAAAAAAAAAAAAAAAAAAAAAAAAAAAAAAAAAAAAAAAAAAAAAAAAAAAAAAAAAAAAAAAAAAAAAAAAAAAAAAAAAAAAAAAAAAAAAAAAAAAAAAAAAAAAAAAAAAAAAAAAAAAAAAAAAAAAAAAAAAAAAAAAAAAAAAAAAAAAAAAAAAAAAAAAAAAAAAAAAAAAAAAAAAAAAAAAAAAAAAAAAAAAAAAAAAAAAAAAAAAAAAAAAAAAAAAAAAAAAAAAAAAAAAAAAAAAAAAAAAAAAAAAAAAAAAAAAAAAAAAAAAAAAAAAAAAAAAAAAAAAAAAAAAAAAAAAAAAAAAAAAAAAAAAAAAAAAAAAAAAAAAAAAAAAAAAAAAAAAAAAAAAAAAAAAAAAAAAAAAAAAAAAAAAAAAAAAAAAAAAAAAAAAAAAAAAAAAAAAAAAAAAAAAAAAAAAAAAAAAAAAAAAAAAAAAAAAAAAAAAAAAAAAAAAAAAAAAAAAAAAAAAAAAAAAAAAAAAAAAAAAAAAAAAAAAAAAAAAAAAAAAAAAAAAAAAAAAAAAAAAAAAAAAAAAAAAAAAAAAAAAAAAAAAAAAAAAAAAAAAAAAAAAAAAAAAAAAAAAAAAAAAAAAAAAAAAAAAAAAAAAAAAAAAAAAAAAAAAAAAAAAAAAAAAAAAAAAAAAAAAAAAAAAAAAAAAAAAAAAAAAAAAAAAAAAAAAAAAAAAAAAAAAAAAAAAAAAAAAAAAAAAAAAAAAAAAAAAAAAAAAAAAAAAAAAAAAAAAAAAAAAAAAAAAAAAAAAAAAAAAAAAAAAAAAAAAAAAAAAAAAAAAAAAAAAAAAAAAAAAAAAAAAAAAAAAAAAAAAAAAAAAAAAAAAAAAAAAAAAAAAAAAAAAAAAAAAAAAAAAAAAAAAAAAAAAAAAAAAAAAAAAAAAAAAAAAAAAAAAAAAAAAAAAAAAAAAAAAAAAAAAAAAAAAAAAAAAAAAAAAAAAAAAAAAAAAAAAAAAAAAAAAAAAAAAAAAAAAAAAAAAAAAAAAAAAAAAAAAAAAAAAAAAAAAAAAAAAAAAAAAAAAAAAAAAAAAAAAAAAAAAAAAAAAAAAAAAAAAAAAAAAAAAAAAAAAAAAAAAAAAAAAAAAAAAAAAAAAAAAAAAAAAAAAAAAAAAAAAAAAAAAAAAAAAAAAAAAAAAAAAAAAAAAAAAAAAAAAAAAAAAAAAAAAAAAAAAAAAAAAAAAAAAAAAAAAAAAAAAAAAAAAAAAAAAAAAAAAAAAAAAAAAAAAAAAAAAAAAAAAAAAAAAAAAAAAAAAAAAAAAAAAAAAAAAAAAAAAAAAAAAAAAAAAAAAAAAAAAAAAAAAAAAAAAAAAAAAAAAAAAAAAAAAAAAAAAAAAAAAAAAAAAAAAAAAAAAAAAAAAAAAAAAAAAAAAAAAAAAAAAAAAAAAAAAAAAAAAAAAAAAAAAAAAAAAAAAAAAAAAAAAAAAAAAAAAAAAAAAAAAAAAAAAAAAAAAAAAAAAAAAAAAAAAAAAAAAAAAAAAAAAAAAAAAAAAAAAAAAAAAAAAAAAAAAAAAAAAAAAAAAAAAAAAAAAAAAAAAAAAAAAAAAAAAAAAAAAAAAAAAAAAAAAAAAAAAAAAAAAAAAAAAAAAAAAAAAAAAAAAAAAAAAAAAAAAAAAAAAAAAAAAAAAAAAAAAAAAAAAAAAAAAAAAAAAAAAAAAAAAAAAAAAAAAAAAAAAAAAAAAAAAAAAAAAAAAAAAAAAAAAAAAAAAAAAAAAAAAAAAAAAAAAAAAAAAAAAAAAAAAAAAAAAAAAAAAAAAAAAAAAAAAAAAAAAAAAAAAAAAAAAAAAAAAAAAAAAAAAAAAAAAAAAAAAAAAAAAAAAAAAAAAAAAAAAAAAAAAAAAAAAAAAAAAAAAAAAAAAAAAAAAAAAAAAAAAAAAAAAAAAAAAAAAAAAAAAAAAAAAAAAAAAAAAAAAAAAAAAAAAAAAAAAAAAAAAAAAAAAAAAAAAAAAAAAAAAAAAAAAAAAAAAAAAAAAAAAAAAAAAAAAAAAAAAAAAAAAAAAAAAAAAAAAAAAAAAAAAAAAAAAAAAAAAAAAAAAAAAAAAAAAAAAAAAAAAAAAAAAAAAAAAAAAAAAAAAAAAAAAAAAAAAAAAAAAAAAAAAAAAAAAAAAAAAAAAAAAAAAAAAAAAAAAAAAAAAAAAAAAAAAAAAAAAAAAAAAAAAAAAAAAAAAAAAAAAAAAAAAAAAAAAAAAAAAAAAAAAAAAAAAAAAAAAAAAAAAAAAAAAAAAAAAAAAAAAAAAAAAAAAAAAAAAAAAAAAAAAAAAAAAAAAAAAAAAAAAAAAAAAAAAAAAAAAAAAAAAAAAAAAAAAAAAAAAAAAAAAAAAAAAAAAAAAAAAAAAAAAAAAAAAAAAAAAAAAAAAAAAAAAAAAAAAAAAAAAAAAAAAAAAAAAAAAAAAAAAAAAAAAAAAAAAAAAAAAAAAAAAAAAAAAAAAAAAAAAAAAAAAAAAAAAAAAAAAAAAAAAAAAAAAAAAAAAAAAAAAAAAAAAAAAAAAAAAAAAAAAAAAAAAAAAAAAAAAAAAAAAAAAAAAAAAAAAAAAAAAAAAAAAAAAAAAAAAAAAAAAAAAAAAAAAAAAAAAAAAAAAAAAAAAAAAAAAAAAAAAAAAAAAAAAAAAAAAAAAAAAAAAAAAAAAAAAAAAAAAAAAAAAAAAAAAAAAAAAAAAAAAAAAAAAAAAAAAAAAAAAAAAAAAAAAAAAAAAAAAAAAAAAAAAAAAAAAAAAAAAAAAAAAAAAAAAAAAAAAAAAAAAAAAAAAAAAAAAAAAAAAAAAAAAAAAAAAAAAAAAAAAAAAAAAAAAAAAAAAAAAAAAAAAAAAAAAAAAAAAAAAAAAAAAAAAAAAAAAAAAAAAAAAAAAAAAAAAAAAAAAAAAAAAAAAAAAAAAAAAAAAAAAAAAAAAAAAAAAA\/9sAQwAGBAQFBAQGBQUFBgYGBwkOCQkICAkSDQ0KDhUSFhYVEhQUFxohHBcYHxkUFB0nHR8iIyUlJRYcKSwoJCshJCUk\/8AACwgACgAQAQERAP\/EABUAAQEAAAAAAAAAAAAAAAAAAAME\/8QAJBAAAgIBAwIHAAAAAAAAAAAAAQIDEQQAIQUxBhITIiMycbP\/2gAIAQEAAD8ASWOXGXCiHJRec0jM0LOhK+o0Ap3rY6LIWQvDJNigpLdvG3hGwvpR6\/erM+KM9zcQ5jQtcgut\/i2klAONhWL9xfwGv\/\/Z\" class=\"attachment-600x388 size-600x388 wd-lazy-load wd-lazy-fade\" alt=\"Precomand\u0103 produse\" srcset=\"\" sizes=\"auto, (max-width: 600px) 100vw, 600px\" data-wood-src=\"https:\/\/asicasa-design.ro\/wp-content\/uploads\/2024\/04\/pre-order-form-600x388.jpg\" data-srcset=\"https:\/\/asicasa-design.ro\/wp-content\/uploads\/2024\/04\/pre-order-form.jpg 600w, https:\/\/asicasa-design.ro\/wp-content\/uploads\/2024\/04\/pre-order-form-150x97.jpg 150w, https:\/\/asicasa-design.ro\/wp-content\/uploads\/2024\/04\/pre-order-form-300x194.jpg 300w, https:\/\/asicasa-design.ro\/wp-content\/uploads\/2024\/04\/pre-order-form-18x12.jpg 18w\" \/>\n\t\t\t\t\t<\/div>\n\t\t<\/div><\/div><\/div><div class=\"wpb_column vc_column_container vc_col-sm-6 text-center wd-rs-60f82b7b834a6\"><div class=\"vc_column-inner\"><div class=\"wpb_wrapper\">\t\t<div id=\"wd-660bc689c552b\" class=\"wd-text-block wd-wpb reset-last-child wd-rs-660bc689c552b text-center wd-font-weight-600 wd-fontsize-custom font-primary vc_custom_1712047773655\">\n\t\t\t<p>ASICASA DESIGN<\/p>\n\t\t<\/div>\n\t\t\n\t\t<div id=\"wd-660bc7a1de9f4\" class=\"title-wrapper wd-wpb set-mb-s reset-last-child  wd-rs-660bc7a1de9f4 wd-title-color-primary wd-title-style-default text-center vc_custom_1712048070134 wd-width-enabled wd-underline-colored\" style=\"--wd-max-width: 90%;\">\n\t\t\t\n\t\t\t<div class=\"liner-continer\">\n\t\t\t\t<h4 class=\"woodmart-title-container title  wd-font-weight- wd-fontsize-xxl\" >Material pentru decorarea interioar\u0103 \u0219i exterioar\u0103 a fa\u021badelor<\/h4>\n\t\t\t\t\t\t\t<\/div>\n\t\t\t\n\t\t\t\t\t\t\t<div class=\"title-after_title  set-cont-mb-s reset-last-child  wd-fontsize-s\">Pe aceast\u0103 pagin\u0103, accept\u0103m cererile dvs. de precomand\u0103 pentru panourile noastre de perete din polistiren \u0219i produsele pentru grupul de st\u00e2lpi, care nu sunt disponibile \u00een stoc. Ne pute\u021bi trimite cererea dvs. complet\u00e2nd formularul de mai jos. V\u0103 vom reveni c\u00e2t mai cur\u00e2nd posibil.<\/div>\n\t\t\t\n\t\t\t\n\t\t<\/div>\n\t\t\n\t\t<div id=\"wd-68b6c5b1eec98\" class=\" wd-rs-68b6c5b1eec98  wd-button-wrapper text-center inline-element\"><a href=\"https:\/\/asicasa-design.ro\/wp-content\/uploads\/2025\/09\/asicasa-catalog-romana.pdf\" title=\"\" target=\"_blank\" class=\"btn btn-color-default btn-style-bordered btn-style-rectangle btn-size-default\">Vizualiza\u021bi produsele<\/a><\/div><\/div><\/div><\/div><\/div><div class=\"vc_row wpb_row vc_row-fluid vc_custom_1685544481049 wd-rs-64775e1de70ad\"><div class=\"wpb_column vc_column_container vc_col-sm-12 wd-rs-64775e98b1081\"><div class=\"vc_column-inner vc_custom_1685544613700\"><div class=\"wpb_wrapper\">\n\t\t<div id=\"wd-660bd75a50a3f\" class=\"title-wrapper wd-wpb set-mb-s reset-last-child  wd-rs-660bd75a50a3f wd-title-color-default wd-title-style-default text-left vc_custom_1712052077197 wd-underline-colored\">\n\t\t\t\n\t\t\t<div class=\"liner-continer\">\n\t\t\t\t<h4 class=\"woodmart-title-container title  wd-font-weight- wd-fontsize-xxl\" >Formular de precomand\u0103<\/h4>\n\t\t\t\t\t\t\t<\/div>\n\t\t\t\n\t\t\t\n\t\t\t\n\t\t<\/div>\n\t\t\n\t\t\n\t<div class=\"wpb_text_column wpb_content_element\" >\n\t\t<div class=\"wpb_wrapper\">\n\t\t\t<div id=\"quform-2612c1\" class=\"quform quform-2 quform-theme-light quform-support-page-caching\"><form id=\"quform-form-2612c1\" class=\"quform-form quform-form-2\" action=\"\/en\/wp-json\/wp\/v2\/pages\/629#quform-2612c1\" method=\"post\" enctype=\"multipart\/form-data\" novalidate=\"novalidate\" data-options=\"{&quot;id&quot;:2,&quot;uniqueId&quot;:&quot;2612c1&quot;,&quot;theme&quot;:&quot;light&quot;,&quot;ajax&quot;:true,&quot;logic&quot;:{&quot;logic&quot;:{&quot;29&quot;:{&quot;action&quot;:true,&quot;match&quot;:&quot;all&quot;,&quot;rules&quot;:[{&quot;elementId&quot;:&quot;18&quot;,&quot;operator&quot;:&quot;eq&quot;,&quot;optionId&quot;:&quot;5&quot;,&quot;value&quot;:&quot;Institu\\u0163ional&quot;}]}},&quot;dependents&quot;:{&quot;18&quot;:[29]},&quot;elementIds&quot;:[29],&quot;dependentElementIds&quot;:[&quot;18&quot;],&quot;animate&quot;:true},&quot;currentPageId&quot;:1,&quot;errorsIcon&quot;:&quot;&quot;,&quot;updateFancybox&quot;:true,&quot;hasPages&quot;:false,&quot;pages&quot;:[1],&quot;pageProgressType&quot;:&quot;numbers&quot;,&quot;tooltipsEnabled&quot;:true,&quot;tooltipClasses&quot;:&quot;qtip-quform-dark qtip-shadow&quot;,&quot;tooltipMy&quot;:&quot;left center&quot;,&quot;tooltipAt&quot;:&quot;right center&quot;,&quot;isRtl&quot;:false,&quot;scrollOffset&quot;:-50,&quot;scrollSpeed&quot;:800}\"><button class=\"quform-default-submit\" name=\"quform_submit\" type=\"submit\" value=\"submit\" aria-hidden=\"true\" tabindex=\"-1\"><\/button><div class=\"quform-form-inner quform-form-inner-2\"><input type=\"hidden\" name=\"quform_form_id\" value=\"2\" \/><input type=\"hidden\" name=\"quform_form_uid\" value=\"2612c1\" \/><input type=\"hidden\" name=\"quform_count\" value=\"1\" \/><input type=\"hidden\" name=\"form_url\" value=\"https:\/\/asicasa-design.ro\/en\/wp-json\/wp\/v2\/pages\/629\" \/><input type=\"hidden\" name=\"referring_url\" value=\"\" \/><input type=\"hidden\" name=\"post_id\" value=\"\" \/><input type=\"hidden\" name=\"post_title\" value=\"\" \/><input type=\"hidden\" name=\"quform_current_page_id\" value=\"1\" \/><input type=\"hidden\" name=\"quform_csrf_token\" value=\"ZTZCYdSu869rqj7SOuCkV9JAL75hH2MM46kykGWL\" \/><div class=\"quform-elements quform-elements-2 quform-cf quform-responsive-elements-phone-portrait\"><div class=\"quform-element quform-element-page quform-page-1 quform-page-2_1 quform-cf quform-group-style-plain quform-first-page quform-last-page quform-current-page\"><div class=\"quform-child-elements\"><div class=\"quform-element quform-element-name quform-element-2_4 quform-cf quform-element-optional\"><div class=\"quform-spacer\"><div class=\"quform-label quform-label-2_4\"><span class=\"quform-label-icon\"><i class=\"fa fa-user\"><\/i><\/span><label class=\"quform-label-text\" id=\"quform_2_4_2612c1_label\">Numele \u0219i Prenumele dvs<\/label><\/div><div class=\"quform-inner quform-inner-name quform-inner-2_4\"><div class=\"quform-input quform-input-name quform-input-2_4 quform-cf\"><div class=\"quform-element-row quform-2-columns quform-element-row-size-fixed quform-responsive-columns-phone-portrait\"><div class=\"quform-element-column\"><div class=\"quform-element quform-element-text quform-element-2_4_2 quform-cf quform-element-optional\"><div class=\"quform-spacer\"><div class=\"quform-inner quform-inner-text quform-inner-2_4_2\"><div class=\"quform-input quform-input-text quform-input-2_4_2 quform-cf\"><input type=\"text\" id=\"quform_2_4_2_2612c1\" name=\"quform_2_4[2]\" class=\"quform-field quform-field-text quform-field-2_4_2\" aria-labelledby=\"quform_2_4_2612c1_label quform_2_4_2_2612c1_sub_label_below\" \/><\/div><label id=\"quform_2_4_2_2612c1_sub_label_below\" class=\"quform-sub-label quform-sub-label-below\">Nume<\/label><\/div><\/div><\/div><\/div><div class=\"quform-element-column\"><div class=\"quform-element quform-element-text quform-element-2_4_4 quform-cf quform-element-optional\"><div class=\"quform-spacer\"><div class=\"quform-inner quform-inner-text quform-inner-2_4_4\"><div class=\"quform-input quform-input-text quform-input-2_4_4 quform-cf\"><input type=\"text\" id=\"quform_2_4_4_2612c1\" name=\"quform_2_4[4]\" class=\"quform-field quform-field-text quform-field-2_4_4\" aria-labelledby=\"quform_2_4_2612c1_label quform_2_4_4_2612c1_sub_label_below\" \/><\/div><label id=\"quform_2_4_4_2612c1_sub_label_below\" class=\"quform-sub-label quform-sub-label-below\">Prenumele<\/label><\/div><\/div><\/div><\/div><\/div><\/div><\/div><\/div><\/div><div class=\"quform-element quform-element-email quform-element-2_5 quform-cf quform-element-required\"><div class=\"quform-spacer\"><div class=\"quform-label quform-label-2_5\"><span class=\"quform-label-icon\"><i class=\"fa fa-envelope\"><\/i><\/span><label class=\"quform-label-text\" for=\"quform_2_5_2612c1\">Adresa de e-mail<span class=\"quform-required\">*<\/span><\/label><\/div><div class=\"quform-inner quform-inner-email quform-inner-2_5\"><div class=\"quform-input quform-input-email quform-input-2_5 quform-cf\"><input type=\"email\" id=\"quform_2_5_2612c1\" name=\"quform_2_5\" class=\"quform-field quform-field-email quform-field-2_5\" \/><\/div><\/div><\/div><\/div><div class=\"quform-element quform-element-text quform-element-2_7 quform-cf quform-element-required\"><div class=\"quform-spacer\"><div class=\"quform-label quform-label-2_7\"><span class=\"quform-label-icon\"><i class=\"fa fa-phone\"><\/i><\/span><label class=\"quform-label-text\" for=\"quform_2_7_2612c1\">Numarul tau de telefon<span class=\"quform-required\">*<\/span><\/label><\/div><div class=\"quform-inner quform-inner-text quform-inner-2_7\"><div class=\"quform-input quform-input-text quform-input-2_7 quform-cf\"><input type=\"text\" id=\"quform_2_7_2612c1\" name=\"quform_2_7\" class=\"quform-field quform-field-text quform-field-2_7\" \/><\/div><\/div><\/div><\/div><div class=\"quform-element quform-element-radio quform-element-2_18 quform-cf quform-element-required\"><div class=\"quform-spacer\"><div class=\"quform-label quform-label-2_18\"><span class=\"quform-label-icon\"><i class=\"fa fa-id-card\"><\/i><\/span><label class=\"quform-label-text\" id=\"quform_2_18_2612c1_label\">Tip de comand\u0103<span class=\"quform-required\">*<\/span><\/label><\/div><div class=\"quform-inner quform-inner-radio quform-inner-2_18\"><div class=\"quform-input quform-input-radio quform-input-2_18 quform-cf\"><div class=\"quform-options quform-cf quform-options-columns quform-2-columns quform-responsive-columns-phone-portrait quform-options-style-button quform-button-style-bootstrap quform-button-icon-left\" role=\"radiogroup\" aria-labelledby=\"quform_2_18_2612c1_label\"><div class=\"quform-option\"><input type=\"radio\" name=\"quform_2_18\" id=\"quform_2_18_2612c1_1\" class=\"quform-field quform-field-radio quform-field-2_18 quform-field-2_18_1\" value=\"Individual\u0103\" checked \/><label for=\"quform_2_18_2612c1_1\" class=\"quform-option-label quform-option-label-2_18_1\"><span class=\"quform-option-icon\"><i class=\"fa fa-circle\"><\/i><\/span><span class=\"quform-option-icon-selected\"><i class=\"fa fa-check-circle\"><\/i><\/span><span class=\"quform-option-text\">Individual\u0103<\/span><\/label><\/div><div class=\"quform-option\"><input type=\"radio\" name=\"quform_2_18\" id=\"quform_2_18_2612c1_5\" class=\"quform-field quform-field-radio quform-field-2_18 quform-field-2_18_5\" value=\"Institu\u0163ional\" \/><label for=\"quform_2_18_2612c1_5\" class=\"quform-option-label quform-option-label-2_18_5\"><span class=\"quform-option-icon\"><i class=\"fa fa-circle\"><\/i><\/span><span class=\"quform-option-icon-selected\"><i class=\"fa fa-check-circle\"><\/i><\/span><span class=\"quform-option-text\">Institu\u0163ional<\/span><\/label><\/div><\/div><\/div><\/div><\/div><\/div><div class=\"quform-element quform-element-text quform-element-2_29 quform-cf quform-element-required\"><div class=\"quform-spacer\"><div class=\"quform-label quform-label-2_29\"><label class=\"quform-label-text\" for=\"quform_2_29_2612c1\">CUI<span class=\"quform-required\">*<\/span><\/label><\/div><div class=\"quform-inner quform-inner-text quform-inner-2_29\"><div class=\"quform-input quform-input-text quform-input-2_29 quform-cf\"><input type=\"text\" id=\"quform_2_29_2612c1\" name=\"quform_2_29\" class=\"quform-field quform-field-text quform-field-2_29\" \/><\/div><\/div><\/div><\/div><div class=\"quform-element quform-element-text quform-element-2_27 quform-cf quform-element-required\"><div class=\"quform-spacer\"><div class=\"quform-label quform-label-2_27\"><span class=\"quform-label-icon\"><i class=\"fa fa-map\"><\/i><\/span><label class=\"quform-label-text\" for=\"quform_2_27_2612c1\">Adresa ta<span class=\"quform-required\">*<\/span><\/label><\/div><div class=\"quform-inner quform-inner-text quform-inner-2_27\"><div class=\"quform-input quform-input-text quform-input-2_27 quform-cf\"><input type=\"text\" id=\"quform_2_27_2612c1\" name=\"quform_2_27\" class=\"quform-field quform-field-text quform-field-2_27\" \/><\/div><\/div><\/div><\/div><div class=\"quform-element quform-element-text quform-element-2_33 quform-cf quform-element-required\"><div class=\"quform-spacer\"><div class=\"quform-label quform-label-2_33\"><span class=\"quform-label-icon\"><i class=\"fa fa-truck\"><\/i><\/span><label class=\"quform-label-text\" for=\"quform_2_33_2612c1\">Produsele pe care le solicita\u021bi<span class=\"quform-required\">*<\/span><\/label><\/div><div class=\"quform-inner quform-inner-text quform-inner-2_33\"><p class=\"quform-description quform-description-above\">Cod de stoc<\/p><div class=\"quform-input quform-input-text quform-input-2_33 quform-cf\"><input type=\"text\" id=\"quform_2_33_2612c1\" name=\"quform_2_33\" class=\"quform-field quform-field-text quform-field-2_33\" placeholder=\"De exemplu; PS-12, KS-02\" \/><\/div><p class=\"quform-description quform-description-below\"><a href=\"https:\/\/asicasa-design.ro\/wp-content\/uploads\/2024\/04\/Asicasa_Catalog.pdf\" target=\"_blank\">Face\u021bi clic pentru a revizui produsele<\/a><\/p><\/div><\/div><\/div><div class=\"quform-element quform-element-text quform-element-2_34 quform-cf quform-element-required\"><div class=\"quform-spacer\"><div class=\"quform-inner quform-inner-text quform-inner-2_34\"><p class=\"quform-description quform-description-above\">Metru<\/p><div class=\"quform-input quform-input-text quform-input-2_34 quform-cf\"><input type=\"text\" id=\"quform_2_34_2612c1\" name=\"quform_2_34\" class=\"quform-field quform-field-text quform-field-2_34\" placeholder=\"De exemplu; 10, 15\" \/><\/div><p class=\"quform-description quform-description-below\">Cantitatile le puteti scrie in functie de codurile de stoc pe care le-ati introdus mai sus.<\/p><\/div><\/div><\/div><div class=\"quform-element quform-element-textarea quform-element-2_6 quform-cf quform-element-optional\"><div class=\"quform-spacer\"><div class=\"quform-label quform-label-2_6\"><span class=\"quform-label-icon\"><i class=\"fa fa-comment\"><\/i><\/span><label class=\"quform-label-text\" for=\"quform_2_6_2612c1\">Mesajul dvs<\/label><\/div><div class=\"quform-inner quform-inner-textarea quform-inner-2_6\"><div class=\"quform-input quform-input-textarea quform-input-2_6 quform-cf\"><textarea id=\"quform_2_6_2612c1\" name=\"quform_2_6\" class=\"quform-field quform-field-textarea quform-field-2_6\"><\/textarea><\/div><\/div><\/div><\/div><div class=\"quform-element quform-element-captcha quform-element-2_20 quform-cf quform-element-required\"><div class=\"quform-spacer\"><div class=\"quform-label quform-label-2_20\"><label class=\"quform-label-text\" for=\"quform_2_20_2612c1\">V\u0103 rug\u0103m s\u0103 scrie\u021bi personajele<span class=\"quform-required\">*<\/span><\/label><\/div><div class=\"quform-inner quform-inner-captcha quform-inner-2_20\"><div class=\"quform-input quform-input-captcha quform-input-2_20 quform-cf\"><input type=\"text\" id=\"quform_2_20_2612c1\" name=\"quform_2_20\" class=\"quform-field quform-field-captcha quform-field-2_20\" \/><\/div><div class=\"quform-captcha quform-cf\"><div class=\"quform-captcha-image quform-captcha-image-2_20\"><img loading=\"lazy\" decoding=\"async\" class=\"quform-captcha-image-img\" src=\"data:image\/png;base64,iVBORw0KGgoAAAANSUhEUgAAAOYAAABQBAMAAAD\/1xTgAAAAG1BMVEX\/\/\/8iIiLj4+OsrKxZWVmQkJA9PT10dHTHx8dpd83bAAAACXBIWXMAAA7EAAAOxAGVKw4bAAADw0lEQVRoge1YS0\/bQBBOnDjZIwtp0qMjaJpjAwhyxGkFPdYNjx4xpCnHWjx6TRpB+7M7sw97d+PIG7CQKu0nIeww7DePb2YHKhUHBwcHBwcHh+fDPwksLcnD5EM5nCHdsjP0QkrflkJZo5TOrCwjsOyUwunDSUc2hk0wpK1SOAmctGlhh5l9aZykQkI6Gf\/2Duyq1ENK+uYllF58lVAJC04SQ5DUVm758KkCi9zOwWzPrgorUVM5L63Mb0BFGy\/hROl8O4w5589Cc+iTdtCwVPhKxFibGhMjDYqMsU9Glar0joQiQe315lLCauM9jhcWDRCyLoGafmGvjbQq62lqLtXaU4TRvzjJs92hjC2SE6uachb3jrcXpM9VaZ9k5ezlz0Ev5gElsgrVNeKs09bX7LnNvhOlnAMqs6fhSbgSi18BTpaa0EbxXfjlHyIQkAUTQEPJT28S52gYJX6DD+m45Zx1q9thwPJxG+CzL5xMtD4f5HTDHPuEc3ckJ2rB7moT0661y0\/Y5N\/UyLrgyPbFOFA+8lhTnAwDPy1fFR\/swoTk7PHO+ljB6uBQaejdWaUb+4YcidTLcRpXA921C5Ngbv6w2XOEacR6DqQu5GmtpckUZ0OyM+Sh\/5rZhtlkjpFzfpOQXX6gNhHwpM5ZrPXAuzAjpW2ha9tFpc5U40VKHMRoa1BzJ0j7SGL7NItVeLNjFyZcDugkUl7Lj3yjrX3mjrc8ghd3Mr3sFcOE\/nkYFZL24etcpcRcahmqcbY4JwYvUeKEMNsz8NBqb4BNhH7PXhsGJ+FZTWjOhQGhnR3z\/sUwr7ASNvvRk9EIJqfHOaO8EQg1BQP22ONjwooTe43NFIVTH9N4LnbQ8gj0sk0Thz6Eac9pxqmXJGb1nJsjsHa\/62ebpgjTgnMfeottI8p5dXNlDZl6uuaFMVA0y2YohgmuFWiI++kdaixNczUPmXqq5rIlxsItOsQm8HQ6tbizu2Lx2VGbGVdOzSph6mmYS2U6ikaC025PiMTxIICj9ENijhOunqbJ+ZROXM2Doj0hkV5FauLMzYCrB8Rxp3fL47G4B\/HlfToKC+ZQQrcCEcqm+qneFl066lfYeDXXZ29xWpxMA5HUTqRyzvU4FzjgPrMQLpePIBfT4vVbRVcsQNCCynG+1it1xnYFa8F4uNbhK9AUiWnq2fwbKC9sWZ7M+mXwMUCRrgO2989WmZC7+2Gw6ofPAV6z7U9xWf8UsEMiBH75ipziz6ly\/g9hCw87rDV7VU4IdVFKDzg4ODg4ODg4\/C\/4BwLqkjFbtraKAAAAAElFTkSuQmCC\" alt=\"CAPTCHA image\" data-element-id=\"20\" width=\"115\" height=\"40\" \/><\/div><\/div><p class=\"quform-description quform-description-below\">Acest lucru ne ajut\u0103 s\u0103 prevenim spam-ul, v\u0103 mul\u021bumim.<\/p><\/div><\/div><\/div><div class=\"quform-element quform-element-checkbox quform-element-2_19 quform-cf quform-element-required\"><div class=\"quform-spacer\"><div class=\"quform-inner quform-inner-checkbox quform-inner-2_19\"><div class=\"quform-input quform-input-checkbox quform-input-2_19 quform-cf\"><div class=\"quform-options quform-cf quform-options-block quform-options-simple\"><div class=\"quform-option\"><input type=\"checkbox\" name=\"quform_2_19[]\" id=\"quform_2_19_2612c1_1\" class=\"quform-field quform-field-checkbox quform-field-2_19 quform-field-2_19_1\" value=\"Onayl\u0131yorum\" \/><label for=\"quform_2_19_2612c1_1\" class=\"quform-option-label quform-option-label-2_19_1\"><span class=\"quform-option-text\">Am citit \u0219i aprob <a href=\"https:\/\/asicasa-design.ro\/prelucrarea-datelor-cu-caracter-personal\/\" target=\"_blank\">Politica de prelucrare a datelor cu caracter personal GDPR<\/a>.<\/span><\/label><\/div><div class=\"quform-option\"><input type=\"checkbox\" name=\"quform_2_19[]\" id=\"quform_2_19_2612c1_2\" class=\"quform-field quform-field-checkbox quform-field-2_19 quform-field-2_19_2\" value=\"Onayl\u0131yorum\" \/><label for=\"quform_2_19_2612c1_2\" class=\"quform-option-label quform-option-label-2_19_2\"><span class=\"quform-option-text\">Am citit \u0219i accept <a href=\"https:\/\/asicasa-design.ro\/termeni-si-conditii\/\" target=\"_blank\">Termenii \u0219i condi\u021biile de confiden\u021bialitate.<\/a><\/span><\/label><\/div><\/div><\/div><\/div><\/div><\/div><div class=\"quform-element quform-element-submit quform-element-2_2 quform-cf quform-button-width-small\"><div class=\"quform-button-submit quform-button-submit-default quform-button-submit-2_2 quform-button-icon-right\"><button name=\"quform_submit\" type=\"submit\" class=\"quform-submit\" value=\"submit\"><span class=\"quform-button-text quform-button-submit-text\">Send<\/span><span class=\"quform-button-icon quform-button-submit-icon\"><i class=\"qicon-send\"><\/i><\/span><\/button><\/div><div class=\"quform-loading quform-loading-position-left quform-loading-type-spinner-1\"><div class=\"quform-loading-inner\"><div class=\"quform-loading-spinner\"><div class=\"quform-loading-spinner-inner\"><\/div><\/div><\/div><\/div><\/div><div class=\"quform-element-tree\"><label for=\"quform_2_0_2612c1\">This field should be left blank<\/label><input type=\"text\" id=\"quform_2_0_2612c1\" name=\"quform_2_0\" class=\"quform-field quform-field-tree quform-field-2_0\" tabindex=\"-1\" autocomplete=\"off\" \/><\/div><\/div><\/div><\/div><\/div><\/form><\/div>\n\n\t\t<\/div>\n\t<\/div>\n<\/div><\/div><\/div><\/div>\n<\/div>","protected":false},"excerpt":{"rendered":"ASICASA DESIGN Material for interior and exterior facade decoration On this page, we accept your pre-order requests for the panels","protected":false},"author":1,"featured_media":0,"parent":0,"menu_order":0,"comment_status":"closed","ping_status":"closed","template":"","meta":{"footnotes":""},"class_list":["post-629","page","type-page","status-publish","hentry"],"_links":{"self":[{"href":"https:\/\/asicasa-design.ro\/en\/wp-json\/wp\/v2\/pages\/629","targetHints":{"allow":["GET"]}}],"collection":[{"href":"https:\/\/asicasa-design.ro\/en\/wp-json\/wp\/v2\/pages"}],"about":[{"href":"https:\/\/asicasa-design.ro\/en\/wp-json\/wp\/v2\/types\/page"}],"author":[{"embeddable":true,"href":"https:\/\/asicasa-design.ro\/en\/wp-json\/wp\/v2\/users\/1"}],"replies":[{"embeddable":true,"href":"https:\/\/asicasa-design.ro\/en\/wp-json\/wp\/v2\/comments?post=629"}],"version-history":[{"count":19,"href":"https:\/\/asicasa-design.ro\/en\/wp-json\/wp\/v2\/pages\/629\/revisions"}],"predecessor-version":[{"id":984,"href":"https:\/\/asicasa-design.ro\/en\/wp-json\/wp\/v2\/pages\/629\/revisions\/984"}],"wp:attachment":[{"href":"https:\/\/asicasa-design.ro\/en\/wp-json\/wp\/v2\/media?parent=629"}],"curies":[{"name":"wp","href":"https:\/\/api.w.org\/{rel}","templated":true}]}}